{"id":989,"date":"2019-08-20T15:38:58","date_gmt":"2019-08-20T15:38:58","guid":{"rendered":"http:\/\/wsm.syne.at\/?page_id=989"},"modified":"2019-09-13T09:17:50","modified_gmt":"2019-09-13T09:17:50","slug":"topper-klima","status":"publish","type":"page","link":"https:\/\/www.wsm-schlafsysteme.at\/?page_id=989","title":{"rendered":"Topper"},"content":{"rendered":"<p><section class=\"kc-elm kc-css-456748 kc_row\"><div class=\"kc-row-container  kc-container\"><div class=\"kc-wrap-columns\"><div class=\"kc-elm kc-css-917297 kc_col-sm-12 kc_column kc_col-sm-12\"><div class=\"kc-col-container\"><div class=\"kc-elm kc-css-406116 kc_text_block\"><\/p>\n<p><b><a href=\"http:\/\/wsm-schlafsysteme.at\/?page_id=963\">St\u00fctztopper<\/a> \u00a0 \u00a0 \u00a0 \u00a0\u00a0 <a href=\"http:\/\/wsm-schlafsysteme.at\/?page_id=977\">Kontur Topper<\/a> \u00a0 \u00a0 \u00a0 \u00a0\u00a0 Klima Topper<\/b><\/p>\n<p>\n<\/div><\/div><\/div><\/div><\/div><\/section><section class=\"kc-elm kc-css-407859 kc_row\"><div class=\"kc-row-container  kc-container\"><div class=\"kc-wrap-columns\"><div class=\"kc-elm kc-css-31279 kc_col-sm-12 kc_column kc_col-sm-12\"><div class=\"kc-col-container\"><div class=\"kc-elm kc-css-594846 kc_text_block\"><\/p>\n<p>Der speziell angefertigte und atmungsaktive Klima-Topper st\u00fctzt perfekt. Sorgt f\u00fcr ideale Feuchtigkeitsregulierung und ein angenehmes, frisches Liegegef\u00fchl auf Ihrem Luftbett.<\/p>\n<p>\n<\/div><\/div><\/div><\/div><\/div><\/section><section class=\"kc-elm kc-css-412191 kc_row\"><div class=\"kc-row-container  kc-container\"><div class=\"kc-wrap-columns\"><div class=\"kc-elm kc-css-452454 kc_col-sm-6 kc_column kc_col-sm-6\"><div class=\"kc-col-container\"><div class=\"kc-elm kc-css-804946 kc_text_block\"><\/p>\n<p><strong>Technische Daten<\/strong><\/p>\n<ul>\n<li>Kaltschaum RG 40, SH 24<\/li>\n<li>3 cm stark + 1,5 cm Abstandsgewirke<\/li>\n<li>Bezug: 100% PES<\/li>\n<\/ul>\n<p>\n<\/div><\/div><\/div><div class=\"kc-elm kc-css-400669 kc_col-sm-6 kc_column kc_col-sm-6\"><div class=\"kc-col-container\"><div class=\"kc-elm kc-css-105922 kc_shortcode kc_single_image\">\n\n        <img decoding=\"async\" src=\"https:\/\/www.wsm-schlafsysteme.at\/wp-content\/uploads\/2019\/08\/klimatopper-400x400xc.jpg\" class=\"\" alt=\"\" \/>    <\/div>\n<\/div><\/div><\/div><\/div><\/section><\/p>\n","protected":false},"excerpt":{"rendered":"","protected":false},"author":2,"featured_media":0,"parent":0,"menu_order":0,"comment_status":"closed","ping_status":"closed","template":"","meta":{"footnotes":""},"class_list":["post-989","page","type-page","status-publish","hentry"],"_links":{"self":[{"href":"https:\/\/www.wsm-schlafsysteme.at\/index.php?rest_route=\/wp\/v2\/pages\/989","targetHints":{"allow":["GET"]}}],"collection":[{"href":"https:\/\/www.wsm-schlafsysteme.at\/index.php?rest_route=\/wp\/v2\/pages"}],"about":[{"href":"https:\/\/www.wsm-schlafsysteme.at\/index.php?rest_route=\/wp\/v2\/types\/page"}],"author":[{"embeddable":true,"href":"https:\/\/www.wsm-schlafsysteme.at\/index.php?rest_route=\/wp\/v2\/users\/2"}],"replies":[{"embeddable":true,"href":"https:\/\/www.wsm-schlafsysteme.at\/index.php?rest_route=%2Fwp%2Fv2%2Fcomments&post=989"}],"version-history":[{"count":20,"href":"https:\/\/www.wsm-schlafsysteme.at\/index.php?rest_route=\/wp\/v2\/pages\/989\/revisions"}],"predecessor-version":[{"id":2304,"href":"https:\/\/www.wsm-schlafsysteme.at\/index.php?rest_route=\/wp\/v2\/pages\/989\/revisions\/2304"}],"wp:attachment":[{"href":"https:\/\/www.wsm-schlafsysteme.at\/index.php?rest_route=%2Fwp%2Fv2%2Fmedia&parent=989"}],"curies":[{"name":"wp","href":"https:\/\/api.w.org\/{rel}","templated":true}]}}