{"id":963,"date":"2019-08-20T15:29:08","date_gmt":"2019-08-20T15:29:08","guid":{"rendered":"http:\/\/wsm.syne.at\/?page_id=963"},"modified":"2019-09-13T09:16:29","modified_gmt":"2019-09-13T09:16:29","slug":"topper-stuetz","status":"publish","type":"page","link":"https:\/\/www.wsm-schlafsysteme.at\/?page_id=963","title":{"rendered":"Topper"},"content":{"rendered":"<p><section class=\"kc-elm kc-css-382028 kc_row\"><div class=\"kc-row-container  kc-container\"><div class=\"kc-wrap-columns\"><div class=\"kc-elm kc-css-659144 kc_col-sm-12 kc_column kc_col-sm-12\"><div class=\"kc-col-container\"><div class=\"kc-elm kc-css-306786 kc_text_block\"><\/p>\n<p><strong>St\u00fctztopper \u00a0 \u00a0 \u00a0 \u00a0\u00a0 <a href=\"http:\/\/wsm-schlafsysteme.at\/?page_id=977\">Kontur Topper<\/a> \u00a0 \u00a0 \u00a0 \u00a0\u00a0 <a href=\"http:\/\/wsm-schlafsysteme.at\/?page_id=989\">Klima Topper<\/a><\/strong><\/p>\n<p>\n<\/div><\/div><\/div><\/div><\/div><\/section><section class=\"kc-elm kc-css-475890 kc_row\"><div class=\"kc-row-container  kc-container\"><div class=\"kc-wrap-columns\"><div class=\"kc-elm kc-css-496002 kc_col-sm-12 kc_column kc_col-sm-12\"><div class=\"kc-col-container\"><div class=\"kc-elm kc-css-24963 kc_text_block\"><\/p>\n<p>Um Ihre Wirbels\u00e4ule optimal zu entlasten und m\u00f6glichst erholsamen Schlaf zu finden, empfehlen wir, Ihr Luftbett mit unserem St\u00fctz-Topper auszustatten. Er ist atmungsaktiv, st\u00fctz perfekt, wirkt zus\u00e4tzlich druckentlastend und \u00fcberzeugt mit guter Feuchtigkeitsregulierung.<\/p>\n<p>\n<\/div><\/div><\/div><\/div><\/div><\/section><section class=\"kc-elm kc-css-562822 kc_row\"><div class=\"kc-row-container  kc-container\"><div class=\"kc-wrap-columns\"><div class=\"kc-elm kc-css-721494 kc_col-sm-6 kc_column kc_col-sm-6\"><div class=\"kc-col-container\"><div class=\"kc-elm kc-css-459607 kc_text_block\"><\/p>\n<p><strong>Technische Daten<\/strong><\/p>\n<ul>\n<li>Kaltschaum RG 60\/SH<\/li>\n<li>4,5 cm stark genoppt<\/li>\n<li>Bezug: 100% PES<\/li>\n<\/ul>\n<p>\n<\/div><\/div><\/div><div class=\"kc-elm kc-css-106728 kc_col-sm-6 kc_column kc_col-sm-6\"><div class=\"kc-col-container\"><div class=\"kc-elm kc-css-698919 kc_shortcode kc_single_image\">\n\n        <img decoding=\"async\" src=\"https:\/\/www.wsm-schlafsysteme.at\/wp-content\/uploads\/2019\/08\/st\u00fctztopper-400x400xc.jpg\" class=\"\" alt=\"\" \/>    <\/div>\n<\/div><\/div><\/div><\/div><\/section><\/p>\n","protected":false},"excerpt":{"rendered":"","protected":false},"author":2,"featured_media":0,"parent":0,"menu_order":0,"comment_status":"closed","ping_status":"closed","template":"","meta":{"footnotes":""},"class_list":["post-963","page","type-page","status-publish","hentry"],"_links":{"self":[{"href":"https:\/\/www.wsm-schlafsysteme.at\/index.php?rest_route=\/wp\/v2\/pages\/963","targetHints":{"allow":["GET"]}}],"collection":[{"href":"https:\/\/www.wsm-schlafsysteme.at\/index.php?rest_route=\/wp\/v2\/pages"}],"about":[{"href":"https:\/\/www.wsm-schlafsysteme.at\/index.php?rest_route=\/wp\/v2\/types\/page"}],"author":[{"embeddable":true,"href":"https:\/\/www.wsm-schlafsysteme.at\/index.php?rest_route=\/wp\/v2\/users\/2"}],"replies":[{"embeddable":true,"href":"https:\/\/www.wsm-schlafsysteme.at\/index.php?rest_route=%2Fwp%2Fv2%2Fcomments&post=963"}],"version-history":[{"count":18,"href":"https:\/\/www.wsm-schlafsysteme.at\/index.php?rest_route=\/wp\/v2\/pages\/963\/revisions"}],"predecessor-version":[{"id":2300,"href":"https:\/\/www.wsm-schlafsysteme.at\/index.php?rest_route=\/wp\/v2\/pages\/963\/revisions\/2300"}],"wp:attachment":[{"href":"https:\/\/www.wsm-schlafsysteme.at\/index.php?rest_route=%2Fwp%2Fv2%2Fmedia&parent=963"}],"curies":[{"name":"wp","href":"https:\/\/api.w.org\/{rel}","templated":true}]}}