{"id":87,"date":"2019-06-25T11:54:10","date_gmt":"2019-06-25T11:54:10","guid":{"rendered":"http:\/\/wsm.syne.at\/?page_id=87"},"modified":"2019-08-21T15:58:07","modified_gmt":"2019-08-21T15:58:07","slug":"roewa","status":"publish","type":"page","link":"https:\/\/www.wsm-schlafsysteme.at\/?page_id=87","title":{"rendered":"R\u00f6wa"},"content":{"rendered":"\n<h2 class=\"wp-block-heading\">R\u00f6wa ECCO2 &#8211; Das Bettsystem nach Ma\u00df<\/h2>\n\n\n\n<h3 class=\"wp-block-heading\">Das Ma\u00df aller Dinge sind Sie<\/h3>\n\n\n\n<p>Jeder  Mensch ist individuell. Deshalb ist es das Ecco2 Bettsystem auch &#8211;  durch ma\u00dfgenaue Anpassung. Gr\u00f6\u00dfe, Gewicht, K\u00f6rperbau,  Schlafgewohnheiten. Jeder Mensch ist anders. Wichtig ist dabei die  ergonomisch richtige Liegeposition. Die Wirbels\u00e4ule muss sowohl in  Seiten- als auch in R\u00fcckenlage ihre nat\u00fcrliche Form behalten. Deshalb  wird das Ecco2 Bettsystem an den K\u00f6rper angepasst. Und zwar genau nach  Ihren pers\u00f6nlichen Ma\u00dfen.<\/p>\n\n\n\n<h3 class=\"wp-block-heading\">Das Bettsystem, das sich anpasst.<\/h3>\n\n\n\n<p>Bei Ecco2 passt alles zusammen: Die gemessenen K\u00f6rperma\u00dfe werden auf  den Lattenrost \u00fcbertragen. Die Matratze \u00fcbersetzt diese Einstellung  durch ihre besondere Geometrie und Beweglichkeit. Zusammen mit dem in  der H\u00f6he anpassbaren Nackenst\u00fctzkissen bilden diese Elemente eine  harmonische Einheit. Das Ergebnis ist ein Bettsystem, das genau der  jeweiligen Person und ihren Schlafgewohnheiten entspricht. Und es ist so  flexibel, dass es bei Ver\u00e4nderungen jederzeit neu eingestellt werden  kann.<\/p>\n\n\n\n<div class=\"wp-block-image\"><figure class=\"aligncenter\"><img loading=\"lazy\" decoding=\"async\" width=\"588\" height=\"291\" src=\"http:\/\/www.wsm-schlafsysteme.at\/wp-content\/uploads\/2019\/07\/Ecco2_System_588x291_2015_1.jpg\" alt=\"\" class=\"wp-image-268\" srcset=\"https:\/\/www.wsm-schlafsysteme.at\/wp-content\/uploads\/2019\/07\/Ecco2_System_588x291_2015_1.jpg 588w, https:\/\/www.wsm-schlafsysteme.at\/wp-content\/uploads\/2019\/07\/Ecco2_System_588x291_2015_1-350x173.jpg 350w, https:\/\/www.wsm-schlafsysteme.at\/wp-content\/uploads\/2019\/07\/Ecco2_System_588x291_2015_1-300x148.jpg 300w\" sizes=\"auto, (max-width: 588px) 100vw, 588px\" \/><figcaption>Ecco2 &#8211; das Bettsystem, das sich anpasst.<\/figcaption><\/figure><\/div>\n\n\n\n<h3 class=\"wp-block-heading\">Wir nehmen Ma\u00df &#8211; und Sie liegen besser.<\/h3>\n\n\n\n<p>Qualifizierte Ecco2-Fachh\u00e4ndler bieten einen ganz besonderen Service:  Sie nehmen Ihre pers\u00f6nlichen Ma\u00dfe auf und empfehlen Ihnen Ihr  individuelles Bettsystem. So erhalten Sie Ihr ergonomisch perfekt  eingestelltes Bett f\u00fcr einen erholsamen Schlaf.<\/p>\n\n\n\n<h3 class=\"wp-block-heading\">Komfort auf Knopfdruck.<\/h3>\n\n\n\n<p>Die R\u00f6wa Komfortrahmen erm\u00f6glichen eine individuelle Einstellung des  Kopf-, R\u00fccken-, Oberschenkel- und Unterschenkelbereichs ganz bequem auf  Knopfdruck. F\u00fcr mehr Komfort z. B. beim Lesen und Fernsehen oder zur  Entlastung bei k\u00f6rperlichen Beschwerden. Die diversen  Komforteinstellungen werden je nach Lattenrost-Modell \u00fcber einen  praktischen Handschalter oder einen kabellosen Funkhandsender  vorgenommen. <\/p>\n\n\n\n<h3 class=\"wp-block-heading\">Schlafen mit gutem Gef\u00fchl.<\/h3>\n\n\n\n<p>R\u00f6wa bietet nicht nur h\u00f6chsten Komfort bei den motorisch \nverstellbaren Lattenrosten, sondern verhindert auch die elektrische \nStrahlung im Schlafzimmer. \u00dcber die exklusiv bei R\u00f6wa erh\u00e4ltliche <a href=\"http:\/\/www.roewa.de\/fileadmin\/media\/Downloads\/Endkunden\/Zertifikate\/Zertifikate_free-elec_free-elecPlus.pdf\" target=\"_blank\" rel=\"noreferrer noopener\">free elec\u00ae Schaltung<\/a>\n wird bei Stillstand des Motors der Stromfluss unterbunden und Leitungen\n sowie Motor von elektrischen St\u00f6rfeldern befreit. Das patentierte \nSystem ist f\u00fcr alle motorisierten Ausf\u00fchrungen erh\u00e4ltlich, sodass keine \nelektromagnetischen Felder entstehen und ein gesunder, erholsamer Schlaf\n m\u00f6glich ist. <\/p>\n\n\n\n<h3 class=\"wp-block-heading\">Exklusiv: MTS biosyn\u00ae Matratzenschaum.<\/h3>\n\n\n\n<div class=\"wp-block-image\"><figure class=\"alignright\"><img loading=\"lazy\" decoding=\"async\" width=\"390\" height=\"390\" src=\"http:\/\/www.wsm-schlafsysteme.at\/wp-content\/uploads\/2019\/07\/roewa_ecco2_mts_390x390-1.jpg\" alt=\"\" class=\"wp-image-269\" srcset=\"https:\/\/www.wsm-schlafsysteme.at\/wp-content\/uploads\/2019\/07\/roewa_ecco2_mts_390x390-1.jpg 390w, https:\/\/www.wsm-schlafsysteme.at\/wp-content\/uploads\/2019\/07\/roewa_ecco2_mts_390x390-1-250x250.jpg 250w, https:\/\/www.wsm-schlafsysteme.at\/wp-content\/uploads\/2019\/07\/roewa_ecco2_mts_390x390-1-100x100.jpg 100w, https:\/\/www.wsm-schlafsysteme.at\/wp-content\/uploads\/2019\/07\/roewa_ecco2_mts_390x390-1-350x350.jpg 350w, https:\/\/www.wsm-schlafsysteme.at\/wp-content\/uploads\/2019\/07\/roewa_ecco2_mts_390x390-1-150x150.jpg 150w, https:\/\/www.wsm-schlafsysteme.at\/wp-content\/uploads\/2019\/07\/roewa_ecco2_mts_390x390-1-300x300.jpg 300w\" sizes=\"auto, (max-width: 390px) 100vw, 390px\" \/><\/figure><\/div>\n\n\n\n<p>Optimal erg\u00e4nzt wird der Lattenrost durch das Ecco2  Matratzenprogramm. Die Ecco2 Sensitive Matratzen bestehen aus MTS  biosyn\u00ae Matratzenschaum. Der R\u00f6wa MTS biosyn\u00ae Schaum ist ein exklusiv  f\u00fcr R\u00f6ssle &amp; Wanner hergestellter HR-Kaltschaum, der eine sehr hohe  Oberfl\u00e4chen-Elastizit\u00e4t sowie Druckentlastung bei gleichzeitiger  ergonomisch optimaler St\u00fctzkraft bietet. Die Oberfl\u00e4che f\u00fchlt sich  angenehm soft an und liefert zugleich eine hervorragende  K\u00f6rperunterst\u00fctzung. L\u00fcftungskan\u00e4le im Matratzenkern, kombiniert mit  einem Klimaband im Matratzenbezug, unterst\u00fctzen effektiv die  Luftzirkulation. So kann sich der K\u00f6rper im Schlaf entspannen und  regenerieren. Neben den Matratzen aus MTS biosyn\u00ae Schaum sind auch  Ausf\u00fchrungen mit hochwertigem Taschenfederkern erh\u00e4ltlich. F\u00fcr  individuelle Anforderungen stehen verschiedene Matratzenfestigkeiten und  -bez\u00fcge zur Verf\u00fcgung.<\/p>\n\n\n\n<h3 class=\"wp-block-heading\">Alles f\u00fcr einen erholsamen Schlaf.<\/h3>\n\n\n\n<p>Je besser wir liegen, desto besser erholen wir uns. Deshalb ist es  wichtig auch die Halswirbels\u00e4ule durch das Anpassen der Kissenh\u00f6he  entspannt zu lagern. Das R\u00f6wa Nackenst\u00fctzkissen ist ergonomisch geformt  und durch seinen intelligenten Aufbau in vier verschiedene H\u00f6hen  einstellbar. Richtig gut liegen ist eben Einstellungssache.<\/p>\n","protected":false},"excerpt":{"rendered":"<p>R\u00f6wa ECCO2 &#8211; Das Bettsystem nach Ma\u00df Das Ma\u00df aller Dinge sind Sie Jeder Mensch ist individuell. Deshalb ist es das Ecco2 Bettsystem auch &#8211; durch ma\u00dfgenaue Anpassung. Gr\u00f6\u00dfe, Gewicht, K\u00f6rperbau, Schlafgewohnheiten. Jeder Mensch ist anders. Wichtig ist dabei die ergonomisch richtige Liegeposition. Die Wirbels\u00e4ule muss sowohl in Seiten- als auch in R\u00fcckenlage ihre nat\u00fcrliche &hellip; <\/p>\n<p class=\"link-more\"><a href=\"https:\/\/www.wsm-schlafsysteme.at\/?page_id=87\" class=\"more-link\"><span class=\"screen-reader-text\">\u201eR\u00f6wa\u201c <\/span>weiterlesen<\/a><\/p>\n","protected":false},"author":1,"featured_media":0,"parent":0,"menu_order":0,"comment_status":"closed","ping_status":"closed","template":"","meta":{"footnotes":""},"class_list":["post-87","page","type-page","status-publish","hentry"],"_links":{"self":[{"href":"https:\/\/www.wsm-schlafsysteme.at\/index.php?rest_route=\/wp\/v2\/pages\/87","targetHints":{"allow":["GET"]}}],"collection":[{"href":"https:\/\/www.wsm-schlafsysteme.at\/index.php?rest_route=\/wp\/v2\/pages"}],"about":[{"href":"https:\/\/www.wsm-schlafsysteme.at\/index.php?rest_route=\/wp\/v2\/types\/page"}],"author":[{"embeddable":true,"href":"https:\/\/www.wsm-schlafsysteme.at\/index.php?rest_route=\/wp\/v2\/users\/1"}],"replies":[{"embeddable":true,"href":"https:\/\/www.wsm-schlafsysteme.at\/index.php?rest_route=%2Fwp%2Fv2%2Fcomments&post=87"}],"version-history":[{"count":7,"href":"https:\/\/www.wsm-schlafsysteme.at\/index.php?rest_route=\/wp\/v2\/pages\/87\/revisions"}],"predecessor-version":[{"id":1320,"href":"https:\/\/www.wsm-schlafsysteme.at\/index.php?rest_route=\/wp\/v2\/pages\/87\/revisions\/1320"}],"wp:attachment":[{"href":"https:\/\/www.wsm-schlafsysteme.at\/index.php?rest_route=%2Fwp%2Fv2%2Fmedia&parent=87"}],"curies":[{"name":"wp","href":"https:\/\/api.w.org\/{rel}","templated":true}]}}