{"id":794,"date":"2019-08-20T12:19:40","date_gmt":"2019-08-20T12:19:40","guid":{"rendered":"http:\/\/wsm.syne.at\/?page_id=794"},"modified":"2019-08-20T13:23:24","modified_gmt":"2019-08-20T13:23:24","slug":"ortho-well-app","status":"publish","type":"page","link":"https:\/\/www.wsm-schlafsysteme.at\/?page_id=794","title":{"rendered":"Ortho-Well App"},"content":{"rendered":"<p><section class=\"kc-elm kc-css-10512 kc_row\"><div class=\"kc-row-container  kc-container\"><div class=\"kc-wrap-columns\"><div class=\"kc-elm kc-css-429111 kc_col-sm-12 kc_column kc_col-sm-12\"><div class=\"kc-col-container\"><div class=\"kc-elm kc-css-898008 kc_text_block\"><\/p>\n<p>Wo klappt schnelle Tiefenentspannung besser als auf einem Luftschlafsystem mit App? Unsere Software\u00a0<em>Ortho-Well<sup>\u00ae<\/sup><\/em> f\u00fcr Smartphones und Tablets hilft Ihnen beim noch schnelleren bzw. tieferen Entspannen auf Ihrer luftgefederten Matratze \u2013 mit komfortabler Steuerung, automatischer <strong>K\u00f6rperdruckvermessung<\/strong> und verschiedenen <strong>Entspannungs-<\/strong> und <strong>Wellness-Programmen<\/strong>. Damit verwandeln Sie Ihr Schlafzimmer oder Hotelzimmer in eine intelligente Wellness-Oase.<\/p>\n<p>\n<\/div><\/div><\/div><\/div><\/div><\/section><section class=\"kc-elm kc-css-29888 kc_row\"><div class=\"kc-row-container  kc-container\"><div class=\"kc-wrap-columns\"><div class=\"kc-elm kc-css-240138 kc_col-sm-12 kc_column kc_col-sm-12\"><div class=\"kc-col-container\"><div class=\"kc-elm kc-css-580692 kc_text_block\"><\/p>\n<p><i>Ortho-Well<sup>\u00ae<\/sup><\/i> ist erh\u00e4ltlich f\u00fcr Android und iOS. Der Download ist kostenlos \u2013 die Lizenz zum Freischalten erhalten Sie von uns. <em>Ortho-Well<sup>\u00ae<\/sup><\/em> wird im Rahmen eines kontinuierlichen Verbesserungsprozesses permanent von\u00a0Dynaglobe<sup>\u00ae<\/sup> gepflegt und weiterentwickelt. <strong>Gewonnene Preise: Mittelstand Best of 2012, 2015, 2017 &amp; 2018<\/strong><\/p>\n<p>\n<\/div><\/div><\/div><\/div><\/div><\/section><section class=\"kc-elm kc-css-165551 kc_row\"><div class=\"kc-row-container  kc-container\"><div class=\"kc-wrap-columns\"><div class=\"kc-elm kc-css-29601 kc_col-sm-6 kc_column kc_col-sm-6\"><div class=\"kc-col-container\"><div class=\"kc-elm kc-css-539703 kc_text_block\"><\/p>\n<p>Sehnen Sie sich nach richtig guter Entspannung?<\/p>\n<p>Doch Sie haben zu wenig Zeit?<\/p>\n<p>Lassen Sie sich von Ihrem Luftbett und der App Ortho-Well\u00a9 verw\u00f6hnen.<\/p>\n<p>\n<\/div><div class=\"kc-elm kc-css-663598 kc_shortcode kc_single_image\">\n\n        <img decoding=\"async\" src=\"https:\/\/www.wsm-schlafsysteme.at\/wp-content\/uploads\/2019\/08\/app-250x250xc.png\" class=\"\" alt=\"\" \/>    <\/div>\n<\/div><\/div><div class=\"kc-elm kc-css-518505 kc_col-sm-6 kc_column kc_col-sm-6\"><div class=\"kc-col-container\"><div class=\"kc-elm kc-css-793105 kc_shortcode kc_single_image\">\n\n        <img decoding=\"async\" src=\"https:\/\/www.wsm-schlafsysteme.at\/wp-content\/uploads\/2019\/08\/app_dynaglobe-500x800xc.jpg\" class=\"\" alt=\"\" \/>    <\/div>\n<\/div><\/div><\/div><\/div><\/section><section class=\"kc-elm kc-css-70877 kc_row\"><div class=\"kc-row-container  kc-container\"><div class=\"kc-wrap-columns\"><div class=\"kc-elm kc-css-159531 kc_col-sm-4 kc_column kc_col-sm-4\"><div class=\"kc-col-container\"><div class=\"kc-elm kc-css-408612 kc_text_block\"><\/p>\n<ul>\n<li><strong>Schlafmodus:\u00a0<\/strong>Sobald Sie Ihren Optimalwert zum Schlafen ermittelt haben, k\u00f6nnen Sie diesen als Schlafmodus f\u00fcr Ihr Luftbett abspeichern. Der Schlafmodus ist jederzeit abruf- u. ver\u00e4nderbar.<\/li>\n<\/ul>\n<ul>\n<li><strong>Tagmodus:<\/strong> Programmieren Sie den H\u00e4rtegrad Ihres Luftbettes h\u00e4rter, um beispielsweise einen bequemeren ein- u. Ausstieg zu erm\u00f6glichen. Diesen Wert k\u00f6nnen Sie als Tagmodus abspeichern und jederzeit schnell abrufen. Im Tagmodus k\u00f6nnen Sie Ihr Luftbett auch als gute Sitzgelegenheit nutzen.<\/li>\n<\/ul>\n<ul>\n<li><strong>Relax:<\/strong> Diese Anwendung versetzt Ihren K\u00f6rper innerhalb weniger Minuten in einen tiefenentspannten Zustand. Mit Relax haben Sie die M\u00f6glichkeit, Ihre Muskulatur zu lockern und bequem in den Schlaf zu sinken bzw. zu finden. Nach einer vorher festgelegten Zeit begibt sich Ihr Luftbett automatisch in den von Ihnen eingestellten Schlafmodus.<\/li>\n<\/ul>\n<p>\n<\/div><\/div><\/div><div class=\"kc-elm kc-css-365065 kc_col-sm-4 kc_column kc_col-sm-4\"><div class=\"kc-col-container\"><div class=\"kc-elm kc-css-842249 kc_text_block\"><\/p>\n<ul>\n<li><strong>Power Napping:<\/strong> G\u00f6nnen Sie sich einen kurzen, erquickenden Mittagsschlaf zum Kraft tanken! Auch mit dem Programm Power Napping erleben Sie maximale Entspannung: Sinken Sie in Ihrem Luftbett in einen erholsamen Kurzschlaf, w\u00e4hrend Ihre Matratze langsam wieder fester wird und Sie damit allm\u00e4hlich weckt.<\/li>\n<\/ul>\n<ul>\n<li><strong>Ortho:<\/strong> Dieses sanfte Streckprogramm f\u00fcr Ihre Wirbels\u00e4ule haben wir gemeinsam mit Therapeuten zur F\u00f6rderung Ihrer R\u00fcckengesundheit entwickelt. Mit Ortho erfahren Sie eine wohltuende Streckung Ihres R\u00fcckens, bei dem Ihre Bandscheiben zu jubeln beginnen. Dies gew\u00e4hrleistet eine effektive Regeneration.<\/li>\n<\/ul>\n<p>\n<\/div><\/div><\/div><div class=\"kc-elm kc-css-763498 kc_col-sm-4 kc_column kc_col-sm-4\"><div class=\"kc-col-container\"><div class=\"kc-elm kc-css-524949 kc_text_block\"><\/p>\n<ul>\n<li><strong>Automatische Einstellung:<\/strong> Einfach, schnell und Exakt: Ortho-Well\u00a9 vermisst Sie in Ihrer Lieblingsschlafposition auf dem Luftbett, ermittelt den f\u00fcr Sie optimalen Druck Ihres Luftbettes und stellt sich automatisch auf Sie ein. Der ermittelte Wert ist automatisch im Schlafmodus gespeichert.<\/li>\n<\/ul>\n<ul>\n<li><strong>Timer:<\/strong>Kontrolliert die Festigkeit bzw. den H\u00e4rtegrad Ihres Luftbettes in einem Zeitabstand den Sie festlegen.<\/li>\n<\/ul>\n<ul>\n<li><strong>Einstellungen:<\/strong> Hier finden Sie Ihre Ger\u00e4te-ID und k\u00f6nnen u.a. Ihre Lizenznummer eingeben um das Programm freizuschalten, die Bluetooth-Verbindung kontrollieren und die Anzahl der Steuerungen einstellen.<\/li>\n<\/ul>\n<p>\n<\/div><\/div><\/div><\/div><\/div><\/section><\/p>\n","protected":false},"excerpt":{"rendered":"","protected":false},"author":2,"featured_media":0,"parent":0,"menu_order":0,"comment_status":"closed","ping_status":"closed","template":"","meta":{"footnotes":""},"class_list":["post-794","page","type-page","status-publish","hentry"],"_links":{"self":[{"href":"https:\/\/www.wsm-schlafsysteme.at\/index.php?rest_route=\/wp\/v2\/pages\/794","targetHints":{"allow":["GET"]}}],"collection":[{"href":"https:\/\/www.wsm-schlafsysteme.at\/index.php?rest_route=\/wp\/v2\/pages"}],"about":[{"href":"https:\/\/www.wsm-schlafsysteme.at\/index.php?rest_route=\/wp\/v2\/types\/page"}],"author":[{"embeddable":true,"href":"https:\/\/www.wsm-schlafsysteme.at\/index.php?rest_route=\/wp\/v2\/users\/2"}],"replies":[{"embeddable":true,"href":"https:\/\/www.wsm-schlafsysteme.at\/index.php?rest_route=%2Fwp%2Fv2%2Fcomments&post=794"}],"version-history":[{"count":65,"href":"https:\/\/www.wsm-schlafsysteme.at\/index.php?rest_route=\/wp\/v2\/pages\/794\/revisions"}],"predecessor-version":[{"id":861,"href":"https:\/\/www.wsm-schlafsysteme.at\/index.php?rest_route=\/wp\/v2\/pages\/794\/revisions\/861"}],"wp:attachment":[{"href":"https:\/\/www.wsm-schlafsysteme.at\/index.php?rest_route=%2Fwp%2Fv2%2Fmedia&parent=794"}],"curies":[{"name":"wp","href":"https:\/\/api.w.org\/{rel}","templated":true}]}}