{"id":72,"date":"2019-06-25T11:35:40","date_gmt":"2019-06-25T11:35:40","guid":{"rendered":"http:\/\/wsm.syne.at\/?page_id=72"},"modified":"2019-09-13T09:28:46","modified_gmt":"2019-09-13T09:28:46","slug":"somnus","status":"publish","type":"page","link":"https:\/\/www.wsm-schlafsysteme.at\/?page_id=72","title":{"rendered":"Somnus"},"content":{"rendered":"<section class=\"kc-elm kc-css-639149 kc_row\"><div class=\"kc-row-container  kc-container\"><div class=\"kc-wrap-columns\"><div class=\"kc-elm kc-css-989170 kc_col-sm-12 kc_column kc_col-sm-12\"><div class=\"kc-col-container\"><div class=\"kc-elm kc-css-259760 kc_text_block\"><\/p>\n<p>Somnus fertigt von Hand gearbeitete, luxuri\u00f6se Betten, die zweifelsohne die beste Wahl sind, wenn Ihnen h\u00f6chster Komfort und tiefer, wohltuender Schlaf wichtig sind. Dieses wird durch die kontinuierlichen Weiterentwicklungen von Somnus im Bereich des Federungsdesigns, der Konstruktionstechnik und der Auswahl der allerbesten, nat\u00fcrlichen \u201eHigh Performance\u201c Polsterf\u00fcllmaterialien, die \u00fcberwiegend dem hauseigenen Somnus Hof entstammen, erm\u00f6glicht.<\/p>\n<\/p>\n<div class=\"wp-block-image\">\n<figure class=\"aligncenter\"><img loading=\"lazy\" decoding=\"async\" width=\"615\" height=\"265\" class=\"wp-image-237\" src=\"http:\/\/www.wsm-schlafsysteme.at\/wp-content\/uploads\/2019\/07\/Final-v4-Imperial-180-Roma-Chic-Silver-615x2651.jpg\" alt=\"\" srcset=\"https:\/\/www.wsm-schlafsysteme.at\/wp-content\/uploads\/2019\/07\/Final-v4-Imperial-180-Roma-Chic-Silver-615x2651.jpg 615w, https:\/\/www.wsm-schlafsysteme.at\/wp-content\/uploads\/2019\/07\/Final-v4-Imperial-180-Roma-Chic-Silver-615x2651-350x151.jpg 350w, https:\/\/www.wsm-schlafsysteme.at\/wp-content\/uploads\/2019\/07\/Final-v4-Imperial-180-Roma-Chic-Silver-615x2651-300x129.jpg 300w\" sizes=\"auto, (max-width: 615px) 100vw, 615px\" \/><\/figure>\n<\/div>\n<\/p>\n<p>Diese Aspekte sind wichtiger Bestandteil der Somnus-Vision: Somnus \u00fcbernimmt die Verant- wortung f\u00fcr die Integrit\u00e4t jedes einzelnen Produktionsprozesses, und kann Ihnen somit garantieren, dass ein Somnus-Bett eine sichere Investition in langfristigen Luxus und Komfort darstellt.<\/p>\n<\/p>\n<p>Die elf Modelle der Supremacy Kollektion bieten luxuri\u00f6se, von Hand gefertigte Matratzen, mit einzigartigen, nat\u00fcrlichen F\u00fcllmischungen und dem fortgeschrittensten Federungssystem der Welt \u2013 Sensa Pocket Plus.<\/p>\n<\/p>\n<p>Alle N\u00e4hte sind handgefertigt und werden mit feinstem, belgischen Damast komplettiert, wobei gew\u00e4hlt werden kann zwischen normaler oder st\u00e4rkerer St\u00fctzung \u2013 Komfort, der auf Sie zugeschnitten ist. Gestalten Sie einen individuellen Look, indem Sie aus den Supremacy Lifestyle Optionen ausw\u00e4hlen, zum Beispiel aus einer Reihe luxuri\u00f6ser Stoffe f\u00fcr die Basis, sowie einer Auswahl unverwechselbarer Kopfbrett-Designs.<\/p>\n<\/p><\/p>\n<\/div><\/div><\/div><\/div><\/div><\/section><section class=\"kc-elm kc-css-813598 kc_row\"><div class=\"kc-row-container  kc-container\"><div class=\"kc-wrap-columns\"><div class=\"kc-elm kc-css-108992 kc_col-sm-12 kc_column kc_col-sm-12\"><div class=\"kc-col-container\"><div class=\"kc-elm kc-css-474966 kc_text_block\"><h2>Sensa Pocket Plus Federungssystem<\/h2>\n<p>Wir glauben, dass unser mehrf\u00e4cheriges Federungssystem weltweit das am h\u00f6chsten entwickelte ist, indem es erm\u00f6glicht, dass in jedes Bett der Somnus-Kollektion deutlich mehr Federn eingebaut werden k\u00f6nnen. Diese ausgezeichnete System verteilt das Gewicht des Schlafenden auf eine gr\u00f6\u00dfere Anzahl von einander unabh\u00e4ngigen Sensa Pocket Plus Federn. Bis zu 22.800 dieser Federn sorgen f\u00fcr un\u00fcbertroffene Entlastung. Beim Ambassador 22800 sind 19.800 Taschenfedern in der Matratze und 3.000 weitere im Untergestell verbaut.<\/p>\n<p>Jede Matratze wird mit der \u201eWeniger-W\u00e4lzen\u201c-Technologie hergestellt, wobei jeweils normale oder st\u00e4rkere Unterst\u00fctzung spezifiziert werden kann \u2013 Komfort, der auf Sie zugeschnitten ist.<\/p><\/p>\n<\/div><div class=\"kc-elm kc-css-382493 kc_shortcode kc_single_image\">\n\n        <img decoding=\"async\" src=\"https:\/\/www.wsm-schlafsysteme.at\/wp-content\/uploads\/2019\/07\/Somnus-Factory-e1562868060445.jpg\" class=\"\" alt=\"\" \/>    <\/div>\n<\/div><\/div><\/div><\/div><\/section><section class=\"kc-elm kc-css-435208 kc_row\"><div class=\"kc-row-container  kc-container\"><div class=\"kc-wrap-columns\"><div class=\"kc-elm kc-css-628690 kc_col-sm-12 kc_column kc_col-sm-12\"><div class=\"kc-col-container\"><div class=\"kc-elm kc-css-272297 kc_text_block\"><h2>Handgemacht<\/h2>\n<p>Der Gr\u00fcndung von Somnus liegt durch hervorragende handwerkliche Kenntnisse eine stolze Tradition von Exzellenz und Qualit\u00e4t zugrunde, die die Basis f\u00fcr die Handfertigung jedes Somnus-Bettes bilden. Traditionelle Methoden wie N\u00e4hen von Hand sowie Seitensticken verbinden die Matratzenkanten mit den Sensa Pocket Plus Federn, und so entsteht eine Matratze mit v\u00f6lliger Integrit\u00e4t, die dauerhafte, stabile Unterst\u00fctzung oder Druckverteilung von einer Seite zur anderen bietet.<\/p>\n<p>Sukzessive Verteilung von Hand wird als deutlich \u00fcberlegene Methode f\u00fcr die Verwendung nat\u00fcrlicher F\u00fcllmaterialien anerkannt, indem so die Fasern zu einzigartigen Mischungen vermengt werden, w\u00e4hrend Eigenschaften wie Atmungsf\u00e4higkeit und Frische, die f\u00fcr gesunden Schlaf so wichtig sind, erhalten bleiben.<\/p>\n<\/div><div class=\"kc-elm kc-css-175904 kc_shortcode kc_single_image\">\n\n        <img decoding=\"async\" src=\"https:\/\/www.wsm-schlafsysteme.at\/wp-content\/uploads\/2019\/07\/Hand-Side-Stitching-e1562868044550.jpg\" class=\"\" alt=\"\" \/>    <\/div>\n<\/div><\/div><\/div><\/div><\/section><section class=\"kc-elm kc-css-314300 kc_row\"><div class=\"kc-row-container  kc-container\"><div class=\"kc-wrap-columns\"><div class=\"kc-elm kc-css-666415 kc_col-sm-12 kc_column kc_col-sm-12\"><div class=\"kc-col-container\"><div class=\"kc-elm kc-css-419578 kc_text_block\"><h2>100% nat\u00fcrliche F\u00fcllmaterialien<\/h2>\n<p>Nur luxuri\u00f6s reine, nat\u00fcrliche Polsterf\u00fcllmaterialien der allerbesten Qualit\u00e4t werden von Somnus ausgew\u00e4hlt, um \u00fcberragende Level an Komfort, Atmungsf\u00e4higkeit und St\u00fctzung zu gew\u00e4hrleisten. Die Yorkshire Dales Eco Wool (\u00f6kologische Wolle), die nat\u00fcrlich widerstandsf\u00e4hig ist, wurde auf dem Somnus Hof entwickelt, wodurch die Grundlagen f\u00fcr die Strategie, wenn m\u00f6glich nur die allerbesten \u2013 \u00f6rtlich zu findenden \u2013 Materialien zu benutzen, geschaffen wurden. Von Hand gezupftes Rosshaar wird aufgrund seiner nat\u00fcrlichen Atmungsf\u00e4higkeit und Temperaturkontrolle ausgew\u00e4hlt, zusammen mit 100% reinem Hemptex, produziert auf dem Somnus Hof, sowie Makobaumwolle, Kaschmir, Angora und Seide. Kombiniert erreichen diese Materialien in jeder Somnus-Matratze genau die richtige Mischung superweicher Elastizit\u00e4t und beruhigende W\u00e4rme f\u00fcr un\u00fcbertroffenen Luxus und Komfort.<\/p>\n<figure class=\"wp-block-image\"><img loading=\"lazy\" decoding=\"async\" width=\"1024\" height=\"576\" class=\"wp-image-781 aligncenter\" src=\"http:\/\/www.wsm-schlafsysteme.at\/wp-content\/uploads\/2019\/08\/maxresdefault-1024x576.jpg\" alt=\"Naturmaterial Schafswolle hanf seide cashmire \" srcset=\"https:\/\/www.wsm-schlafsysteme.at\/wp-content\/uploads\/2019\/08\/maxresdefault-1024x576.jpg 1024w, https:\/\/www.wsm-schlafsysteme.at\/wp-content\/uploads\/2019\/08\/maxresdefault-350x197.jpg 350w, https:\/\/www.wsm-schlafsysteme.at\/wp-content\/uploads\/2019\/08\/maxresdefault-300x169.jpg 300w, https:\/\/www.wsm-schlafsysteme.at\/wp-content\/uploads\/2019\/08\/maxresdefault-768x432.jpg 768w, https:\/\/www.wsm-schlafsysteme.at\/wp-content\/uploads\/2019\/08\/maxresdefault.jpg 1280w\" sizes=\"auto, (max-width: 767px) 89vw, (max-width: 1000px) 54vw, (max-width: 1071px) 543px, 580px\" \/><\/figure>\n<\/div><\/div><\/div><\/div><\/div><\/section>","protected":false},"excerpt":{"rendered":"","protected":false},"author":1,"featured_media":0,"parent":0,"menu_order":0,"comment_status":"closed","ping_status":"closed","template":"","meta":{"footnotes":""},"class_list":["post-72","page","type-page","status-publish","hentry"],"_links":{"self":[{"href":"https:\/\/www.wsm-schlafsysteme.at\/index.php?rest_route=\/wp\/v2\/pages\/72","targetHints":{"allow":["GET"]}}],"collection":[{"href":"https:\/\/www.wsm-schlafsysteme.at\/index.php?rest_route=\/wp\/v2\/pages"}],"about":[{"href":"https:\/\/www.wsm-schlafsysteme.at\/index.php?rest_route=\/wp\/v2\/types\/page"}],"author":[{"embeddable":true,"href":"https:\/\/www.wsm-schlafsysteme.at\/index.php?rest_route=\/wp\/v2\/users\/1"}],"replies":[{"embeddable":true,"href":"https:\/\/www.wsm-schlafsysteme.at\/index.php?rest_route=%2Fwp%2Fv2%2Fcomments&post=72"}],"version-history":[{"count":24,"href":"https:\/\/www.wsm-schlafsysteme.at\/index.php?rest_route=\/wp\/v2\/pages\/72\/revisions"}],"predecessor-version":[{"id":2325,"href":"https:\/\/www.wsm-schlafsysteme.at\/index.php?rest_route=\/wp\/v2\/pages\/72\/revisions\/2325"}],"wp:attachment":[{"href":"https:\/\/www.wsm-schlafsysteme.at\/index.php?rest_route=%2Fwp%2Fv2%2Fmedia&parent=72"}],"curies":[{"name":"wp","href":"https:\/\/api.w.org\/{rel}","templated":true}]}}