{"id":67,"date":"2019-06-25T11:30:46","date_gmt":"2019-06-25T11:30:46","guid":{"rendered":"http:\/\/wsm.syne.at\/?page_id=67"},"modified":"2019-08-20T09:45:33","modified_gmt":"2019-08-20T09:45:33","slug":"luftbetten","status":"publish","type":"page","link":"https:\/\/www.wsm-schlafsysteme.at\/?page_id=67","title":{"rendered":"Was ist ein Luftbett?"},"content":{"rendered":"\n<p>Das Luftbett kann durch den modular-luftgefederten Aufbau  sehr gut an die pers\u00f6nlichen Anforderungen des Schlafenden angepasst werden. Die variable Luftfederung sorgt f\u00fcr eine ergonomisch richtige Schlafposition \u2013 die Wirbels\u00e4ule ist optimal gebettet und die R\u00fcckenmuskulatur kann sich entspannen.<\/p>\n\n\n\n<p>Das Luftkern-System erm\u00f6glicht eine beispielhafte Druckverteilung. Das Liegen wird als nahezu druckpunktfrei empfunden. Der H\u00e4rtegrad kann mittels Fernbedienung individuell kinderleicht eingestellt werden. Davon unabh\u00e4ngig bleiben Stabilit\u00e4t und Liegeposition erhalten.<\/p>\n\n\n\n<div class=\"wp-block-image\"><figure class=\"aligncenter\"><img loading=\"lazy\" decoding=\"async\" width=\"1024\" height=\"576\" src=\"http:\/\/www.wsm-schlafsysteme.at\/wp-content\/uploads\/2019\/07\/ba\u0308r-1024x576.jpg\" alt=\"\" class=\"wp-image-230\" srcset=\"https:\/\/www.wsm-schlafsysteme.at\/wp-content\/uploads\/2019\/07\/ba\u0308r-1024x576.jpg 1024w, https:\/\/www.wsm-schlafsysteme.at\/wp-content\/uploads\/2019\/07\/ba\u0308r-350x197.jpg 350w, https:\/\/www.wsm-schlafsysteme.at\/wp-content\/uploads\/2019\/07\/ba\u0308r-300x169.jpg 300w, https:\/\/www.wsm-schlafsysteme.at\/wp-content\/uploads\/2019\/07\/ba\u0308r-768x432.jpg 768w, https:\/\/www.wsm-schlafsysteme.at\/wp-content\/uploads\/2019\/07\/ba\u0308r.jpg 1280w\" sizes=\"auto, (max-width: 767px) 89vw, (max-width: 1000px) 54vw, (max-width: 1071px) 543px, 580px\" \/><figcaption>So tief Schlafen wie ein B\u00e4r.<\/figcaption><\/figure><\/div>\n\n\n\n<p style=\"text-align:center\"><strong>Gesund schlafen \u2013 eine zu harte oder zu weiche Matratze ist daf\u00fcr nicht geeignet!<\/strong><\/p>\n\n\n\n<p>Ist die Schlafunterlage zu hart, knickt die Wirbels\u00e4ule ab. Die Bandscheiben sind nachts belastet. Angespannte Muskeln f\u00fchren zu Verspannungen und R\u00fcckenschmerzen. Durch die unelastische Unterlage entstehen Druckpunkte, das Gewebe wird abgedr\u00fcckt und die Blutversorgung unterbrochen. Unruhiges Schlafen oder Einschlafen der Gliedma\u00dfen sind h\u00e4ufig die Folgen. Druckstellen im Schulter- und Ges\u00e4\u00dfbereich, rufen Schulter-, Nacken- oder Kopfschmerzen, sowie H\u00fcftschmerzen hervor.<\/p>\n\n\n\n<p>Eine zu weiche Matratze hat vergleichbare Effekte wie eine zu harte: Die Wirbels\u00e4ule knickt ab, der Druck im Schulterbereich wird durch die Verlagerung des K\u00f6rperschwerpunktes erh\u00f6ht. Schlafst\u00f6rungen, \u00e4hnlich wie bei einer zu festen Matratze, sind die Folge.<\/p>\n\n\n\n<p>Beim Luftbett liegt die Wirbels\u00e4ule gerade, eine Entspannung der R\u00fcckenmuskulatur ist gew\u00e4hrleistet. Die Bandscheiben sind entlastet und k\u00f6nnen sich regenerieren. Der H\u00fcft und Schulterbereich des Schlafsystems gibt nach. Der Druck auf die Extremit\u00e4ten wird verringert. Somit ist eine Entlastung des K\u00f6rpers gew\u00e4hrleistet. Das K\u00f6rpergewebe wird optimal durchblutet und mit N\u00e4hrfl\u00fcssigkeit versorgt.<\/p>\n\n\n\n<p>Wie darf Ihr Luftkern sein \u2013 \u00bbpur\u00ab oder \u00bbOrthoplus\u00ae\u00ab?<\/p>\n\n\n\n<p>Mit dem Herzst\u00fcck Ihres Luftbettes regulieren Sie den H\u00e4rtegrad der Matratze. Stufenlos, per Fernbedienung und individuell nach Ihren Bed\u00fcrfnissen. Gro\u00dfer Vorteil: Luft verschlei\u00dft nicht, dadurch gibt es  keine Materialerm\u00fcdung wie bei normalen Matratzen! W\u00e4hlen Sie aus zwei Versionen aus:<\/p>\n\n\n\n<ul class=\"wp-block-list\"><li><strong>Lufkern pur<\/strong><br>Absolut formstabil, v\u00f6llig geruchsneutral und gleichzeitig sehr robust \u2013  das macht den Standard absolut familientauglich! Daf\u00fcr sorgt das hochwertige Bauwoll-Kautschuk-Material und die materialschonende Verarbeitung \u2013 selbstverst\u00e4ndlich ohne Weichmacher!<\/li><li><strong>Luftkern mit Orthoplus\u00ae-Schulterzone<\/strong><br>Zus\u00e4tzlich zu den Vorteilen des Standard-Luftkerns bietet Orthoplus\u00ae einen zweigeteilten Luftkern mit einer extra Schulterzone. Dabei l\u00e4sst sich der H\u00e4rtegrad der Matratze f\u00fcr Schulter- und H\u00fcftbereich getrennt einstellen \u2013 wichtig f\u00fcr erholsamen Schlaf vor allem f\u00fcr Seitenschl\u00e4fer! Orthoplus\u00ae gibt es immer mit kabelloser Funk-Steuerung. F\u00fcr punktgenaues Einstellen ihrer Lieblingsposition ohne Aufzustehen!<\/li><\/ul>\n\n\n\n<div class=\"wp-block-image\"><figure class=\"aligncenter\"><img loading=\"lazy\" decoding=\"async\" width=\"1001\" height=\"1024\" src=\"http:\/\/www.wsm-schlafsysteme.at\/wp-content\/uploads\/2019\/08\/MatratzeExplosion-IgelmitLogo-1001x1024.png\" alt=\"Dynaglobe luftbett Schlafen Matratze Steuerung\" class=\"wp-image-505\" srcset=\"https:\/\/www.wsm-schlafsysteme.at\/wp-content\/uploads\/2019\/08\/MatratzeExplosion-IgelmitLogo-1001x1024.png 1001w, https:\/\/www.wsm-schlafsysteme.at\/wp-content\/uploads\/2019\/08\/MatratzeExplosion-IgelmitLogo-350x358.png 350w, https:\/\/www.wsm-schlafsysteme.at\/wp-content\/uploads\/2019\/08\/MatratzeExplosion-IgelmitLogo-293x300.png 293w, https:\/\/www.wsm-schlafsysteme.at\/wp-content\/uploads\/2019\/08\/MatratzeExplosion-IgelmitLogo-768x786.png 768w, https:\/\/www.wsm-schlafsysteme.at\/wp-content\/uploads\/2019\/08\/MatratzeExplosion-IgelmitLogo.png 1280w\" sizes=\"auto, (max-width: 767px) 89vw, (max-width: 1000px) 54vw, (max-width: 1071px) 543px, 580px\" \/><figcaption>Aufbau eines Luftgefederten Schlafsystems.<\/figcaption><\/figure><\/div>\n\n\n\n<h3 class=\"wp-block-heading\">Dirigieren Sie Ihr Luftbett doch wie Sie wollen!<\/h3>\n\n\n\n<ul class=\"wp-block-list\"><li>Steuerung Easy:<ul><li>Einfache Bedienung vom Bett aus<\/li><li>Stufenlos einstellbar sooft Sie wollen<\/li><li>mit Kabel<\/li><\/ul><\/li><li>Steuerung Funk:<ul><li>Farbdisply mit Speicherfunktion<\/li><li>Mehrzonen-Steuerung (Schulter- und H\u00fcftbereich) m\u00f6glich<\/li><li>Kabellos<\/li><\/ul><\/li><li>Steuerung Ortho-Well\u00ae:<ul><li>Farbdisplay mit Speicherfunktion<\/li><li>Mehrzonen-Steuerung (Schulter- und H\u00fcftbereich) m\u00f6glich<\/li><li>Kabellos, eigenes Handy als Steuerung<\/li><li>Mehrere Programm w\u00e4hlbar<\/li><\/ul><\/li><\/ul>\n\n\n\n<p>M\u00f6glich machen dies mehrere speziell entwickelte Programme in der Ortho-Well\u00ae App von der Firma Dynaglobe.<\/p>\n\n\n\n<div class=\"wp-block-image\"><figure class=\"aligncenter\"><img loading=\"lazy\" decoding=\"async\" width=\"640\" height=\"319\" src=\"http:\/\/www.wsm-schlafsysteme.at\/wp-content\/uploads\/2019\/07\/Technik.png\" alt=\"\" class=\"wp-image-232\" srcset=\"https:\/\/www.wsm-schlafsysteme.at\/wp-content\/uploads\/2019\/07\/Technik.png 640w, https:\/\/www.wsm-schlafsysteme.at\/wp-content\/uploads\/2019\/07\/Technik-350x174.png 350w, https:\/\/www.wsm-schlafsysteme.at\/wp-content\/uploads\/2019\/07\/Technik-300x150.png 300w\" sizes=\"auto, (max-width: 640px) 100vw, 640px\" \/><figcaption>Die Orth-Well App steuert Ihren Komfort.<\/figcaption><\/figure><\/div>\n","protected":false},"excerpt":{"rendered":"<p>Das Luftbett kann durch den modular-luftgefederten Aufbau sehr gut an die pers\u00f6nlichen Anforderungen des Schlafenden angepasst werden. Die variable Luftfederung sorgt f\u00fcr eine ergonomisch richtige Schlafposition \u2013 die Wirbels\u00e4ule ist optimal gebettet und die R\u00fcckenmuskulatur kann sich entspannen. Das Luftkern-System erm\u00f6glicht eine beispielhafte Druckverteilung. Das Liegen wird als nahezu druckpunktfrei empfunden. Der H\u00e4rtegrad kann mittels &hellip; <\/p>\n<p class=\"link-more\"><a href=\"https:\/\/www.wsm-schlafsysteme.at\/?page_id=67\" class=\"more-link\"><span class=\"screen-reader-text\">\u201eWas ist ein Luftbett?\u201c <\/span>weiterlesen<\/a><\/p>\n","protected":false},"author":1,"featured_media":0,"parent":0,"menu_order":0,"comment_status":"closed","ping_status":"closed","template":"","meta":{"footnotes":""},"class_list":["post-67","page","type-page","status-publish","hentry"],"_links":{"self":[{"href":"https:\/\/www.wsm-schlafsysteme.at\/index.php?rest_route=\/wp\/v2\/pages\/67","targetHints":{"allow":["GET"]}}],"collection":[{"href":"https:\/\/www.wsm-schlafsysteme.at\/index.php?rest_route=\/wp\/v2\/pages"}],"about":[{"href":"https:\/\/www.wsm-schlafsysteme.at\/index.php?rest_route=\/wp\/v2\/types\/page"}],"author":[{"embeddable":true,"href":"https:\/\/www.wsm-schlafsysteme.at\/index.php?rest_route=\/wp\/v2\/users\/1"}],"replies":[{"embeddable":true,"href":"https:\/\/www.wsm-schlafsysteme.at\/index.php?rest_route=%2Fwp%2Fv2%2Fcomments&post=67"}],"version-history":[{"count":9,"href":"https:\/\/www.wsm-schlafsysteme.at\/index.php?rest_route=\/wp\/v2\/pages\/67\/revisions"}],"predecessor-version":[{"id":756,"href":"https:\/\/www.wsm-schlafsysteme.at\/index.php?rest_route=\/wp\/v2\/pages\/67\/revisions\/756"}],"wp:attachment":[{"href":"https:\/\/www.wsm-schlafsysteme.at\/index.php?rest_route=%2Fwp%2Fv2%2Fmedia&parent=67"}],"curies":[{"name":"wp","href":"https:\/\/api.w.org\/{rel}","templated":true}]}}