{"id":628,"date":"2019-08-17T23:59:15","date_gmt":"2019-08-17T23:59:15","guid":{"rendered":"http:\/\/wsm.syne.at\/?page_id=628"},"modified":"2019-09-13T08:12:06","modified_gmt":"2019-09-13T08:12:06","slug":"matratzen-und-matratzenarten","status":"publish","type":"page","link":"https:\/\/www.wsm-schlafsysteme.at\/?page_id=628","title":{"rendered":"Matratzen und Matratzenarten"},"content":{"rendered":"<section class=\"kc-elm kc-css-347018 kc_row\"><div class=\"kc-row-container  kc-container\"><div class=\"kc-wrap-columns\"><div class=\"kc-elm kc-css-883038 kc_col-sm-12 kc_column kc_col-sm-12\"><div class=\"kc-col-container\"><div class=\"kc-elm kc-css-711332 kc_text_block\"><\/p>\n<p>Der Matratzenkern aus Schaumstoff, Latex, Naturprodukten oder Federkern wird mit meist einem Drellbezug ummantelt, der je nach Bed\u00fcrfnis mit Schafwolle, Vlies, Baumwolle, Wildseide oder auch Rosshaar versteppt ist. Bez\u00fcge von Komfortmatratzen bestehen heutzutage nur noch selten aus Drell, einem sehr festen Gewebe, sondern aus dreidimensional elastischen Stoffen wie Frottee oder (zunehmend) mehrlagigem Jersey.<\/p>\n<\/p><\/p>\n<\/div><\/div><\/div><\/div><\/div><\/section><section class=\"kc-elm kc-css-960144 kc_row\"><div class=\"kc-row-container  kc-container\"><div class=\"kc-wrap-columns\"><div class=\"kc-elm kc-css-105595 kc_col-sm-6 kc_column kc_col-sm-6\"><div class=\"kc-col-container\"><div class=\"kc-elm kc-css-353960 kc_text_block\"><p>Matratzen werden fast ausschlie\u00dflich einteilig hergestellt. Dies wurde durch die insgesamt leichteren verwendeten Materialien erm\u00f6glicht. Fr\u00fcher gab es h\u00e4ufig zwei- oder dreiteilige Matratzen, um das Wenden, L\u00fcften und Ausklopfen zu erleichtern. Da beim Entnehmen und<br \/>Wiedereinlegen der drei Matratzenteile deren Reihenfolge \u00f6fter ge\u00e4ndert wurde, nutzten sie sich zudem langsamer ab, da immer ein anderes Teil in der Mitte lag und damit der st\u00e4rksten Belastung unterworfen war. Zum Teil haben Matratzen heute eine Sommer- und eine Winterseite.<\/p>\n<\/div><\/div><\/div><div class=\"kc-elm kc-css-838472 kc_col-sm-6 kc_column kc_col-sm-6\"><div class=\"kc-col-container\"><div class=\"kc-elm kc-css-322758 kc_shortcode kc_single_image\">\n\n        <a  href=\"http:\/\/www.wsm-schlafsysteme.at\/?page_id=85\" title=\"Matratzensysteme\" target=\"_self\">\n        <img decoding=\"async\" src=\"https:\/\/www.wsm-schlafsysteme.at\/wp-content\/uploads\/2019\/07\/roewa_ecco2_mts_390x390.jpg\" class=\"\" alt=\"\" \/><div class=\"kc-image-overlay\"><i class=\"fa-plus\"><\/i><\/div>    <\/a>\n    \t    <p class=\"scapt\">Hier geht es weiter zu den einzelnen Varianten.<\/p>\n\t    <\/div>\n<\/div><\/div><\/div><\/div><\/section><section class=\"kc-elm kc-css-31703 kc_row\"><div class=\"kc-row-container  kc-container\"><div class=\"kc-wrap-columns\"><div class=\"kc-elm kc-css-238186 kc_col-sm-12 kc_column kc_col-sm-12\"><div class=\"kc-col-container\"><div class=\"kc-elm kc-css-982265 kc_text_block\"><p style=\"box-sizing: border-box;\">Das Wort Matratze kommt von dem fr\u00fch-italienischen Wort materazzo, das seinerseits auf das arabische Wort matrah (Bodenkissen) zur\u00fcckgehen soll. Vorl\u00e4ufer heutiger Matratzen gab es schon im Altertum.<\/p>\n<p style=\"box-sizing: border-box;\">\n<p style=\"box-sizing: border-box;\">\n<p style=\"box-sizing: border-box;\">Das Bett des Odysseus war nach der Homerischen \u00dcberlieferung ein vierf\u00fc\u00dfiges Rahmenwerk, bespannt mit Riemen aus purpur-schillernder Stierhaut und bedeckt mit Fellen und Teppichen, mit leinenem \u00dcberzug und wolligem Mantel als Decke. Die Griechen hatten h\u00f6lzerne Bettstellen, oft mit reich verzierten F\u00fc\u00dfen und lehnenartiger Erh\u00f6hung am Kopfende. Auf Gurten ruhten die mit Wolle oder Naturfasern gef\u00fcllten Matratzen.<\/p>\n<p style=\"box-sizing: border-box;\">\n<p style=\"box-sizing: border-box;\">\n<p style=\"box-sizing: border-box;\">Matratzen, die dem heutigen Typ nahekommen, waren zumindest in Deutschland bis in die Neuzeit purer Luxus und nur den h\u00f6heren Schichten vorbehalten und bestanden meist aus Kissen. Das gemeine Volk schlief auf mit Seegras, Schilf, Stroh oder Spreu gef\u00fcllten S\u00e4cken, auf harter Unterlage. Ab Ende des 19. Jahrhunderts wurden Matratzen, die meist von Sattlern hergestellt und oft dreiteilig waren, auch bei der b\u00fcrgerlichen Schicht popul\u00e4r. Seit dem Zweiten Weltkrieg sind die Anspr\u00fcche an Matratzen (und Lattenroste) deutlich gestiegen. Neue F\u00fcllstoffe wie Latex oder Polyurethanschaum (PUR) sind heute marktbeherrschender Standard.<\/p>\n<\/div><\/div><\/div><\/div><\/div><\/section>","protected":false},"excerpt":{"rendered":"","protected":false},"author":2,"featured_media":0,"parent":0,"menu_order":0,"comment_status":"closed","ping_status":"closed","template":"","meta":{"footnotes":""},"class_list":["post-628","page","type-page","status-publish","hentry"],"_links":{"self":[{"href":"https:\/\/www.wsm-schlafsysteme.at\/index.php?rest_route=\/wp\/v2\/pages\/628","targetHints":{"allow":["GET"]}}],"collection":[{"href":"https:\/\/www.wsm-schlafsysteme.at\/index.php?rest_route=\/wp\/v2\/pages"}],"about":[{"href":"https:\/\/www.wsm-schlafsysteme.at\/index.php?rest_route=\/wp\/v2\/types\/page"}],"author":[{"embeddable":true,"href":"https:\/\/www.wsm-schlafsysteme.at\/index.php?rest_route=\/wp\/v2\/users\/2"}],"replies":[{"embeddable":true,"href":"https:\/\/www.wsm-schlafsysteme.at\/index.php?rest_route=%2Fwp%2Fv2%2Fcomments&post=628"}],"version-history":[{"count":6,"href":"https:\/\/www.wsm-schlafsysteme.at\/index.php?rest_route=\/wp\/v2\/pages\/628\/revisions"}],"predecessor-version":[{"id":2197,"href":"https:\/\/www.wsm-schlafsysteme.at\/index.php?rest_route=\/wp\/v2\/pages\/628\/revisions\/2197"}],"wp:attachment":[{"href":"https:\/\/www.wsm-schlafsysteme.at\/index.php?rest_route=%2Fwp%2Fv2%2Fmedia&parent=628"}],"curies":[{"name":"wp","href":"https:\/\/api.w.org\/{rel}","templated":true}]}}