{"id":57,"date":"2019-06-25T11:03:53","date_gmt":"2019-06-25T11:03:53","guid":{"rendered":"http:\/\/wsm.syne.at\/?page_id=57"},"modified":"2019-09-13T08:43:37","modified_gmt":"2019-09-13T08:43:37","slug":"produkte","status":"publish","type":"page","link":"https:\/\/www.wsm-schlafsysteme.at\/?page_id=57","title":{"rendered":"Produkte"},"content":{"rendered":"<section class=\"kc-elm kc-css-866788 kc_row\"><div class=\"kc-row-container  kc-container\"><div class=\"kc-wrap-columns\"><div class=\"kc-elm kc-css-663314 kc_col-sm-12 kc_column kc_col-sm-12\"><div class=\"kc-col-container\"><div class=\"kc-elm kc-css-930731 kc_text_block\"><\/p>\n<p>Bitte verschaffen Sie sich einen \u00dcberblick \u00fcber unsere Produkte. Diese reichen von allgemeinen Bettsystemen \u00fcber Wasser- und Luftbetten, Box-Spring Betten und Matratzensytemen bis hin zu Bettwaren aller Art.<\/p><\/p>\n<\/div><\/div><\/div><\/div><\/div><\/section><section class=\"kc-elm kc-css-616378 kc_row\"><div class=\"kc-row-container  kc-container\"><div class=\"kc-wrap-columns\"><div class=\"kc-elm kc-css-447034 kc_col-sm-4 kc_column kc_col-sm-4\"><div class=\"kc-col-container\"><div class=\"kc-elm kc-css-611570 kc_shortcode kc_single_image\">\n\n        <a  href=\"http:\/\/www.wsm-schlafsysteme.at\/?page_id=1120\" title=\"Betten\" target=\"_self\">\n        <img decoding=\"async\" src=\"https:\/\/www.wsm-schlafsysteme.at\/wp-content\/uploads\/2019\/08\/wbt-1125-400x200xc.jpg\" class=\"\" alt=\"\" \/><div class=\"kc-image-overlay\"><i class=\"fa-plus\"><\/i><\/div>    <\/a>\n    \t    <p class=\"scapt\">Betten<\/p>\n\t    <\/div>\n<\/div><\/div><div class=\"kc-elm kc-css-820531 kc_col-sm-4 kc_column kc_col-sm-4\"><div class=\"kc-col-container\"><div class=\"kc-elm kc-css-376789 kc_shortcode kc_single_image\">\n\n        <a  href=\"http:\/\/www.wsm-schlafsysteme.at\/?page_id=1136\" title=\"Bettwaren\" target=\"_self\">\n        <img decoding=\"async\" src=\"https:\/\/www.wsm-schlafsysteme.at\/wp-content\/uploads\/2019\/08\/bettwaren-400x200xc.jpg\" class=\"\" alt=\"\" \/><div class=\"kc-image-overlay\"><i class=\"fa-plus\"><\/i><\/div>    <\/a>\n    \t    <p class=\"scapt\">Bettwaren<\/p>\n\t    <\/div>\n<\/div><\/div><div class=\"kc-elm kc-css-319511 kc_col-sm-4 kc_column kc_col-sm-4\"><div class=\"kc-col-container\"><div class=\"kc-elm kc-css-225936 kc_shortcode kc_single_image\">\n\n        <a  href=\"http:\/\/www.wsm-schlafsysteme.at\/?page_id=1315\" title=\"FreciousCare Innenraum-Luftreiniger\" target=\"_self\">\n        <img decoding=\"async\" src=\"https:\/\/www.wsm-schlafsysteme.at\/wp-content\/uploads\/2019\/07\/FreciousCare_489x291-400x200xc.jpg\" class=\"\" alt=\"\" \/><div class=\"kc-image-overlay\"><i class=\"fa-plus\"><\/i><\/div>    <\/a>\n    \t    <p class=\"scapt\">FreciousCare<\/p>\n\t    <\/div>\n<\/div><\/div><\/div><\/div><\/section><section class=\"kc-elm kc-css-101668 kc_row\"><div class=\"kc-row-container  kc-container\"><div class=\"kc-wrap-columns\"><div class=\"kc-elm kc-css-938086 kc_col-sm-4 kc_column kc_col-sm-4\"><div class=\"kc-col-container\"><div class=\"kc-elm kc-css-971858 kc_shortcode kc_single_image\">\n\n        <a  href=\"http:\/\/www.wsm-schlafsysteme.at\/?page_id=1331\" title=\"Pflegeprodukte\" target=\"_self\">\n        <img decoding=\"async\" src=\"https:\/\/www.wsm-schlafsysteme.at\/wp-content\/uploads\/2019\/08\/BluTimes-Wasserbetten-Pflege-Tuecher-400x200xc.jpg\" class=\"\" alt=\"\" \/><div class=\"kc-image-overlay\"><i class=\"fa-plus\"><\/i><\/div>    <\/a>\n    \t    <p class=\"scapt\">Pflegeprodukte<\/p>\n\t    <\/div>\n<\/div><\/div><div class=\"kc-elm kc-css-569048 kc_col-sm-4 kc_column kc_col-sm-4\"><div class=\"kc-col-container\"><div class=\"kc-elm kc-css-854950 kc_shortcode kc_single_image\">\n\n        <a  href=\"http:\/\/www.wsm-schlafsysteme.at\/?page_id=1464\" title=\"Ersatzteile f\u00fcr Ihr Wasserbett\" target=\"_self\">\n        <img decoding=\"async\" src=\"https:\/\/www.wsm-schlafsysteme.at\/wp-content\/uploads\/2019\/08\/Einzelteile-2.jpg\" class=\"\" alt=\"\" \/><div class=\"kc-image-overlay\"><i class=\"fa-plus\"><\/i><\/div>    <\/a>\n    \t    <p class=\"scapt\">Einzelteile<\/p>\n\t    <\/div>\n<\/div><\/div><div class=\"kc-elm kc-css-262964 kc_col-sm-4 kc_column kc_col-sm-4\"><div class=\"kc-col-container\"><\/div><\/div><\/div><\/div><\/section>","protected":false},"excerpt":{"rendered":"","protected":false},"author":1,"featured_media":0,"parent":0,"menu_order":0,"comment_status":"closed","ping_status":"closed","template":"","meta":{"footnotes":""},"class_list":["post-57","page","type-page","status-publish","hentry"],"_links":{"self":[{"href":"https:\/\/www.wsm-schlafsysteme.at\/index.php?rest_route=\/wp\/v2\/pages\/57","targetHints":{"allow":["GET"]}}],"collection":[{"href":"https:\/\/www.wsm-schlafsysteme.at\/index.php?rest_route=\/wp\/v2\/pages"}],"about":[{"href":"https:\/\/www.wsm-schlafsysteme.at\/index.php?rest_route=\/wp\/v2\/types\/page"}],"author":[{"embeddable":true,"href":"https:\/\/www.wsm-schlafsysteme.at\/index.php?rest_route=\/wp\/v2\/users\/1"}],"replies":[{"embeddable":true,"href":"https:\/\/www.wsm-schlafsysteme.at\/index.php?rest_route=%2Fwp%2Fv2%2Fcomments&post=57"}],"version-history":[{"count":46,"href":"https:\/\/www.wsm-schlafsysteme.at\/index.php?rest_route=\/wp\/v2\/pages\/57\/revisions"}],"predecessor-version":[{"id":2241,"href":"https:\/\/www.wsm-schlafsysteme.at\/index.php?rest_route=\/wp\/v2\/pages\/57\/revisions\/2241"}],"wp:attachment":[{"href":"https:\/\/www.wsm-schlafsysteme.at\/index.php?rest_route=%2Fwp%2Fv2%2Fmedia&parent=57"}],"curies":[{"name":"wp","href":"https:\/\/api.w.org\/{rel}","templated":true}]}}