{"id":54,"date":"2019-06-25T11:01:34","date_gmt":"2019-06-25T11:01:34","guid":{"rendered":"http:\/\/wsm.syne.at\/?page_id=54"},"modified":"2022-12-13T10:43:56","modified_gmt":"2022-12-13T10:43:56","slug":"herzlich-willkommen-bei-wsm-schlafsysteme","status":"publish","type":"page","link":"https:\/\/www.wsm-schlafsysteme.at\/","title":{"rendered":"Herzlich Willkommen bei WSM Schlafsysteme"},"content":{"rendered":"<section class=\"kc-elm kc-css-947046 kc_row\"><div class=\"kc-row-container  kc-container\"><div class=\"kc-wrap-columns\"><div class=\"kc-elm kc-css-599330 kc_col-sm-12 kc_column kc_col-sm-12\"><div class=\"kc-col-container\"><div class=\"kc-elm kc-css-582147 kc_text_block\"><\/p>\n<p>Das richtige Schlafsystem zu finden ist keine einfache Aufgabe und sollte gut durchdacht sein, da wir 1\/3 unseres Lebens im Bett verbringen. Um diesen Entscheidungsprozess so angenehm und leicht wie m\u00f6glich zu gestalten, bieten wir in unserem Schauraum die M\u00f6glichkeit des Probeliegens. Verschaffen Sie sich einen \u00dcberbick \u00fcber die komfortabelsten Modelle aus Wasserbetten, Luftbetten, Gelbetten, Box-Spring Betten und Matratzen.<\/p>\n<\/p>\n<p>Wir sind als Fachgesch\u00e4ft spezialisiert auf Wasserbetten und offizieller H\u00e4ndler internationaler Hersteller. In unserer Ausstellung k\u00f6nnen Sie verschiedene Produkte direkt vergleichen und erhalten eine markenunabh\u00e4ngige Beratung.<\/p><\/p>\n<\/div><\/div><\/div><\/div><\/div><\/section><section class=\"kc-elm kc-css-751012 kc_row\"><div class=\"kc-row-container  kc-container\"><div class=\"kc-wrap-columns\"><div class=\"kc-elm kc-css-175394 kc_col-sm-12 kc_column kc_col-sm-12\"><div class=\"kc-col-container\"><div class=\"kc-elm kc-css-562413 kc-animated kc-animate-eff-fadeIn kc_text_block\"><h3 style=\"text-align: center;\"><strong>Bitte beachten sie unsere neuen Gesch\u00e4ftszeiten. Diese finden sie unten, unter Anfahrt<\/strong><\/h3>\n<\/div><\/div><\/div><\/div><\/div><\/section><section class=\"kc-elm kc-css-456606 kc_row\"><div class=\"kc-row-container  kc-container\"><div class=\"kc-wrap-columns\"><div class=\"kc-elm kc-css-664812 kc_col-sm-6 kc_column kc_col-sm-6\"><div class=\"kc-col-container\"><div class=\"kc-elm kc-css-831677 kc-animated kc-animate-eff-fadeInLeft kc_shortcode kc_single_image\">\n\n        <img decoding=\"async\" src=\"https:\/\/www.wsm-schlafsysteme.at\/wp-content\/uploads\/2019\/08\/merano-615x3001-400x200xc.jpg\" class=\"\" alt=\"\" \/>    <\/div>\n<\/div><\/div><div class=\"kc-elm kc-css-932153 kc_col-sm-6 kc_column kc_col-sm-6\"><div class=\"kc-col-container\"><div class=\"kc-elm kc-css-209203 kc-animated kc-animate-eff-fadeInRight kc_shortcode kc_single_image\">\n\n        <img decoding=\"async\" src=\"https:\/\/www.wsm-schlafsysteme.at\/wp-content\/uploads\/2019\/08\/tiffany-615x3001-400x200xc.jpg\" class=\"\" alt=\"\" \/>    <\/div>\n<\/div><\/div><\/div><\/div><\/section><section class=\"kc-elm kc-css-140281 kc_row\"><div class=\"kc-row-container  kc-container\"><div class=\"kc-wrap-columns\"><div class=\"kc-elm kc-css-11555 kc_col-sm-12 kc_column kc_col-sm-12\"><div class=\"kc-col-container\"><\/div><\/div><\/div><\/div><\/section><section class=\"kc-elm kc-css-451582 kc_row\"><div class=\"kc-row-container  kc-container\"><div class=\"kc-wrap-columns\"><div class=\"kc-elm kc-css-916712 kc_col-sm-12 kc_column kc_col-sm-12\"><div class=\"kc-col-container\"><div class=\"kc-elm kc-css-740599 kc_shortcode kc_single_image\">\n\n        <img decoding=\"async\" src=\"https:\/\/www.wsm-schlafsysteme.at\/wp-content\/uploads\/2020\/02\/0-finanzierung.png\" class=\"\" alt=\"\" \/>    <\/div>\n<\/div><\/div><\/div><\/div><\/section>","protected":false},"excerpt":{"rendered":"","protected":false},"author":1,"featured_media":0,"parent":0,"menu_order":0,"comment_status":"closed","ping_status":"closed","template":"","meta":{"footnotes":""},"class_list":["post-54","page","type-page","status-publish","hentry"],"_links":{"self":[{"href":"https:\/\/www.wsm-schlafsysteme.at\/index.php?rest_route=\/wp\/v2\/pages\/54","targetHints":{"allow":["GET"]}}],"collection":[{"href":"https:\/\/www.wsm-schlafsysteme.at\/index.php?rest_route=\/wp\/v2\/pages"}],"about":[{"href":"https:\/\/www.wsm-schlafsysteme.at\/index.php?rest_route=\/wp\/v2\/types\/page"}],"author":[{"embeddable":true,"href":"https:\/\/www.wsm-schlafsysteme.at\/index.php?rest_route=\/wp\/v2\/users\/1"}],"replies":[{"embeddable":true,"href":"https:\/\/www.wsm-schlafsysteme.at\/index.php?rest_route=%2Fwp%2Fv2%2Fcomments&post=54"}],"version-history":[{"count":34,"href":"https:\/\/www.wsm-schlafsysteme.at\/index.php?rest_route=\/wp\/v2\/pages\/54\/revisions"}],"predecessor-version":[{"id":31985,"href":"https:\/\/www.wsm-schlafsysteme.at\/index.php?rest_route=\/wp\/v2\/pages\/54\/revisions\/31985"}],"wp:attachment":[{"href":"https:\/\/www.wsm-schlafsysteme.at\/index.php?rest_route=%2Fwp%2Fv2%2Fmedia&parent=54"}],"curies":[{"name":"wp","href":"https:\/\/api.w.org\/{rel}","templated":true}]}}