{"id":504,"date":"2019-08-17T22:14:04","date_gmt":"2019-08-17T22:14:04","guid":{"rendered":"http:\/\/wsm.syne.at\/?page_id=504"},"modified":"2019-09-13T08:05:26","modified_gmt":"2019-09-13T08:05:26","slug":"luftbetten-2","status":"publish","type":"page","link":"https:\/\/www.wsm-schlafsysteme.at\/?page_id=504","title":{"rendered":"Luftbetten Allgemein"},"content":{"rendered":"<p><section class=\"kc-elm kc-css-788773 kc_row\"><div class=\"kc-row-container  kc-container\"><div class=\"kc-wrap-columns\"><div class=\"kc-elm kc-css-974763 kc_col-sm-12 kc_column kc_col-sm-12\"><div class=\"kc-col-container\"><div class=\"kc-elm kc-css-562336 kc_text_block\"><\/p>\n<p>Jeder Mensch ist einzigartig: der K\u00f6rperaufbau ist individuell, zB. breitere Schultern, ein Hohlkreuz, ein niedriges oder hohes K\u00f6rpergewicht. Jeder Mensch ben\u00f6tigt ein auf ihn abgestimmtes Schlafsystem. Das Luftbett als Schlafsystem schenkt Ihnen erholsamen Schlaf. Es ist durch seine modulare Bauweise und variable Luftfederung f\u00fcr jeden Menschen geeignet.<\/p>\n<p>\n<\/div><\/div><\/div><\/div><\/div><\/section><section class=\"kc-elm kc-css-845761 kc_row\"><div class=\"kc-row-container  kc-container\"><div class=\"kc-wrap-columns\"><div class=\"kc-elm kc-css-835220 kc_col-sm-12 kc_column kc_col-sm-12\"><div class=\"kc-col-container\"><div class=\"kc-elm kc-css-760147 kc_text_block\"><\/p>\n<h3 style=\"box-sizing: border-box; line-height: 1em; padding-top: 1.5em; font-size: 1.375rem;\">Luft zum Schlafen<\/h3>\n<p style=\"box-sizing: border-box;\">Als luftgefedertes Schlafsystem werden allgemein Matratzensysteme bezeichnet, welche aus einem speziellen Schaumstoffrahmen, einem Textilbezug, einem Luftkern und einer Steuerungseinheit bestehen.\u00a0<a style=\"box-sizing: border-box; background-color: transparent; box-shadow: none;\" href=\"http:\/\/www.wsm-schlafsysteme.at\/?page_id=67\">Dynaglobe<\/a>\u00a0ist ein luftgefedertes Schlafsystem. Der einzigartige, modulare Aufbau erm\u00f6glicht eine flexible Anpassung an die Bed\u00fcrfnisse des einzelnen Schl\u00e4fers.<\/p>\n<p>\n<\/div><\/div><\/div><\/div><\/div><\/section><section class=\"kc-elm kc-css-58698 kc_row\"><div class=\"kc-row-container  kc-container\"><div class=\"kc-wrap-columns\"><div class=\"kc-elm kc-css-544785 kc_col-sm-12 kc_column kc_col-sm-12\"><div class=\"kc-col-container\"><div class=\"kc-elm kc-css-819219 kc_shortcode kc_single_image\">\n\n        <a  href=\"http:\/\/www.wsm-schlafsysteme.at\/?page_id=757\" title=\"Luftbetten\" target=\"_self\">\n        <img decoding=\"async\" src=\"https:\/\/www.wsm-schlafsysteme.at\/wp-content\/uploads\/2019\/08\/MatratzeExplosion-IgelmitLogo.png\" class=\"\" alt=\"\" \/><div class=\"kc-image-overlay\"><i class=\"fa-plus\"><\/i><\/div>    <\/a>\n    \t    <p class=\"scapt\">Hier gehts zu den Luftbetten<\/p>\n\t    <\/div>\n<\/div><\/div><\/div><\/div><\/section><\/p>\n","protected":false},"excerpt":{"rendered":"","protected":false},"author":2,"featured_media":0,"parent":0,"menu_order":0,"comment_status":"closed","ping_status":"closed","template":"","meta":{"footnotes":""},"class_list":["post-504","page","type-page","status-publish","hentry"],"_links":{"self":[{"href":"https:\/\/www.wsm-schlafsysteme.at\/index.php?rest_route=\/wp\/v2\/pages\/504","targetHints":{"allow":["GET"]}}],"collection":[{"href":"https:\/\/www.wsm-schlafsysteme.at\/index.php?rest_route=\/wp\/v2\/pages"}],"about":[{"href":"https:\/\/www.wsm-schlafsysteme.at\/index.php?rest_route=\/wp\/v2\/types\/page"}],"author":[{"embeddable":true,"href":"https:\/\/www.wsm-schlafsysteme.at\/index.php?rest_route=\/wp\/v2\/users\/2"}],"replies":[{"embeddable":true,"href":"https:\/\/www.wsm-schlafsysteme.at\/index.php?rest_route=%2Fwp%2Fv2%2Fcomments&post=504"}],"version-history":[{"count":8,"href":"https:\/\/www.wsm-schlafsysteme.at\/index.php?rest_route=\/wp\/v2\/pages\/504\/revisions"}],"predecessor-version":[{"id":2188,"href":"https:\/\/www.wsm-schlafsysteme.at\/index.php?rest_route=\/wp\/v2\/pages\/504\/revisions\/2188"}],"wp:attachment":[{"href":"https:\/\/www.wsm-schlafsysteme.at\/index.php?rest_route=%2Fwp%2Fv2%2Fmedia&parent=504"}],"curies":[{"name":"wp","href":"https:\/\/api.w.org\/{rel}","templated":true}]}}