{"id":474,"date":"2019-08-14T15:09:20","date_gmt":"2019-08-14T15:09:20","guid":{"rendered":"http:\/\/wsm.syne.at\/?page_id=474"},"modified":"2020-02-13T14:24:35","modified_gmt":"2020-02-13T14:24:35","slug":"bauenwohnen-2020","status":"publish","type":"page","link":"https:\/\/www.wsm-schlafsysteme.at\/?page_id=474","title":{"rendered":"Bauen&#038;Wohnen 2020"},"content":{"rendered":"<p><section class=\"kc-elm kc-css-108140 kc_row\"><div class=\"kc-row-container  kc-container\"><div class=\"kc-wrap-columns\"><div class=\"kc-elm kc-css-616159 kc_col-sm-12 kc_column kc_col-sm-12\"><div class=\"kc-col-container\"><div class=\"kc-elm kc-css-389809 kc_text_block\"><\/p>\n<h2>Erfolgreiche Bauen+Wohnen Salzburg 2020:<\/h2>\n<p>Vom 06. bis 9. Februar 2020 ging West\u00f6sterreichs f\u00fchrende Plattform f\u00fcr Bau-, Sanierungs- und Einrichtungsinteressierte \u00fcber die B\u00fchne.<\/p>\n<ul>\n<li><strong>480<\/strong> Aussteller aus dem In- und Ausland<\/li>\n<li><strong>31.680<\/strong> Besucher<\/li>\n<li><strong>90,8<\/strong> Prozent der Besucher sind mit der Messe insgesamt sehr zufrieden<\/li>\n<li>\u00dcberdurchschnittliche Weiterempfehlungsrate: <strong>97<\/strong> Prozent wollen die Messe weiterempfehlen<\/li>\n<li>Etwas mehr als ein Drittel (35,5 %) bezeichnete sich als Stammbesucher, zwei von f\u00fcnf besuchen die Bauen+Wohnen gelegentlich, und ein Viertel besuchte sie zum ersten Mal.<\/li>\n<\/ul>\n<p>Anschlie\u00dfend noch ein paar Impressionen zur vergangenen Messe 2020.<\/p>\n<p>\n<\/div><\/div><\/div><\/div><\/div><\/section><section class=\"kc-elm kc-css-156985 kc_row\"><div class=\"kc-row-container  kc-container\"><div class=\"kc-wrap-columns\"><div class=\"kc-elm kc-css-523649 kc_col-sm-12 kc_column kc_col-sm-12\"><div class=\"kc-col-container\"><div class=\"kc-elm kc-css-809984\">\n\t<div class=\"kc-carousel_images kc-elm kc-css-809984\">\n\t\n\t\t<div class=\"kc-carousel-images owl-carousel-images kc-sync1  owl-nav-round\" data-owl-i-options='{\"items\":\"1\",\"tablet\":\"1\",\"mobile\":\"1\",\"speed\":\"296\",\"navigation\":\"yes\",\"pagination\":\"yes\",\"autoheight\":\"\",\"progressbar\":\"\",\"delay\":\"8\",\"autoplay\":\"yes\",\"showthumb\":\"\",\"num_thumb\":\"5\"}'>\n\t\n\t\t\t\t\t<div class=\"item\">\n\t\n\t\t\t\t\t\t\t<img decoding=\"async\" src=\"https:\/\/www.wsm-schlafsysteme.at\/wp-content\/uploads\/2020\/02\/20200205_175500.jpg\"  alt=\"\"\/>\n\t\n\t\t\t\t\n\t\t\t<\/div>\n\t\n\t\t\t\t\t<div class=\"item\">\n\t\n\t\t\t\t\t\t\t<img decoding=\"async\" src=\"https:\/\/www.wsm-schlafsysteme.at\/wp-content\/uploads\/2020\/02\/20200205_175550.jpg\"  alt=\"\"\/>\n\t\n\t\t\t\t\n\t\t\t<\/div>\n\t\n\t\t\t\t\t<div class=\"item\">\n\t\n\t\t\t\t\t\t\t<img decoding=\"async\" src=\"https:\/\/www.wsm-schlafsysteme.at\/wp-content\/uploads\/2020\/02\/20200205_175544.jpg\"  alt=\"\"\/>\n\t\n\t\t\t\t\n\t\t\t<\/div>\n\t\n\t\t\t\n\t\t<\/div>\n\t\n\t\t\t<\/div>\n<\/div>\n<\/div><\/div><\/div><\/div><\/section><section class=\"kc-elm kc-css-251455 kc_row\"><div class=\"kc-row-container  kc-container\"><div class=\"kc-wrap-columns\"><div class=\"kc-elm kc-css-722363 kc_col-sm-12 kc_column kc_col-sm-12\"><div class=\"kc-col-container\"><div class=\"kc-elm kc-css-270168 kc_shortcode kc_single_image\">\n\n        <a  href=\"https:\/\/www.bauen-wohnen.co.at\/\" title=\"\" target=\"_blank\">\n        <img decoding=\"async\" src=\"https:\/\/www.wsm-schlafsysteme.at\/wp-content\/uploads\/2020\/02\/Download-1.jpg\" class=\"\" alt=\"\" \/><div class=\"kc-image-overlay\"><i class=\"fa-plus\"><\/i><\/div>    <\/a>\n    <\/div>\n<\/div><\/div><\/div><\/div><\/section><\/p>\n","protected":false},"excerpt":{"rendered":"","protected":false},"author":1,"featured_media":0,"parent":0,"menu_order":0,"comment_status":"closed","ping_status":"closed","template":"","meta":{"footnotes":""},"class_list":["post-474","page","type-page","status-publish","hentry"],"_links":{"self":[{"href":"https:\/\/www.wsm-schlafsysteme.at\/index.php?rest_route=\/wp\/v2\/pages\/474","targetHints":{"allow":["GET"]}}],"collection":[{"href":"https:\/\/www.wsm-schlafsysteme.at\/index.php?rest_route=\/wp\/v2\/pages"}],"about":[{"href":"https:\/\/www.wsm-schlafsysteme.at\/index.php?rest_route=\/wp\/v2\/types\/page"}],"author":[{"embeddable":true,"href":"https:\/\/www.wsm-schlafsysteme.at\/index.php?rest_route=\/wp\/v2\/users\/1"}],"replies":[{"embeddable":true,"href":"https:\/\/www.wsm-schlafsysteme.at\/index.php?rest_route=%2Fwp%2Fv2%2Fcomments&post=474"}],"version-history":[{"count":28,"href":"https:\/\/www.wsm-schlafsysteme.at\/index.php?rest_route=\/wp\/v2\/pages\/474\/revisions"}],"predecessor-version":[{"id":8373,"href":"https:\/\/www.wsm-schlafsysteme.at\/index.php?rest_route=\/wp\/v2\/pages\/474\/revisions\/8373"}],"wp:attachment":[{"href":"https:\/\/www.wsm-schlafsysteme.at\/index.php?rest_route=%2Fwp%2Fv2%2Fmedia&parent=474"}],"curies":[{"name":"wp","href":"https:\/\/api.w.org\/{rel}","templated":true}]}}