{"id":446,"date":"2019-08-14T14:46:10","date_gmt":"2019-08-14T14:46:10","guid":{"rendered":"http:\/\/wsm.syne.at\/?page_id=446"},"modified":"2019-08-17T23:15:15","modified_gmt":"2019-08-17T23:15:15","slug":"bauenwohnen-2019","status":"publish","type":"page","link":"https:\/\/www.wsm-schlafsysteme.at\/?page_id=446","title":{"rendered":"Bauen&#038;Wohnen 2019"},"content":{"rendered":"<section class=\"kc-elm kc-css-185838 kc_row\"><div class=\"kc-row-container  kc-container\"><div class=\"kc-wrap-columns\"><div class=\"kc-elm kc-css-398344 kc_col-sm-12 kc_column kc_col-sm-12\"><div class=\"kc-col-container\"><div class=\"kc-elm kc-css-834158 kc_text_block\"><\/p>\n<h2 class=\"wp-block-heading\">Erfolgreiche Bauen+Wohnen Salzburg 2019:<\/h2>\n<\/p>\n<p>Vom 07. bis 10. Februar 2019 ging West\u00f6sterreichs f\u00fchrende Plattform f\u00fcr Bau-, Sanierungs- und Einrichtungsinteressierte \u00fcber die B\u00fchne.<\/p>\n<\/p>\n<ul class=\"wp-block-list\">\n<li><strong>470<\/strong> Aussteller aus dem In- und Ausland<\/li>\n<li><strong>31.932<\/strong> Besucher<\/li>\n<li><strong>90,6<\/strong> Prozent der Besucher sind mit der Messe insgesamt sehr zufrieden<\/li>\n<li>\u00dcberdurchschnittliche Weiterempfehlungsrate: <strong>98,1<\/strong> Prozent wollen die Messe weiterempfehlen<\/li>\n<li>Etwas mehr als ein Drittel (35,5 %) bezeichnete sich als Stammbesucher, zwei von f\u00fcnf besuchen die Bauen+Wohnen gelegentlich, und ein Viertel besuchte sie zum ersten Mal.<\/li>\n<\/ul>\n<\/p>\n<p>Anschlie\u00dfend noch ein paar Impressionen zur vergangenen Messe 2019.<\/p>\n<\/p>\n<p class=\"wp-block-gallery-1 is-layout-flex wp-block-gallery-is-layout-flex\"><\/p>\n<\/div><div class=\"kc-elm kc-css-944699\">\n\t<div class=\"kc-carousel_images kc-elm kc-css-944699\">\n\t\n\t\t<div class=\"kc-carousel-images owl-carousel-images kc-sync1  owl-nav-round\" data-owl-i-options='{\"items\":\"4\",\"tablet\":\"2\",\"mobile\":\"1\",\"speed\":\"100\",\"navigation\":\"yes\",\"pagination\":\"yes\",\"autoheight\":\"yes\",\"progressbar\":\"\",\"delay\":\"8\",\"autoplay\":\"yes\",\"showthumb\":\"\",\"num_thumb\":\"5\"}'>\n\t\n\t\t\t\t\t<div class=\"item\">\n\t\n\t\t\t<a class=\"kc-image-link kc-pretty-photo\" data-lightbox=\"kc-lightbox\" rel=\"prettyPhoto[944699]\" href=\"https:\/\/www.wsm-schlafsysteme.at\/wp-content\/uploads\/2019\/08\/bauen-und-wohnen-2019.jpg\"><img decoding=\"async\" src=\"https:\/\/www.wsm-schlafsysteme.at\/wp-content\/uploads\/2019\/08\/bauen-und-wohnen-2019-300x114.jpg\" alt=\"\" \/><\/a>\t\n\t\t\t<\/div>\n\t\n\t\t\t\t\t<div class=\"item\">\n\t\n\t\t\t<a class=\"kc-image-link kc-pretty-photo\" data-lightbox=\"kc-lightbox\" rel=\"prettyPhoto[944699]\" href=\"https:\/\/www.wsm-schlafsysteme.at\/wp-content\/uploads\/2019\/08\/51206931_2084144991628681_3458370261592571904_n.jpg\"><img decoding=\"async\" src=\"https:\/\/www.wsm-schlafsysteme.at\/wp-content\/uploads\/2019\/08\/51206931_2084144991628681_3458370261592571904_n-300x225.jpg\" alt=\"\" \/><\/a>\t\n\t\t\t<\/div>\n\t\n\t\t\t\t\t<div class=\"item\">\n\t\n\t\t\t<a class=\"kc-image-link kc-pretty-photo\" data-lightbox=\"kc-lightbox\" rel=\"prettyPhoto[944699]\" href=\"https:\/\/www.wsm-schlafsysteme.at\/wp-content\/uploads\/2019\/08\/51440150_2084144941628686_2506308537580257280_n.jpg\"><img decoding=\"async\" src=\"https:\/\/www.wsm-schlafsysteme.at\/wp-content\/uploads\/2019\/08\/51440150_2084144941628686_2506308537580257280_n-225x300.jpg\" alt=\"\" \/><\/a>\t\n\t\t\t<\/div>\n\t\n\t\t\t\t\t<div class=\"item\">\n\t\n\t\t\t<a class=\"kc-image-link kc-pretty-photo\" data-lightbox=\"kc-lightbox\" rel=\"prettyPhoto[944699]\" href=\"https:\/\/www.wsm-schlafsysteme.at\/wp-content\/uploads\/2019\/08\/51454910_2082615731781607_5321292092641640448_n.jpg\"><img decoding=\"async\" src=\"https:\/\/www.wsm-schlafsysteme.at\/wp-content\/uploads\/2019\/08\/51454910_2082615731781607_5321292092641640448_n-300x225.jpg\" alt=\"\" \/><\/a>\t\n\t\t\t<\/div>\n\t\n\t\t\t\t\t<div class=\"item\">\n\t\n\t\t\t<a class=\"kc-image-link kc-pretty-photo\" data-lightbox=\"kc-lightbox\" rel=\"prettyPhoto[944699]\" href=\"https:\/\/www.wsm-schlafsysteme.at\/wp-content\/uploads\/2019\/08\/51489590_2082615778448269_9216085732211294208_n.jpg\"><img decoding=\"async\" src=\"https:\/\/www.wsm-schlafsysteme.at\/wp-content\/uploads\/2019\/08\/51489590_2082615778448269_9216085732211294208_n-300x225.jpg\" alt=\"\" \/><\/a>\t\n\t\t\t<\/div>\n\t\n\t\t\t\t\t<div class=\"item\">\n\t\n\t\t\t<a class=\"kc-image-link kc-pretty-photo\" data-lightbox=\"kc-lightbox\" rel=\"prettyPhoto[944699]\" href=\"https:\/\/www.wsm-schlafsysteme.at\/wp-content\/uploads\/2019\/08\/51604127_2084145154961998_8132324307855474688_n.jpg\"><img decoding=\"async\" src=\"https:\/\/www.wsm-schlafsysteme.at\/wp-content\/uploads\/2019\/08\/51604127_2084145154961998_8132324307855474688_n-300x225.jpg\" alt=\"\" \/><\/a>\t\n\t\t\t<\/div>\n\t\n\t\t\t\t\t<div class=\"item\">\n\t\n\t\t\t<a class=\"kc-image-link kc-pretty-photo\" data-lightbox=\"kc-lightbox\" rel=\"prettyPhoto[944699]\" href=\"https:\/\/www.wsm-schlafsysteme.at\/wp-content\/uploads\/2019\/08\/51709386_2082615755114938_5940720969084567552_n.jpg\"><img decoding=\"async\" src=\"https:\/\/www.wsm-schlafsysteme.at\/wp-content\/uploads\/2019\/08\/51709386_2082615755114938_5940720969084567552_n-300x225.jpg\" alt=\"\" \/><\/a>\t\n\t\t\t<\/div>\n\t\n\t\t\t\t\t<div class=\"item\">\n\t\n\t\t\t<a class=\"kc-image-link kc-pretty-photo\" data-lightbox=\"kc-lightbox\" rel=\"prettyPhoto[944699]\" href=\"https:\/\/www.wsm-schlafsysteme.at\/wp-content\/uploads\/2019\/08\/51713666_2084144811628699_3591888274995544064_n.jpg\"><img decoding=\"async\" src=\"https:\/\/www.wsm-schlafsysteme.at\/wp-content\/uploads\/2019\/08\/51713666_2084144811628699_3591888274995544064_n-225x300.jpg\" alt=\"\" \/><\/a>\t\n\t\t\t<\/div>\n\t\n\t\t\t\t\t<div class=\"item\">\n\t\n\t\t\t<a class=\"kc-image-link kc-pretty-photo\" data-lightbox=\"kc-lightbox\" rel=\"prettyPhoto[944699]\" href=\"https:\/\/www.wsm-schlafsysteme.at\/wp-content\/uploads\/2019\/08\/51729455_2084145088295338_2648659267191570432_n.jpg\"><img decoding=\"async\" src=\"https:\/\/www.wsm-schlafsysteme.at\/wp-content\/uploads\/2019\/08\/51729455_2084145088295338_2648659267191570432_n-225x300.jpg\" alt=\"\" \/><\/a>\t\n\t\t\t<\/div>\n\t\n\t\t\t\t\t<div class=\"item\">\n\t\n\t\t\t<a class=\"kc-image-link kc-pretty-photo\" data-lightbox=\"kc-lightbox\" rel=\"prettyPhoto[944699]\" href=\"https:\/\/www.wsm-schlafsysteme.at\/wp-content\/uploads\/2019\/08\/51835843_2084145054962008_5543393020545597440_n.jpg\"><img decoding=\"async\" src=\"https:\/\/www.wsm-schlafsysteme.at\/wp-content\/uploads\/2019\/08\/51835843_2084145054962008_5543393020545597440_n-225x300.jpg\" alt=\"\" \/><\/a>\t\n\t\t\t<\/div>\n\t\n\t\t\t\t\t<div class=\"item\">\n\t\n\t\t\t<a class=\"kc-image-link kc-pretty-photo\" data-lightbox=\"kc-lightbox\" rel=\"prettyPhoto[944699]\" href=\"https:\/\/www.wsm-schlafsysteme.at\/wp-content\/uploads\/2019\/08\/51944623_2084145114962002_1514765253685018624_n.jpg\"><img decoding=\"async\" src=\"https:\/\/www.wsm-schlafsysteme.at\/wp-content\/uploads\/2019\/08\/51944623_2084145114962002_1514765253685018624_n-225x300.jpg\" alt=\"\" \/><\/a>\t\n\t\t\t<\/div>\n\t\n\t\t\t\t\t<div class=\"item\">\n\t\n\t\t\t<a class=\"kc-image-link kc-pretty-photo\" data-lightbox=\"kc-lightbox\" rel=\"prettyPhoto[944699]\" href=\"https:\/\/www.wsm-schlafsysteme.at\/wp-content\/uploads\/2019\/08\/51996528_2084144901628690_4740921193522003968_n.jpg\"><img decoding=\"async\" src=\"https:\/\/www.wsm-schlafsysteme.at\/wp-content\/uploads\/2019\/08\/51996528_2084144901628690_4740921193522003968_n-300x225.jpg\" alt=\"\" \/><\/a>\t\n\t\t\t<\/div>\n\t\n\t\t\t\t\t<div class=\"item\">\n\t\n\t\t\t<a class=\"kc-image-link kc-pretty-photo\" data-lightbox=\"kc-lightbox\" rel=\"prettyPhoto[944699]\" href=\"https:\/\/www.wsm-schlafsysteme.at\/wp-content\/uploads\/2019\/08\/52283863_2084145021628678_1572324837722947584_n.jpg\"><img decoding=\"async\" src=\"https:\/\/www.wsm-schlafsysteme.at\/wp-content\/uploads\/2019\/08\/52283863_2084145021628678_1572324837722947584_n-225x300.jpg\" alt=\"\" \/><\/a>\t\n\t\t\t<\/div>\n\t\n\t\t\t\t\t<div class=\"item\">\n\t\n\t\t\t<a class=\"kc-image-link kc-pretty-photo\" data-lightbox=\"kc-lightbox\" rel=\"prettyPhoto[944699]\" href=\"https:\/\/www.wsm-schlafsysteme.at\/wp-content\/uploads\/2019\/08\/51604127_2084145154961998_8132324307855474688_n-1.jpg\"><img decoding=\"async\" src=\"https:\/\/www.wsm-schlafsysteme.at\/wp-content\/uploads\/2019\/08\/51604127_2084145154961998_8132324307855474688_n-1-300x225.jpg\" alt=\"\" \/><\/a>\t\n\t\t\t<\/div>\n\t\n\t\t\t\n\t\t<\/div>\n\t\n\t\t\t<\/div>\n<\/div>\n<div class=\"kc-elm kc-css-295778 kc_text_block\"><p>Wir bedanken uns bei allen Besuchern auf unseren St\u00e4nden in der\u00a0<strong>Halle 1 Stand 0109<\/strong>\u00a0sowie der\u00a0<strong>Halle 6 Stand 0524<\/strong>! Und w\u00fcnschen euch ein gutes Gelingen bei euren Projekten dieses Jahr und freuen uns auf die n\u00e4chste Bauen+Wohnen Salzburg mit Ihnen!\u00a0<br \/>SAVE THE DATE: 06. bis 09. Februar 2020, Messezentrum Salzburg<\/p>\n<\/div><\/div><\/div><\/div><\/div><\/section><section class=\"kc-elm kc-css-960320 kc_row\"><div class=\"kc-row-container  kc-container\"><div class=\"kc-wrap-columns\"><div class=\"kc-elm kc-css-657520 kc_col-sm-12 kc_column kc_col-sm-12\"><div class=\"kc-col-container\"><\/div><\/div><\/div><\/div><\/section>","protected":false},"excerpt":{"rendered":"","protected":false},"author":1,"featured_media":0,"parent":0,"menu_order":0,"comment_status":"closed","ping_status":"closed","template":"","meta":{"footnotes":""},"class_list":["post-446","page","type-page","status-publish","hentry"],"_links":{"self":[{"href":"https:\/\/www.wsm-schlafsysteme.at\/index.php?rest_route=\/wp\/v2\/pages\/446","targetHints":{"allow":["GET"]}}],"collection":[{"href":"https:\/\/www.wsm-schlafsysteme.at\/index.php?rest_route=\/wp\/v2\/pages"}],"about":[{"href":"https:\/\/www.wsm-schlafsysteme.at\/index.php?rest_route=\/wp\/v2\/types\/page"}],"author":[{"embeddable":true,"href":"https:\/\/www.wsm-schlafsysteme.at\/index.php?rest_route=\/wp\/v2\/users\/1"}],"replies":[{"embeddable":true,"href":"https:\/\/www.wsm-schlafsysteme.at\/index.php?rest_route=%2Fwp%2Fv2%2Fcomments&post=446"}],"version-history":[{"count":18,"href":"https:\/\/www.wsm-schlafsysteme.at\/index.php?rest_route=\/wp\/v2\/pages\/446\/revisions"}],"predecessor-version":[{"id":570,"href":"https:\/\/www.wsm-schlafsysteme.at\/index.php?rest_route=\/wp\/v2\/pages\/446\/revisions\/570"}],"wp:attachment":[{"href":"https:\/\/www.wsm-schlafsysteme.at\/index.php?rest_route=%2Fwp%2Fv2%2Fmedia&parent=446"}],"curies":[{"name":"wp","href":"https:\/\/api.w.org\/{rel}","templated":true}]}}