{"id":425,"date":"2019-08-14T14:07:19","date_gmt":"2019-08-14T14:07:19","guid":{"rendered":"http:\/\/wsm.syne.at\/?page_id=425"},"modified":"2019-08-14T14:07:19","modified_gmt":"2019-08-14T14:07:19","slug":"sigmak-keramik-heizung","status":"publish","type":"page","link":"https:\/\/www.wsm-schlafsysteme.at\/?page_id=425","title":{"rendered":"SigmaK Keramik Heizung"},"content":{"rendered":"\n<figure class=\"wp-block-image\"><img decoding=\"async\" src=\"https:\/\/www.sigma-k.de\/img\/bulletpoint100.png\" alt=\"\"\/><\/figure>\n\n\n\n<p><strong>100% Zuverl\u00e4ssigkeit durch keramische W\u00e4rmetechnologie<\/strong><br>\nDie Oberfl\u00e4che des keramischen Heizsystems wird konstant und an allen Punkten gleichm\u00e4\u00dfig erw\u00e4rmt. So genannte &#8222;Hotspots&#8220; oder ein Durchbrennen der Heizung ist somit ausgeschlossen. Die Heizung erw\u00e4rmt vinylschonend, auch bei Wasserbetten mit Mesamol II Wasserkernen.\n<\/p>\n\n\n\n<figure class=\"wp-block-image\"><img decoding=\"async\" src=\"https:\/\/www.sigma-k.de\/img\/bulletpoint100.png\" alt=\"\"\/><\/figure>\n\n\n\n<p><strong>100% Energieausbeute durch optimale Isolationswerte<\/strong><br>\nBei der keramischen Sigma K Heizung wird dank der keratec Energiespartechnologie an der Unterseite der Heizung die W\u00e4rme konstant und ausschlie\u00dflich an die Oberfl\u00e4che abgegeben. Es gibt keine W\u00e4rmeverluste an der Unterseite der Heizung. Der Energieverbrauch wird damit reduziert!\n<\/p>\n\n\n\n<div class=\"wp-block-image\"><figure class=\"alignright is-resized\"><img loading=\"lazy\" decoding=\"async\" src=\"http:\/\/www.wsm-schlafsysteme.at\/wp-content\/uploads\/2019\/08\/sigma_k_240w_230v_1_1_5-1024x576.png\" alt=\"\" class=\"wp-image-427\" width=\"454\" height=\"255\" srcset=\"https:\/\/www.wsm-schlafsysteme.at\/wp-content\/uploads\/2019\/08\/sigma_k_240w_230v_1_1_5-1024x576.png 1024w, https:\/\/www.wsm-schlafsysteme.at\/wp-content\/uploads\/2019\/08\/sigma_k_240w_230v_1_1_5-350x197.png 350w, https:\/\/www.wsm-schlafsysteme.at\/wp-content\/uploads\/2019\/08\/sigma_k_240w_230v_1_1_5-300x169.png 300w, https:\/\/www.wsm-schlafsysteme.at\/wp-content\/uploads\/2019\/08\/sigma_k_240w_230v_1_1_5-768x432.png 768w, https:\/\/www.wsm-schlafsysteme.at\/wp-content\/uploads\/2019\/08\/sigma_k_240w_230v_1_1_5.png 1920w\" sizes=\"auto, (max-width: 454px) 100vw, 454px\" \/><\/figure><\/div>\n\n\n\n<figure class=\"wp-block-image\"><img decoding=\"async\" src=\"https:\/\/www.sigma-k.de\/img\/bulletpoint100.png\" alt=\"\"\/><\/figure>\n\n\n\n<p><strong>100% Wasserdicht durch Einzelpr\u00fcfung und T\u00dcV-Zertifizierung<\/strong><br>\nJede einzelne Keramikheizung wird vor der Auslieferung auf Dichtigkeit \u00fcberpr\u00fcft. Die gesamte Produktion wird st\u00e4ndig vom T\u00dcV \u00fcberwacht und wurde zurecht mit dem Zertifikat f\u00fcr &#8222;Gepr\u00fcfte Sicherheit&#8220; (GS) ausgezeichnet.\n<\/p>\n\n\n\n<figure class=\"wp-block-image\"><img decoding=\"async\" src=\"https:\/\/www.sigma-k.de\/img\/bulletpoint100.png\" alt=\"\"\/><\/figure>\n\n\n\n<p><strong>100% Strahlungsarm durch kaum messbare elektromagnetische Energiefelder<\/strong><br>\nAls bisher einziges Wasserbett-Heizsystem auf dem Markt ist die SIGMA[k] durch ein Gutachten \u00fcber die Strahlungsarmut zertifiziert und T\u00dcV gepr\u00fcft. Zudem wurde sie mit dem Zertifikat f\u00fcr \u201eGepr\u00fcfte Sicherheit\u201c (GS) ausgezeichnet.\n<\/p>\n\n\n\n<figure class=\"wp-block-image\"><img decoding=\"async\" src=\"https:\/\/www.sigma-k.de\/img\/bulletpoint100.png\" alt=\"\"\/><\/figure>\n\n\n\n<p><strong>100% Top-Qualit\u00e4t<\/strong><br>\nDurch einen individuellen Barcode l\u00e4sst sich der komplette Produktionsweg der Heizung zu jeder Zeit nachvollziehen.\n<\/p>\n\n\n\n<figure class=\"wp-block-image\"><img decoding=\"async\" src=\"https:\/\/www.sigma-k.de\/img\/bulletpoint100.png\" alt=\"\"\/><\/figure>\n\n\n\n<p><strong>100% Umweltfreundlich<\/strong><br>\nDie Sigma K erf\u00fcllt die strengen RoHS-Norm \u00fcber die Beschr\u00e4nkung der Verwendung gef\u00e4hrlicher Stoffe und ist offiziell bei der EAR-Stiftung zum Altger\u00e4te Recycling registriert. Nicht zuletzt durch den vergleichsweise geringen Energieverbrauch ist die Sigma K eines der energie- und umweltfreundlichsten Heizsysteme auf dem Markt.<\/p>\n","protected":false},"excerpt":{"rendered":"<p>100% Zuverl\u00e4ssigkeit durch keramische W\u00e4rmetechnologie Die Oberfl\u00e4che des keramischen Heizsystems wird konstant und an allen Punkten gleichm\u00e4\u00dfig erw\u00e4rmt. So genannte &#8222;Hotspots&#8220; oder ein Durchbrennen der Heizung ist somit ausgeschlossen. Die Heizung erw\u00e4rmt vinylschonend, auch bei Wasserbetten mit Mesamol II Wasserkernen. 100% Energieausbeute durch optimale Isolationswerte Bei der keramischen Sigma K Heizung wird dank der keratec &hellip; <\/p>\n<p class=\"link-more\"><a href=\"https:\/\/www.wsm-schlafsysteme.at\/?page_id=425\" class=\"more-link\"><span class=\"screen-reader-text\">\u201eSigmaK Keramik Heizung\u201c <\/span>weiterlesen<\/a><\/p>\n","protected":false},"author":1,"featured_media":0,"parent":0,"menu_order":0,"comment_status":"closed","ping_status":"closed","template":"","meta":{"footnotes":""},"class_list":["post-425","page","type-page","status-publish","hentry"],"_links":{"self":[{"href":"https:\/\/www.wsm-schlafsysteme.at\/index.php?rest_route=\/wp\/v2\/pages\/425","targetHints":{"allow":["GET"]}}],"collection":[{"href":"https:\/\/www.wsm-schlafsysteme.at\/index.php?rest_route=\/wp\/v2\/pages"}],"about":[{"href":"https:\/\/www.wsm-schlafsysteme.at\/index.php?rest_route=\/wp\/v2\/types\/page"}],"author":[{"embeddable":true,"href":"https:\/\/www.wsm-schlafsysteme.at\/index.php?rest_route=\/wp\/v2\/users\/1"}],"replies":[{"embeddable":true,"href":"https:\/\/www.wsm-schlafsysteme.at\/index.php?rest_route=%2Fwp%2Fv2%2Fcomments&post=425"}],"version-history":[{"count":2,"href":"https:\/\/www.wsm-schlafsysteme.at\/index.php?rest_route=\/wp\/v2\/pages\/425\/revisions"}],"predecessor-version":[{"id":428,"href":"https:\/\/www.wsm-schlafsysteme.at\/index.php?rest_route=\/wp\/v2\/pages\/425\/revisions\/428"}],"wp:attachment":[{"href":"https:\/\/www.wsm-schlafsysteme.at\/index.php?rest_route=%2Fwp%2Fv2%2Fmedia&parent=425"}],"curies":[{"name":"wp","href":"https:\/\/api.w.org\/{rel}","templated":true}]}}