{"id":33,"date":"2019-06-14T14:13:44","date_gmt":"2019-06-14T14:13:44","guid":{"rendered":"http:\/\/wsm.syne.at\/?page_id=33"},"modified":"2021-05-04T11:03:42","modified_gmt":"2021-05-04T11:03:42","slug":"unsere-lieferanten","status":"publish","type":"page","link":"https:\/\/www.wsm-schlafsysteme.at\/?page_id=33","title":{"rendered":"Unsere Lieferanten"},"content":{"rendered":"<section class=\"kc-elm kc-css-169001 kc_row\"><div class=\"kc-row-container  kc-container\"><div class=\"kc-wrap-columns\"><div class=\"kc-elm kc-css-691440 kc_col-sm-12 kc_column kc_col-sm-12\"><div class=\"kc-col-container\"><div class=\"kc-elm kc-css-988900 kc_text_block\"><\/p>\n<p>Auch bei der Auswahl unserer langj\u00e4hrigen Lieferanten sind unsere Vorstellungen zu den Produkteigenschaften, <br \/> die Lieferf\u00e4higkeit und nat\u00fcrlich das Preis-Leistungsverh\u00e4ltnis, das das  Produkt und den gesamten Service umfasst, die entscheidende Basis.<\/p>\n<\/p>\n<p>Um Ihnen bestm\u00f6gliche Beratung,  Qualit\u00e4t und auch Service bieten zu k\u00f6nnen, m\u00fcssen alle Mosaiksteinchen  zusammenpassen. Das Produkt alleine ist genau so zu wenig wie die  kompetente Beratung alleine nicht ausreicht &#8211; nur gemeinsam k\u00f6nnen wir  Ihnen das bieten, das Sie erwarten.<\/p>\n<\/p>\n<p>Unsere Produkte sind hochwertige Markenartikel und die  Hersteller haben einen Namen! Und die m\u00f6chten wir Ihnen gerne  vorstellen. Hier k\u00f6nnen Sie mehr \u00fcber unsere Lieferanten erfahren, sie  kennen lernen und selber sehen, wer was herstellt beziehungsweise  verarbeitet.<\/p>\n<\/p>\n<\/p><\/p>\n<\/div><\/div><\/div><\/div><\/div><\/section><section class=\"kc-elm kc-css-136645 kc_row\"><div class=\"kc-row-container  kc-container\"><div class=\"kc-wrap-columns\"><div class=\"kc-elm kc-css-250889 kc_col-sm-4 kc_column kc_col-sm-4\"><div class=\"kc-col-container\"><div class=\"kc-elm kc-css-686127 kc_text_block\"><div class=\"logo\"><a href=\"http:\/\/www.dynaglobe.de\" target=\"_blank\" rel=\"noopener\"><img loading=\"lazy\" decoding=\"async\" class=\"size-medium aligncenter\" src=\"http:\/\/www.wsm-schlafsysteme.at\/wp-content\/uploads\/2019\/07\/Dynaglobe.jpg\" alt=\"Logo Dynaglobe\" width=\"4223\" height=\"1682\" \/><\/a><\/div>\n<p><strong>Dynaglobe Products GmbH<\/strong><br \/>Brunnener Stra\u00dfe 13<br \/>D-86511 Schmiechen<br \/>Deutschland<br \/><a href=\"http:\/\/www.dynaglobe.de\" target=\"_blank\" rel=\"noreferrer noopener\">www.dynaglobe.de<\/a><\/p>\n<\/div><div class=\"kc-elm kc-css-781633 kc_text_block\"><div class=\"logo\"><a href=\"http:\/\/www.de.somnus.co.uk\/home\" target=\"_blank\" rel=\"noopener\"><strong><img loading=\"lazy\" decoding=\"async\" class=\"size-medium aligncenter\" src=\"http:\/\/www.wsm-schlafsysteme.at\/wp-content\/uploads\/2019\/07\/Somnus.jpg\" alt=\"\" width=\"600\" height=\"349\" \/><\/strong><\/a><\/div>\n<p><strong>SOMNUS<\/strong><br \/>Westland Road <br \/>Leeds. West Yorkshire. LS11 5SN <br \/>England<br \/><a href=\"http:\/\/de.somnus.co.uk\/home\/\" target=\"_blank\" rel=\"noreferrer noopener\">www.de.somnus.co.uk\/home<\/a><\/p>\n<\/div><\/div><\/div><div class=\"kc-elm kc-css-66141 kc_col-sm-4 kc_column kc_col-sm-4\"><div class=\"kc-col-container\"><div class=\"kc-elm kc-css-927657 kc_text_block\"><div class=\"logo\"><a href=\"http:\/\/www.hasena.ch\" target=\"_blank\" rel=\"noopener\"><img loading=\"lazy\" decoding=\"async\" class=\"size-medium aligncenter\" src=\"http:\/\/www.wsm-schlafsysteme.at\/wp-content\/uploads\/2019\/07\/Hasena.jpg\" alt=\"\" width=\"644\" height=\"340\" \/><\/a><\/div>\n<p><strong>Hasena AG<br \/><\/strong>Leymenstra\u00dfe 10<br \/>CH- 4105 Biel Benken<br \/>Schweiz<br \/><a href=\"http:\/\/www.hasena.ch\" target=\"_blank\" rel=\"noreferrer noopener\">www.hasena.ch<\/a><\/p>\n<\/div><div class=\"kc-elm kc-css-127187 kc_text_block\"><div class=\"logo\"><a href=\"http:\/\/www.roewa.com\" target=\"_blank\" rel=\"noopener\"><img loading=\"lazy\" decoding=\"async\" class=\"size-medium aligncenter\" src=\"http:\/\/www.wsm-schlafsysteme.at\/wp-content\/uploads\/2019\/07\/Roewa.jpg\" alt=\"\" width=\"1618\" height=\"569\" \/><\/a><\/div>\n<p><strong>R\u00f6ssele &#038; Wanner GmbH<\/strong><br \/>Ulrichstr. 102<br \/>D &#8211; 72116 M\u00f6ssingen<br \/>Deutschland<br \/><a href=\"http:\/\/www.roewa.com\" target=\"_blank\" rel=\"noreferrer noopener\" aria-label=\"www.roewa.com (\u00f6ffnet in neuem Tab)\">www.roewa.com<\/a><\/p>\n<\/div><\/div><\/div><div class=\"kc-elm kc-css-865120 kc_col-sm-4 kc_column kc_col-sm-4\"><div class=\"kc-col-container\"><div class=\"kc-elm kc-css-801521 kc_text_block\"><div class=\"logo\"><a href=\"http:\/\/www.elastica.at\" target=\"_blank\" rel=\"noopener\"><img loading=\"lazy\" decoding=\"async\" class=\"size-medium aligncenter\" src=\"http:\/\/www.wsm-schlafsysteme.at\/wp-content\/uploads\/2019\/07\/Elastica.jpg\" alt=\"\" width=\"1181\" height=\"241\" \/><\/a><\/div>\n<p><strong>Elastica Matratzen GmbH<\/strong><br \/>Kellau 153<br \/>A-5431 Kuchl bei Salzburg<br \/>\u00d6sterreich<br \/><a href=\"http:\/\/www.elastica.at\" target=\"_blank\" rel=\"noreferrer noopener\">www.elastica.at<\/a><\/p>\n<\/div><div class=\"kc-elm kc-css-758168 kc_text_block\"><div class=\"logo\"><img loading=\"lazy\" decoding=\"async\" class=\"aligncenter\" src=\"https:\/\/blutimes-kaernten.at\/wp-content\/themes\/blutimes\/images\/header_logo.png\" alt=\"BluTimes Store K\u00e4rnten | Premium Wasserbetten aus \u00d6sterreich\" width=\"533\" height=\"118\" \/><\/div>\n<p><strong>Gold Eck<\/strong><br \/>Seebachstra\u00dfe 11-13<br \/>A-9871 Seeboden<br \/>K\u00e4rnten \u00d6sterreich<br \/><a href=\"http:\/\/www.blutimes-kaernten.at\">www.blutimes-kaernten.at<\/a><\/p>\n<\/div><\/div><\/div><\/div><\/div><\/section>","protected":false},"excerpt":{"rendered":"","protected":false},"author":1,"featured_media":0,"parent":0,"menu_order":0,"comment_status":"closed","ping_status":"closed","template":"","meta":{"footnotes":""},"class_list":["post-33","page","type-page","status-publish","hentry"],"_links":{"self":[{"href":"https:\/\/www.wsm-schlafsysteme.at\/index.php?rest_route=\/wp\/v2\/pages\/33","targetHints":{"allow":["GET"]}}],"collection":[{"href":"https:\/\/www.wsm-schlafsysteme.at\/index.php?rest_route=\/wp\/v2\/pages"}],"about":[{"href":"https:\/\/www.wsm-schlafsysteme.at\/index.php?rest_route=\/wp\/v2\/types\/page"}],"author":[{"embeddable":true,"href":"https:\/\/www.wsm-schlafsysteme.at\/index.php?rest_route=\/wp\/v2\/users\/1"}],"replies":[{"embeddable":true,"href":"https:\/\/www.wsm-schlafsysteme.at\/index.php?rest_route=%2Fwp%2Fv2%2Fcomments&post=33"}],"version-history":[{"count":19,"href":"https:\/\/www.wsm-schlafsysteme.at\/index.php?rest_route=\/wp\/v2\/pages\/33\/revisions"}],"predecessor-version":[{"id":22187,"href":"https:\/\/www.wsm-schlafsysteme.at\/index.php?rest_route=\/wp\/v2\/pages\/33\/revisions\/22187"}],"wp:attachment":[{"href":"https:\/\/www.wsm-schlafsysteme.at\/index.php?rest_route=%2Fwp%2Fv2%2Fmedia&parent=33"}],"curies":[{"name":"wp","href":"https:\/\/api.w.org\/{rel}","templated":true}]}}