{"id":313,"date":"2019-08-14T09:51:49","date_gmt":"2019-08-14T09:51:49","guid":{"rendered":"http:\/\/wsm.syne.at\/?page_id=313"},"modified":"2019-08-14T10:13:03","modified_gmt":"2019-08-14T10:13:03","slug":"das-klassische-soft-side-wasserbett","status":"publish","type":"page","link":"https:\/\/www.wsm-schlafsysteme.at\/?page_id=313","title":{"rendered":"Das klassische Soft-Side Wasserbett"},"content":{"rendered":"\n<div class=\"wp-block-image\"><figure class=\"alignright is-resized\"><img loading=\"lazy\" decoding=\"async\" src=\"http:\/\/www.wsm-schlafsysteme.at\/wp-content\/uploads\/2019\/08\/wbt-0137-1024x755.jpg\" alt=\"\" class=\"wp-image-314\" width=\"517\" height=\"381\" srcset=\"https:\/\/www.wsm-schlafsysteme.at\/wp-content\/uploads\/2019\/08\/wbt-0137-1024x755.jpg 1024w, https:\/\/www.wsm-schlafsysteme.at\/wp-content\/uploads\/2019\/08\/wbt-0137-350x258.jpg 350w, https:\/\/www.wsm-schlafsysteme.at\/wp-content\/uploads\/2019\/08\/wbt-0137-300x221.jpg 300w, https:\/\/www.wsm-schlafsysteme.at\/wp-content\/uploads\/2019\/08\/wbt-0137-768x566.jpg 768w\" sizes=\"auto, (max-width: 517px) 100vw, 517px\" \/><\/figure><\/div>\n\n\n\n<p><em>Das Soft-Side Wasserbett ben\u00f6tigt im Gegensatz zum Hard-Side Wasserbett kein Bettgestell, es ist freistehend.<\/em><br><em>\n        \t\t\t\t\t\t<\/em><\/p>\n\n\n\n<p><em>Die Stabilit\u00e4t des Schaumprofils ist mit einer Hartfaserplatte in der Mitte liegend, gegen das ausbeulen verst\u00e4rkt. Die Profile werden in den \u00dcberzug gelegt und durch den \u00dcberzugunterteil mit der Bodenplatte verschraubt. Diese im \u00dcberzug liegenden Schaumprofile bieten ein bequemes Aus- und Einsteigen ohne harte Bettkante und das Sitzen auf dem Soft-Side Wasserbett ist angenehmer.<\/em><\/p>\n\n\n\n<div class=\"wp-block-image\"><figure class=\"alignright is-resized\"><img loading=\"lazy\" decoding=\"async\" src=\"http:\/\/www.wsm-schlafsysteme.at\/wp-content\/uploads\/2019\/08\/Foamset-Basic-1024x643.jpg\" alt=\"\" class=\"wp-image-318\" width=\"317\" height=\"198\" srcset=\"https:\/\/www.wsm-schlafsysteme.at\/wp-content\/uploads\/2019\/08\/Foamset-Basic-1024x643.jpg 1024w, https:\/\/www.wsm-schlafsysteme.at\/wp-content\/uploads\/2019\/08\/Foamset-Basic-350x220.jpg 350w, https:\/\/www.wsm-schlafsysteme.at\/wp-content\/uploads\/2019\/08\/Foamset-Basic-300x188.jpg 300w, https:\/\/www.wsm-schlafsysteme.at\/wp-content\/uploads\/2019\/08\/Foamset-Basic-768x482.jpg 768w\" sizes=\"auto, (max-width: 317px) 100vw, 317px\" \/><figcaption>Schaumstoffprofil<\/figcaption><\/figure><\/div>\n\n\n\n<p><em>Hierbei st\u00fctzt ein Schaumstoffprofil die Wassermatratze. <\/em><br><em>Dieses Profil ist in der H\u00f6he 19 cm und hat oben 9 cm in der Breite, ist dann nach innen schr\u00e4g verlaufend auf eine Breite von 18 cm und in verschiedenen Festigkeiten erh\u00e4ltlich. Es st\u00fctzt die Wassermatratze, sorgt f\u00fcr weiches Aus-und Einsteigen und sehr komfortables Sitzen. <\/em><\/p>\n\n\n\n<p><em>Dabei werden, je nach Hersteller des Wasserbettes, verschieden breite und verschieden feste Schaumprofile verwendet. Der Nachteil, der Liegekomfort hat gegen\u00fcber dem Hard-Side Wasserbett deutlich gelitten.<\/em><\/p>\n\n\n\n<h2 class=\"wp-block-heading\">Nachteile<\/h2>\n\n\n\n<p><strong>1. Die Elastizit\u00e4t in der Oberfl\u00e4che<\/strong> leidet durch die Konstruktion, da der \u00dcberzug um    das ganze Bettsystem gelegt ist, wodurch bei Belastung Spannungen in der Oberfl\u00e4che entstehen.<\/p>\n\n\n\n<p><strong>2. Ausbeulen:<\/strong> Bei l\u00e4ngerem Gebrauch des Wasserbettes werden die Schaumprofile weich und verlieren Ihre Stabilit\u00e4t, sie k\u00f6nnen dem Druck der Wassermatratze nicht mehr so gut Stand halten und beulen nach au\u00dfen aus. Dabei erh\u00f6ht sich die Spannung des \u00dcberzuges und das Wasserbett verliert seine K\u00f6rperanpassung und wird zur H\u00e4ngematte.<\/p>\n\n\n\n<p><strong>3. Liegefl\u00e4che:<\/strong> Je nach Hersteller und Stabilit\u00e4t werden verschieden breite Schaumprofile verwendet, wodurch die Liegefl\u00e4che auf der Wassermatratze immer kleiner wird.<\/p>\n\n\n\n<p><strong>4. Spannbettt\u00fccher: <\/strong>F\u00fcr diese Soft-Side Wasserbetten ben\u00f6tigen Sie spezielle Spannbettt\u00fccher, mit hohen gen\u00e4hten Ecken. Um aber auch diese Nachteile zu beseitigen wurde das Wasserbett mit geteilter, formstabiler Soft-Side-Kante entwickelt.<\/p>\n\n\n\n<p><strong>5. Optik:<\/strong> Es wirkt sehr globig und kann nicht bekleidet werden.<\/p>\n","protected":false},"excerpt":{"rendered":"<p>Das Soft-Side Wasserbett ben\u00f6tigt im Gegensatz zum Hard-Side Wasserbett kein Bettgestell, es ist freistehend. Die Stabilit\u00e4t des Schaumprofils ist mit einer Hartfaserplatte in der Mitte liegend, gegen das ausbeulen verst\u00e4rkt. Die Profile werden in den \u00dcberzug gelegt und durch den \u00dcberzugunterteil mit der Bodenplatte verschraubt. Diese im \u00dcberzug liegenden Schaumprofile bieten ein bequemes Aus- und &hellip; <\/p>\n<p class=\"link-more\"><a href=\"https:\/\/www.wsm-schlafsysteme.at\/?page_id=313\" class=\"more-link\"><span class=\"screen-reader-text\">\u201eDas klassische Soft-Side Wasserbett\u201c <\/span>weiterlesen<\/a><\/p>\n","protected":false},"author":1,"featured_media":0,"parent":0,"menu_order":0,"comment_status":"closed","ping_status":"closed","template":"","meta":{"footnotes":""},"class_list":["post-313","page","type-page","status-publish","hentry"],"_links":{"self":[{"href":"https:\/\/www.wsm-schlafsysteme.at\/index.php?rest_route=\/wp\/v2\/pages\/313","targetHints":{"allow":["GET"]}}],"collection":[{"href":"https:\/\/www.wsm-schlafsysteme.at\/index.php?rest_route=\/wp\/v2\/pages"}],"about":[{"href":"https:\/\/www.wsm-schlafsysteme.at\/index.php?rest_route=\/wp\/v2\/types\/page"}],"author":[{"embeddable":true,"href":"https:\/\/www.wsm-schlafsysteme.at\/index.php?rest_route=\/wp\/v2\/users\/1"}],"replies":[{"embeddable":true,"href":"https:\/\/www.wsm-schlafsysteme.at\/index.php?rest_route=%2Fwp%2Fv2%2Fcomments&post=313"}],"version-history":[{"count":8,"href":"https:\/\/www.wsm-schlafsysteme.at\/index.php?rest_route=\/wp\/v2\/pages\/313\/revisions"}],"predecessor-version":[{"id":325,"href":"https:\/\/www.wsm-schlafsysteme.at\/index.php?rest_route=\/wp\/v2\/pages\/313\/revisions\/325"}],"wp:attachment":[{"href":"https:\/\/www.wsm-schlafsysteme.at\/index.php?rest_route=%2Fwp%2Fv2%2Fmedia&parent=313"}],"curies":[{"name":"wp","href":"https:\/\/api.w.org\/{rel}","templated":true}]}}