{"id":307,"date":"2019-08-14T09:42:20","date_gmt":"2019-08-14T09:42:20","guid":{"rendered":"http:\/\/wsm.syne.at\/?page_id=307"},"modified":"2019-09-13T08:23:47","modified_gmt":"2019-09-13T08:23:47","slug":"split-soft-side-wasserbett","status":"publish","type":"page","link":"https:\/\/www.wsm-schlafsysteme.at\/?page_id=307","title":{"rendered":"Das Split-Soft Side Wasserbett"},"content":{"rendered":"\n<div class=\"wp-block-image\"><figure class=\"alignright is-resized\"><img loading=\"lazy\" decoding=\"async\" src=\"http:\/\/www.wsm-schlafsysteme.at\/wp-content\/uploads\/2019\/08\/wbt-1125-1024x534.jpg\" alt=\"\" class=\"wp-image-308\" width=\"563\" height=\"294\" srcset=\"https:\/\/www.wsm-schlafsysteme.at\/wp-content\/uploads\/2019\/08\/wbt-1125-1024x534.jpg 1024w, https:\/\/www.wsm-schlafsysteme.at\/wp-content\/uploads\/2019\/08\/wbt-1125-350x182.jpg 350w, https:\/\/www.wsm-schlafsysteme.at\/wp-content\/uploads\/2019\/08\/wbt-1125-300x156.jpg 300w, https:\/\/www.wsm-schlafsysteme.at\/wp-content\/uploads\/2019\/08\/wbt-1125-768x400.jpg 768w\" sizes=\"auto, (max-width: 563px) 100vw, 563px\" \/><\/figure><\/div>\n\n\n\n<p>Das Split Soft-Side Wasserbett ist die kontinuierliche Weiterentwicklung der Soft-Side Wasser- betten, das in den verschiedensten Varianten angeboten wird.<\/p>\n\n\n\n<p style=\"text-align:left\">Es gibt aber doch gravierende Qualit\u00e4tsunterschiede, die auf den ersten Blick nicht ersichtlich sind. Das Split Soft-Side Bett vereint die Vorz\u00fcge des Hard-Side Wasserbettes mit den Vorz\u00fcgen des Klassikers \u2013 dem Soft-Sider.    <\/p>\n\n\n\n<div class=\"wp-block-image\"><figure class=\"alignright is-resized\"><img loading=\"lazy\" decoding=\"async\" src=\"http:\/\/www.wsm-schlafsysteme.at\/wp-content\/uploads\/2019\/08\/Foamset-Split-1024x643.jpg\" alt=\"\" class=\"wp-image-326\" width=\"303\" height=\"189\" srcset=\"https:\/\/www.wsm-schlafsysteme.at\/wp-content\/uploads\/2019\/08\/Foamset-Split-1024x643.jpg 1024w, https:\/\/www.wsm-schlafsysteme.at\/wp-content\/uploads\/2019\/08\/Foamset-Split-350x220.jpg 350w, https:\/\/www.wsm-schlafsysteme.at\/wp-content\/uploads\/2019\/08\/Foamset-Split-300x188.jpg 300w, https:\/\/www.wsm-schlafsysteme.at\/wp-content\/uploads\/2019\/08\/Foamset-Split-768x482.jpg 768w\" sizes=\"auto, (max-width: 303px) 100vw, 303px\" \/><figcaption>Split-Soft Side Schaumrahmen<\/figcaption><\/figure><\/div>\n\n\n\n<p>Um mehr Elastizit\u00e4t in der Oberfl\u00e4che des \u00dcberzuges zu erreichen, und dadurch auch die K\u00f6rperanpassung zu verbessern, hat man die Schaumprofile geteilt oder eingeschnitten. Der dadurch entstehende schanierende Effekt sorgt f\u00fcr eine wesentlich verbesserte Elastizit\u00e4t des \u00dcberzuges. Der Schaumrand bewegt sich bei Belastung mit, die K\u00f6rperanpassung ist \u00e4hnlich wie bei einem Hard-Side Wasserbett. <\/p>\n\n\n\n<p>Bei einem freistehenden Wasserbett mit Split Soft-Side sollte der untere Teil des geteilten Schaum-profils nicht mehr aus Schaumstoff, sondern aus formstabilem Kunststoff oder je nach Design aus Holz bestehen. Dieser kann durch seine Stabilit\u00e4t den unteren Bereich der Wassermatratze dauerhaft st\u00fctzen. Da nun wesentlich weniger Wasserdruck auf das obere Schaumprofil wirkt, kann dieser in seiner Breite kleiner ausfallen, wodurch sich die Liegefl\u00e4che auf der Wassermatratze wieder vergr\u00f6\u00dfert.<\/p>\n\n\n\n<p>Die Anfertigung der Bekleidung Ihres Wasserbettes nach Ihren W\u00fcnschen ist ohne Aufpreis erh\u00e4ltlich. So k\u00f6nnen Sie Ihr Schlafzimmer nach Ihren Vorstellungen individuell gestalten. Diesen formstabilen unteren Soft-Side kann man nat\u00fcrlich auch in den verschiedensten Stoff- oder Lederfarben bekleiden.<\/p>\n\n\n\n<div class=\"wp-block-image\"><figure class=\"alignright is-resized\"><a href=\"http:\/\/www.wsm-schlafsysteme.at\/?page_id=180\"><img loading=\"lazy\" decoding=\"async\" src=\"http:\/\/www.wsm-schlafsysteme.at\/wp-content\/uploads\/2019\/08\/Stoffsuche-1024x604.jpg\" alt=\"\" class=\"wp-image-328\" width=\"374\" height=\"220\" srcset=\"https:\/\/www.wsm-schlafsysteme.at\/wp-content\/uploads\/2019\/08\/Stoffsuche-1024x604.jpg 1024w, https:\/\/www.wsm-schlafsysteme.at\/wp-content\/uploads\/2019\/08\/Stoffsuche-350x206.jpg 350w, https:\/\/www.wsm-schlafsysteme.at\/wp-content\/uploads\/2019\/08\/Stoffsuche-300x177.jpg 300w, https:\/\/www.wsm-schlafsysteme.at\/wp-content\/uploads\/2019\/08\/Stoffsuche-768x453.jpg 768w\" sizes=\"auto, (max-width: 374px) 100vw, 374px\" \/><\/a><figcaption>Wir ber\u00fccksichtigen jeden Kundenwunsch in unserer <a href=\"http:\/\/www.wsm-schlafsysteme.at\/?page_id=180\">Produktion<\/a>.<\/figcaption><\/figure><\/div>\n\n\n\n<p>Exklusiv bei uns ist es m\u00f6glich diese Bekleidung passend (aus Ihrem z. B. Vorhangstoff oder M\u00f6belstoff) zu fertigen, da wir auf H\u00e4ndlerkollektionen nicht angewiesen sind. Sie k\u00f6nnen dadurch Ihr Schlafzimmer individuell gestalten. Auf diese Weise kann man sein Wasserbett auch nach Jahren treuer Dienste an einen ver\u00e4nderten Geschmack oder eine neue Schlafzimmereinrichtung anpassen.<\/p>\n","protected":false},"excerpt":{"rendered":"<p>Das Split Soft-Side Wasserbett ist die kontinuierliche Weiterentwicklung der Soft-Side Wasser- betten, das in den verschiedensten Varianten angeboten wird. Es gibt aber doch gravierende Qualit\u00e4tsunterschiede, die auf den ersten Blick nicht ersichtlich sind. Das Split Soft-Side Bett vereint die Vorz\u00fcge des Hard-Side Wasserbettes mit den Vorz\u00fcgen des Klassikers \u2013 dem Soft-Sider. Um mehr Elastizit\u00e4t in &hellip; <\/p>\n<p class=\"link-more\"><a href=\"https:\/\/www.wsm-schlafsysteme.at\/?page_id=307\" class=\"more-link\"><span class=\"screen-reader-text\">\u201eDas Split-Soft Side Wasserbett\u201c <\/span>weiterlesen<\/a><\/p>\n","protected":false},"author":1,"featured_media":0,"parent":0,"menu_order":0,"comment_status":"closed","ping_status":"closed","template":"","meta":{"footnotes":""},"class_list":["post-307","page","type-page","status-publish","hentry"],"_links":{"self":[{"href":"https:\/\/www.wsm-schlafsysteme.at\/index.php?rest_route=\/wp\/v2\/pages\/307","targetHints":{"allow":["GET"]}}],"collection":[{"href":"https:\/\/www.wsm-schlafsysteme.at\/index.php?rest_route=\/wp\/v2\/pages"}],"about":[{"href":"https:\/\/www.wsm-schlafsysteme.at\/index.php?rest_route=\/wp\/v2\/types\/page"}],"author":[{"embeddable":true,"href":"https:\/\/www.wsm-schlafsysteme.at\/index.php?rest_route=\/wp\/v2\/users\/1"}],"replies":[{"embeddable":true,"href":"https:\/\/www.wsm-schlafsysteme.at\/index.php?rest_route=%2Fwp%2Fv2%2Fcomments&post=307"}],"version-history":[{"count":16,"href":"https:\/\/www.wsm-schlafsysteme.at\/index.php?rest_route=\/wp\/v2\/pages\/307\/revisions"}],"predecessor-version":[{"id":2208,"href":"https:\/\/www.wsm-schlafsysteme.at\/index.php?rest_route=\/wp\/v2\/pages\/307\/revisions\/2208"}],"wp:attachment":[{"href":"https:\/\/www.wsm-schlafsysteme.at\/index.php?rest_route=%2Fwp%2Fv2%2Fmedia&parent=307"}],"curies":[{"name":"wp","href":"https:\/\/api.w.org\/{rel}","templated":true}]}}