{"id":211,"date":"2019-07-11T11:24:40","date_gmt":"2019-07-11T11:24:40","guid":{"rendered":"http:\/\/wsm.syne.at\/?page_id=211"},"modified":"2019-09-13T08:40:54","modified_gmt":"2019-09-13T08:40:54","slug":"heizung","status":"publish","type":"page","link":"https:\/\/www.wsm-schlafsysteme.at\/?page_id=211","title":{"rendered":"Carbon Heizung"},"content":{"rendered":"<section class=\"kc-elm kc-css-797653 kc_row\"><div class=\"kc-row-container  kc-container\"><div class=\"kc-wrap-columns\"><div class=\"kc-elm kc-css-184128 kc_col-sm-12 kc_column kc_col-sm-12\"><div class=\"kc-col-container\"><div class=\"kc-elm kc-css-912004 kc_text_block\"><\/p>\n<p>\u201eCarbon Heater\u201c Wasserbett-Heizsysteme verbinden einfachste Bedienung mit modernster Heiztechnologie und vollst\u00e4ndiger Umweltvertr\u00e4glichkeit.<\/p>\n<p>Alle Heiz-Systeme werden in Deutschland hergestellt, bieten T\u00dcV-zertifizierte Sicherheit und ein H\u00f6chstma\u00df an Qualit\u00e4t. Bereits bei der Auswahl der Materialien steht der Umweltschutz im Vordergrund; so werden ausschlie\u00dflich Materialien eingesetzt, die voll recyclebar sind und mit Ihrem Wasserbett harmonisieren. Durch die vollfl\u00e4chige Carbon-Schicht des Heizelementes erreichen die \u201eCarbon Heater\u201c Modelle eine optimale Energieeffizienz mit einem Wirkungsgrad von 99,999%. Ein beil\u00e4ufiger Nebeneffekt sind die kaum messbaren elektrischen und magnetischen Felder, hier unterschreiten die \u201eCarbon Heater\u201c Modelle den Grenzwert von 65.000nT um das 10.000fache.<\/p>\n<\/p><\/p>\n<\/div><\/div><\/div><\/div><\/div><\/section><section class=\"kc-elm kc-css-87204 kc_row\"><div class=\"kc-row-container  kc-container\"><div class=\"kc-wrap-columns\"><div class=\"kc-elm kc-css-44449 kc_col-sm-12 kc_column kc_col-sm-12\"><div class=\"kc-col-container\"><div class=\"kc-elm kc-css-532468 kc_shortcode kc_single_image\">\n\n        <img decoding=\"async\" src=\"https:\/\/www.wsm-schlafsysteme.at\/wp-content\/uploads\/2019\/07\/heizung-carbonheaterdigital-aquacomfort-konfigurator.jpg\" class=\"\" alt=\"\" \/>    <\/div>\n<\/div><\/div><\/div><\/div><\/section><section class=\"kc-elm kc-css-114182 kc_row\"><div class=\"kc-row-container  kc-container\"><div class=\"kc-wrap-columns\"><div class=\"kc-elm kc-css-391030 kc_col-sm-12 kc_column kc_col-sm-12\"><div class=\"kc-col-container\"><div class=\"kc-elm kc-css-694192 kc_text_block\"><p>Die digitale \u201ciq Carbon\u201d ist ein intelligentes Wasserbetten-Heizsystem. Sie bietet einfachste Bedienung der Komfort-Funktionen verbunden mit modernster Technologie. Ihre F\u00e4higkeit, sich selbstst\u00e4ndig einer Netzfreischaltung anzupassen, ohne dass \u00c4nderungen in der Hauselektrik vorgenommen werden m\u00fcssen, macht sie weltweit einzigartig.<\/p>\n<ul>\n<li>Timer\/Zeitschaltuhr mit 2-poliger Netzabschaltung<\/li>\n<li>Intelligente Netzfreischaltungstauglichkeit<\/li>\n<li>Uhr mit integrierter Weckerfunktion<\/li>\n<li>Erinnerungsfunktion f\u00fcr das Nachf\u00fcllen des Pflegemittels<\/li>\n<li>Beleuchtetes Display<\/li>\n<li>Gepr\u00fcfte Sicherheit (T\u00dcV-GS \/ EMV \/ EMC \/ CE)<\/li>\n<\/ul>\n<p>Die \u201cClassic\u201d Ausf\u00fchrung aus der \u201cCarbon Heater\u201d Familie besticht durch ein zeitloses Design und beste Verarbeitungsqualit\u00e4t.<\/p>\n<ul>\n<li>Niedrigste elektromagnetische Felder<\/li>\n<li>Einfachste Bedienung<\/li>\n<li>Zeitloses Design<\/li>\n<li>Gepr\u00fcfte Sicherheit (T\u00dcV-GS \/ EMV \/ EMC \/ CE)<\/li>\n<\/ul>\n<\/div><\/div><\/div><\/div><\/div><\/section>","protected":false},"excerpt":{"rendered":"","protected":false},"author":1,"featured_media":0,"parent":0,"menu_order":0,"comment_status":"closed","ping_status":"closed","template":"","meta":{"footnotes":""},"class_list":["post-211","page","type-page","status-publish","hentry"],"_links":{"self":[{"href":"https:\/\/www.wsm-schlafsysteme.at\/index.php?rest_route=\/wp\/v2\/pages\/211","targetHints":{"allow":["GET"]}}],"collection":[{"href":"https:\/\/www.wsm-schlafsysteme.at\/index.php?rest_route=\/wp\/v2\/pages"}],"about":[{"href":"https:\/\/www.wsm-schlafsysteme.at\/index.php?rest_route=\/wp\/v2\/types\/page"}],"author":[{"embeddable":true,"href":"https:\/\/www.wsm-schlafsysteme.at\/index.php?rest_route=\/wp\/v2\/users\/1"}],"replies":[{"embeddable":true,"href":"https:\/\/www.wsm-schlafsysteme.at\/index.php?rest_route=%2Fwp%2Fv2%2Fcomments&post=211"}],"version-history":[{"count":28,"href":"https:\/\/www.wsm-schlafsysteme.at\/index.php?rest_route=\/wp\/v2\/pages\/211\/revisions"}],"predecessor-version":[{"id":2231,"href":"https:\/\/www.wsm-schlafsysteme.at\/index.php?rest_route=\/wp\/v2\/pages\/211\/revisions\/2231"}],"wp:attachment":[{"href":"https:\/\/www.wsm-schlafsysteme.at\/index.php?rest_route=%2Fwp%2Fv2%2Fmedia&parent=211"}],"curies":[{"name":"wp","href":"https:\/\/api.w.org\/{rel}","templated":true}]}}