{"id":1535,"date":"2019-08-22T14:51:43","date_gmt":"2019-08-22T14:51:43","guid":{"rendered":"http:\/\/wsm.syne.at\/?page_id=1535"},"modified":"2019-08-22T15:03:25","modified_gmt":"2019-08-22T15:03:25","slug":"ueberzug-tencel-universal-fuer-alle-wasserbetten","status":"publish","type":"page","link":"https:\/\/www.wsm-schlafsysteme.at\/?page_id=1535","title":{"rendered":"\u00dcberzug Tencel Universal f\u00fcr alle Wasserbetten"},"content":{"rendered":"<p><section class=\"kc-elm kc-css-866243 kc_row\"><div class=\"kc-row-container  kc-container\"><div class=\"kc-wrap-columns\"><div class=\"kc-elm kc-css-786905 kc_col-sm-12 kc_column kc_col-sm-12\"><div class=\"kc-col-container\"><div class=\"kc-elm kc-css-102445 kc_text_block\"><\/p>\n<h3>Beschreibung<\/h3>\n<p>Dieser hochwertige Bezug hat ein hohes F\u00fcllgewicht, ist luxuri\u00f6s verarbeitet und mit der Alles-in-Einem-Faser \u201eTencel\u201c ausgestattet. Tencel ist umweltfreundlich, f\u00fchlt sich seidenweich an, w\u00e4rmt im Winter und k\u00fchlt im Sommer und ist strapazierf\u00e4hig und pflegeleicht. Dank seiner feuchtigkeitsregulierenden Eigenschaften bildet Tencel einen nat\u00fcrlichen Schutz vor Bakterien, Schimmel und Hausstaubmilben.<\/p>\n<p>\n<\/div><\/div><\/div><\/div><\/div><\/section><section class=\"kc-elm kc-css-198576 kc_row\"><div class=\"kc-row-container  kc-container\"><div class=\"kc-wrap-columns\"><div class=\"kc-elm kc-css-701756 kc_col-sm-6 kc_column kc_col-sm-6\"><div class=\"kc-col-container\"><div class=\"kc-elm kc-css-287604 kc_text_block\"><\/p>\n<h3>Oberseite<\/h3>\n<ul>\n<li>Oberschicht 320 g Doppeltuch (wei\u00df), 38 % Tencel, 40 % Polyamid, 22 % Polyester<\/li>\n<li>Zwischenschicht 500 g silikonisierte, thermisch gebundene, lockere Hohlfaser<\/li>\n<li>Unterschicht 120 g Single Jersey Polybaumwolle<\/li>\n<li>Verarbeitet mit luxuri\u00f6ser Biese<\/li>\n<li>Ausgestattet mit einem Teilrei\u00dfverschluss ab 160 cm Breite<\/li>\n<li>Waschbar bis 60 Grad<\/li>\n<\/ul>\n<p>\n<\/div><\/div><\/div><div class=\"kc-elm kc-css-120249 kc_col-sm-6 kc_column kc_col-sm-6\"><div class=\"kc-col-container\"><div class=\"kc-elm kc-css-178436\" style=\"height: 50px; clear: both; width:100%;\"><\/div><div class=\"kc-elm kc-css-58350 kc_shortcode kc_single_image\">\n\n        <img decoding=\"async\" src=\"https:\/\/www.wsm-schlafsysteme.at\/wp-content\/uploads\/2019\/08\/universal-\u00fcberzug.jpg\" class=\"\" alt=\"\" \/>    <\/div>\n<\/div><\/div><\/div><\/div><\/section><section class=\"kc-elm kc-css-861794 kc_row\"><div class=\"kc-row-container  kc-container\"><div class=\"kc-wrap-columns\"><div class=\"kc-elm kc-css-76756 kc_col-sm-6 kc_column kc_col-sm-6\"><div class=\"kc-col-container\"><div class=\"kc-elm kc-css-925815 kc_text_block\"><\/p>\n<h3>Einsteckstreifen<\/h3>\n<ul>\n<li>40 cm Frottee (wei\u00df), 80 % Baumwolle, 20 % Polyester<\/li>\n<li>Am Ende rundum mit Gummiband ausgestattet<\/li>\n<\/ul>\n<p>\n<\/div><\/div><\/div><div class=\"kc-elm kc-css-130654 kc_col-sm-6 kc_column kc_col-sm-6\"><div class=\"kc-col-container\"><div class=\"kc-elm kc-css-184425 kc_text_block\"><\/p>\n<h3>Geometrie<\/h3>\n<p>Geeignet f\u00fcr Hardside- und Softside-Wasserbetten <\/p>\n<p>\n<\/div><\/div><\/div><\/div><\/div><\/section><\/p>\n","protected":false},"excerpt":{"rendered":"","protected":false},"author":2,"featured_media":0,"parent":0,"menu_order":0,"comment_status":"closed","ping_status":"closed","template":"","meta":{"footnotes":""},"class_list":["post-1535","page","type-page","status-publish","hentry"],"_links":{"self":[{"href":"https:\/\/www.wsm-schlafsysteme.at\/index.php?rest_route=\/wp\/v2\/pages\/1535","targetHints":{"allow":["GET"]}}],"collection":[{"href":"https:\/\/www.wsm-schlafsysteme.at\/index.php?rest_route=\/wp\/v2\/pages"}],"about":[{"href":"https:\/\/www.wsm-schlafsysteme.at\/index.php?rest_route=\/wp\/v2\/types\/page"}],"author":[{"embeddable":true,"href":"https:\/\/www.wsm-schlafsysteme.at\/index.php?rest_route=\/wp\/v2\/users\/2"}],"replies":[{"embeddable":true,"href":"https:\/\/www.wsm-schlafsysteme.at\/index.php?rest_route=%2Fwp%2Fv2%2Fcomments&post=1535"}],"version-history":[{"count":14,"href":"https:\/\/www.wsm-schlafsysteme.at\/index.php?rest_route=\/wp\/v2\/pages\/1535\/revisions"}],"predecessor-version":[{"id":1550,"href":"https:\/\/www.wsm-schlafsysteme.at\/index.php?rest_route=\/wp\/v2\/pages\/1535\/revisions\/1550"}],"wp:attachment":[{"href":"https:\/\/www.wsm-schlafsysteme.at\/index.php?rest_route=%2Fwp%2Fv2%2Fmedia&parent=1535"}],"curies":[{"name":"wp","href":"https:\/\/api.w.org\/{rel}","templated":true}]}}