{"id":1514,"date":"2019-08-22T14:38:45","date_gmt":"2019-08-22T14:38:45","guid":{"rendered":"http:\/\/wsm.syne.at\/?page_id=1514"},"modified":"2019-08-22T14:48:49","modified_gmt":"2019-08-22T14:48:49","slug":"ueberzug-tencel-fuer-klassisches-soft-side-wasserbett","status":"publish","type":"page","link":"https:\/\/www.wsm-schlafsysteme.at\/?page_id=1514","title":{"rendered":"\u00dcberzug Tencel f\u00fcr klassisches Soft-Side Wasserbett"},"content":{"rendered":"<p><section class=\"kc-elm kc-css-920215 kc_row\"><div class=\"kc-row-container  kc-container\"><div class=\"kc-wrap-columns\"><div class=\"kc-elm kc-css-51612 kc_col-sm-12 kc_column kc_col-sm-12\"><div class=\"kc-col-container\"><div class=\"kc-elm kc-css-156295 kc_text_block\"><\/p>\n<h3>Beschreibung<\/h3>\n<p>Dieser hochwertige Bezug hat ein hohes F\u00fcllgewicht, ist luxuri\u00f6s verarbeitet und mit der Alles-in-Einem-Faser \u201eTencel\u201c ausgestattet. Tencel ist umweltfreundlich, f\u00fchlt sich seidenweich an, w\u00e4rmt im Winter und k\u00fchlt im Sommer und ist strapazierf\u00e4hig und pflegeleicht. Dank seiner feuchtigkeitsregulierenden Eigenschaften bildet Tencel einen nat\u00fcrlichen Schutz vor Bakterien, Schimmel und Hausstaubmilben.<\/p>\n<p>\n<\/div><\/div><\/div><\/div><\/div><\/section><section class=\"kc-elm kc-css-41394 kc_row\"><div class=\"kc-row-container  kc-container\"><div class=\"kc-wrap-columns\"><div class=\"kc-elm kc-css-612996 kc_col-sm-6 kc_column kc_col-sm-6\"><div class=\"kc-col-container\"><div class=\"kc-elm kc-css-587365 kc_text_block\"><\/p>\n<h3>Oberseite<\/h3>\n<ul>\n<li>Oberschicht 320 g Doppeltuch (wei\u00df), 38 % Tencel, 40 % Polyamid, 22 % Polyester<\/li>\n<li>Zwischenschicht 500 g silikonisierte, thermisch gebundene, lockere Hohlfaser<\/li>\n<li>Unterschicht 120 g Single Jersey Polybaumwolle<\/li>\n<li>Verarbeitet mit luxuri\u00f6ser Biese<\/li>\n<li>Nylonrei\u00dfverschluss, auf vier Seiten rundum abnehmbar<\/li>\n<li>Ausgestattet mit einem Teilrei\u00dfverschluss ab 160 cm Breite<\/li>\n<li>Waschbar bis 60 Grad<\/li>\n<\/ul>\n<p>\n<\/div><\/div><\/div><div class=\"kc-elm kc-css-877698 kc_col-sm-6 kc_column kc_col-sm-6\"><div class=\"kc-col-container\"><div class=\"kc-elm kc-css-329312\" style=\"height: 50px; clear: both; width:100%;\"><\/div><div class=\"kc-elm kc-css-898255 kc_shortcode kc_single_image\">\n\n        <img decoding=\"async\" src=\"https:\/\/www.wsm-schlafsysteme.at\/wp-content\/uploads\/2019\/08\/standard-\u00fcberzug.jpg\" class=\"\" alt=\"\" \/>    <\/div>\n<\/div><\/div><\/div><\/div><\/section><section class=\"kc-elm kc-css-299540 kc_row\"><div class=\"kc-row-container  kc-container\"><div class=\"kc-wrap-columns\"><div class=\"kc-elm kc-css-454609 kc_col-sm-6 kc_column kc_col-sm-6\"><div class=\"kc-col-container\"><div class=\"kc-elm kc-css-848679 kc_text_block\"><\/p>\n<h3>Seite<\/h3>\n<ul>\n<li>Oberschicht 320 g Doppeltuch (wei\u00df), 38 % Tencel, 40 % Polyamid, 22 % Polyester<\/li>\n<li>Zwischenschicht 100 g silikonisierte, thermisch gebundene, lockere Hohlfaser<\/li>\n<li>Unterschicht 100 g Vliesstoff<\/li>\n<\/ul>\n<p>\n<\/div><\/div><\/div><div class=\"kc-elm kc-css-215013 kc_col-sm-6 kc_column kc_col-sm-6\"><div class=\"kc-col-container\"><div class=\"kc-elm kc-css-866296 kc_text_block\"><\/p>\n<h3>Unterseite<\/h3>\n<ul>\n<li>100 g Vliesstoff<\/li>\n<li>Mit L\u00f6chern zur Kabeldurchfuhrbeheizung ausgestattet<\/li>\n<\/ul>\n<p>\n<\/div><\/div><\/div><\/div><\/div><\/section><\/p>\n","protected":false},"excerpt":{"rendered":"","protected":false},"author":2,"featured_media":0,"parent":0,"menu_order":0,"comment_status":"closed","ping_status":"closed","template":"","meta":{"footnotes":""},"class_list":["post-1514","page","type-page","status-publish","hentry"],"_links":{"self":[{"href":"https:\/\/www.wsm-schlafsysteme.at\/index.php?rest_route=\/wp\/v2\/pages\/1514","targetHints":{"allow":["GET"]}}],"collection":[{"href":"https:\/\/www.wsm-schlafsysteme.at\/index.php?rest_route=\/wp\/v2\/pages"}],"about":[{"href":"https:\/\/www.wsm-schlafsysteme.at\/index.php?rest_route=\/wp\/v2\/types\/page"}],"author":[{"embeddable":true,"href":"https:\/\/www.wsm-schlafsysteme.at\/index.php?rest_route=\/wp\/v2\/users\/2"}],"replies":[{"embeddable":true,"href":"https:\/\/www.wsm-schlafsysteme.at\/index.php?rest_route=%2Fwp%2Fv2%2Fcomments&post=1514"}],"version-history":[{"count":14,"href":"https:\/\/www.wsm-schlafsysteme.at\/index.php?rest_route=\/wp\/v2\/pages\/1514\/revisions"}],"predecessor-version":[{"id":1534,"href":"https:\/\/www.wsm-schlafsysteme.at\/index.php?rest_route=\/wp\/v2\/pages\/1514\/revisions\/1534"}],"wp:attachment":[{"href":"https:\/\/www.wsm-schlafsysteme.at\/index.php?rest_route=%2Fwp%2Fv2%2Fmedia&parent=1514"}],"curies":[{"name":"wp","href":"https:\/\/api.w.org\/{rel}","templated":true}]}}