{"id":1466,"date":"2019-08-22T10:17:40","date_gmt":"2019-08-22T10:17:40","guid":{"rendered":"http:\/\/wsm.syne.at\/?page_id=1466"},"modified":"2019-08-22T10:41:24","modified_gmt":"2019-08-22T10:41:24","slug":"ueberzug-oberteil-tencel","status":"publish","type":"page","link":"https:\/\/www.wsm-schlafsysteme.at\/?page_id=1466","title":{"rendered":"\u00dcberzug Oberteil Tencel"},"content":{"rendered":"<p><section class=\"kc-elm kc-css-133049 kc_row\"><div class=\"kc-row-container  kc-container\"><div class=\"kc-wrap-columns\"><div class=\"kc-elm kc-css-135409 kc_col-sm-12 kc_column kc_col-sm-12\"><div class=\"kc-col-container\"><div class=\"kc-elm kc-css-508200 kc_text_block\"><\/p>\n<h3>Beschreibung<\/h3>\n<p>Dieser hochwertige Bezug hat ein hohes F\u00fcllgewicht, ist luxuri\u00f6s verarbeitet und mit der Alles-in-Einem-Faser \u201eTencel\u201c ausgestattet. Tencel ist umweltfreundlich, f\u00fchlt sich seidenweich an, w\u00e4rmt im Winter und k\u00fchlt im Sommer und ist strapazierf\u00e4hig und pflegeleicht. Dank seiner feuchtigkeitsregulierenden Eigenschaften bildet Tencel einen nat\u00fcrlichen Schutz vor Bakterien, Schimmel und Hausstaubmilben.<\/p>\n<p>\n<\/div><\/div><\/div><\/div><\/div><\/section><section class=\"kc-elm kc-css-160512 kc_row\"><div class=\"kc-row-container  kc-container\"><div class=\"kc-wrap-columns\"><div class=\"kc-elm kc-css-504089 kc_col-sm-7 kc_column kc_col-sm-7\"><div class=\"kc-col-container\"><div class=\"kc-elm kc-css-966753 kc_text_block\"><\/p>\n<h3>Material<\/h3>\n<ul>\n<li>Oberschicht 320 g Doppeltuch (wei\u00df), 38 % Tencel, 40 % Polyamid, 22 % Polyester<\/li>\n<li>Zwischenschicht 500 g silikonisierte, thermisch gebundene, lockere Hohlfaser<\/li>\n<li>Unterschicht 120 g Single Jersey Polybaumwolle<\/li>\n<li>Verarbeitet mit luxuri\u00f6ser Biese\u00a0\u00a0 \u00a0<\/li>\n<li>Nylonrei\u00dfverschluss, auf vier Seiten rundum abnehmbar<\/li>\n<li>Ausgestattet mit einem Teilrei\u00dfverschluss ab 160 cm Breite<\/li>\n<li>Waschbar bis 60 Grad<\/li>\n<\/ul>\n<p>\n<\/div><\/div><\/div><div class=\"kc-elm kc-css-895407 kc_col-sm-5 kc_column kc_col-sm-5\"><div class=\"kc-col-container\"><div class=\"kc-elm kc-css-430491\" style=\"height: 70px; clear: both; width:100%;\"><\/div><div class=\"kc-elm kc-css-788048 kc_shortcode kc_single_image\">\n\n        <img decoding=\"async\" src=\"https:\/\/www.wsm-schlafsysteme.at\/wp-content\/uploads\/2019\/08\/\u00fcberzug-oberteil.jpg\" class=\"\" alt=\"\" \/>    <\/div>\n<\/div><\/div><\/div><\/div><\/section><\/p>\n","protected":false},"excerpt":{"rendered":"","protected":false},"author":2,"featured_media":0,"parent":0,"menu_order":0,"comment_status":"closed","ping_status":"closed","template":"","meta":{"footnotes":""},"class_list":["post-1466","page","type-page","status-publish","hentry"],"_links":{"self":[{"href":"https:\/\/www.wsm-schlafsysteme.at\/index.php?rest_route=\/wp\/v2\/pages\/1466","targetHints":{"allow":["GET"]}}],"collection":[{"href":"https:\/\/www.wsm-schlafsysteme.at\/index.php?rest_route=\/wp\/v2\/pages"}],"about":[{"href":"https:\/\/www.wsm-schlafsysteme.at\/index.php?rest_route=\/wp\/v2\/types\/page"}],"author":[{"embeddable":true,"href":"https:\/\/www.wsm-schlafsysteme.at\/index.php?rest_route=\/wp\/v2\/users\/2"}],"replies":[{"embeddable":true,"href":"https:\/\/www.wsm-schlafsysteme.at\/index.php?rest_route=%2Fwp%2Fv2%2Fcomments&post=1466"}],"version-history":[{"count":18,"href":"https:\/\/www.wsm-schlafsysteme.at\/index.php?rest_route=\/wp\/v2\/pages\/1466\/revisions"}],"predecessor-version":[{"id":1486,"href":"https:\/\/www.wsm-schlafsysteme.at\/index.php?rest_route=\/wp\/v2\/pages\/1466\/revisions\/1486"}],"wp:attachment":[{"href":"https:\/\/www.wsm-schlafsysteme.at\/index.php?rest_route=%2Fwp%2Fv2%2Fmedia&parent=1466"}],"curies":[{"name":"wp","href":"https:\/\/api.w.org\/{rel}","templated":true}]}}