{"id":1331,"date":"2019-08-22T07:29:18","date_gmt":"2019-08-22T07:29:18","guid":{"rendered":"http:\/\/wsm.syne.at\/?page_id=1331"},"modified":"2019-12-03T10:40:24","modified_gmt":"2019-12-03T10:40:24","slug":"pflegeprodukte","status":"publish","type":"page","link":"https:\/\/www.wsm-schlafsysteme.at\/?page_id=1331","title":{"rendered":"Pflegeprodukte"},"content":{"rendered":"<p><section class=\"kc-elm kc-css-466232 kc_row\"><div class=\"kc-row-container  kc-container\"><div class=\"kc-wrap-columns\"><div class=\"kc-elm kc-css-634747 kc_col-sm-5 kc_column kc_col-sm-5\"><div class=\"kc-col-container\"><div class=\"kc-elm kc-css-858709 kc_shortcode kc_single_image\">\n\n        <img decoding=\"async\" src=\"https:\/\/www.wsm-schlafsysteme.at\/wp-content\/uploads\/2019\/12\/kondi.jpg\" class=\"\" alt=\"\" \/>    <\/div>\n<\/div><\/div><div class=\"kc-elm kc-css-788264 kc_col-sm-7 kc_column kc_col-sm-7\"><div class=\"kc-col-container\"><div class=\"kc-elm kc-css-90798 kc_text_block\"><\/p>\n<h2>Wasserbetten Konditioner<\/h2>\n<p>\n<\/div><div class=\"kc-elm kc-css-976470 kc_text_block\"><\/p>\n<p><span style=\"margin: 0px; font-family: 'Helvetica','sans-serif';\"><span style=\"color: #000000;\">Er bek\u00e4mpft wirkungsvoll Keime im Wasserkern und konserviert dessen Inhalt bis zu 6 Monate. Gleichzeitig pflegt und sch\u00fctzt er die Vinylfolie von ihrer Innenseite. Dieser Konditionierer ist in einem weiten ph-Bereich sowohl gegen Bakterien als auch gegen Pilze und Algen wirksam. Unser Wasserbettkonditionierer ist in biologischen Kl\u00e4ranlagen schnell eliminierbar und hat in der empfohlenen Anwendungskonzentration keinen negativen Einfluss auf die Kl\u00e4ranlagenbiologie.<\/span><\/span><\/p>\n<p>\n<\/div><\/div><\/div><\/div><\/div><\/section><section class=\"kc-elm kc-css-634240 kc_row\"><div class=\"kc-row-container  kc-container\"><div class=\"kc-wrap-columns\"><div class=\"kc-elm kc-css-976342 kc_col-sm-12 kc_column kc_col-sm-12\"><div class=\"kc-col-container\"><div class=\"kc-elm kc-css-724102\" style=\"height: 50px; clear: both; width:100%;\"><\/div><\/div><\/div><\/div><\/div><\/section><section class=\"kc-elm kc-css-511911 kc_row\"><div class=\"kc-row-container  kc-container\"><div class=\"kc-wrap-columns\"><div class=\"kc-elm kc-css-451801 kc_col-sm-5 kc_column kc_col-sm-5\"><div class=\"kc-col-container\"><div class=\"kc-elm kc-css-57659 kc_shortcode kc_single_image\">\n\n        <img decoding=\"async\" src=\"https:\/\/www.wsm-schlafsysteme.at\/wp-content\/uploads\/2019\/08\/Bio-Konditioner.jpg\" class=\"\" alt=\"\" \/>    <\/div>\n<\/div><\/div><div class=\"kc-elm kc-css-654420 kc_col-sm-7 kc_column kc_col-sm-7\"><div class=\"kc-col-container\"><div class=\"kc-elm kc-css-627764 kc_text_block\"><\/p>\n<h2>Bio Konditioner<\/h2>\n<p>\n<\/div><div class=\"kc-elm kc-css-462548 kc_text_block\"><\/p>\n<p><span style=\"display: inline !important; float: none; background-color: transparent; color: #111111; font-family: 'Amazon Ember',Arial,sans-serif; font-size: 19px; font-style: normal; font-variant: normal; font-weight: 400; letter-spacing: normal; line-height: 24.7px; orphans: 2; text-align: left; text-decoration: none; text-indent: 0px; text-transform: none; -webkit-text-stroke-width: 0px; white-space: normal; word-spacing: 0px;\">Aqua Bio Superonzentrat nat\u00fcrlicher Wasserbett Conditioner &#8211; Wasserbettkonditionierer ohne Chemie gegen Umkippen, Luft und Ger\u00fcche im Wasserbett<\/span><\/p>\n<ul class=\"a-unordered-list a-vertical a-spacing-none\">\n<li><span class=\"a-list-item\">AquaBio Superkonzentrat Conditioner ist ohne Chemie <\/span><\/li>\n<li><span class=\"a-list-item\"> Nat\u00fcrliches\u00a0Mittel\u00a0zur Wasserbehandlung in Wasserbetten <\/span><\/li>\n<li><span class=\"a-list-item\"> Wirksam gegen Luft im Wasserbett\u00a0und \u00fcble Ger\u00fcche <\/span><\/li>\n<li><span class=\"a-list-item\"> H\u00f6chst effektiv, rein biologisch <\/span><\/li>\n<li><span class=\"a-list-item\"> 1 Flasche h\u00e4lt 12 Monate das Wasser frisch <\/span><\/li>\n<\/ul>\n<p>\n<\/div><\/div><\/div><\/div><\/div><\/section><section class=\"kc-elm kc-css-127271 kc_row\"><div class=\"kc-row-container  kc-container\"><div class=\"kc-wrap-columns\"><div class=\"kc-elm kc-css-62817 kc_col-sm-12 kc_column kc_col-sm-12\"><div class=\"kc-col-container\"><div class=\"kc-elm kc-css-675151\" style=\"height: 50px; clear: both; width:100%;\"><\/div><\/div><\/div><\/div><\/div><\/section><section class=\"kc-elm kc-css-950765 kc_row\"><div class=\"kc-row-container  kc-container\"><div class=\"kc-wrap-columns\"><div class=\"kc-elm kc-css-97884 kc_col-sm-5 kc_column kc_col-sm-5\"><div class=\"kc-col-container\"><div class=\"kc-elm kc-css-446450 kc_shortcode kc_single_image\">\n\n        <img decoding=\"async\" src=\"https:\/\/www.wsm-schlafsysteme.at\/wp-content\/uploads\/2019\/12\/vinyl-Cleaner.jpg\" class=\"\" alt=\"\" \/>    <\/div>\n<\/div><\/div><div class=\"kc-elm kc-css-420840 kc_col-sm-7 kc_column kc_col-sm-7\"><div class=\"kc-col-container\"><div class=\"kc-elm kc-css-457995 kc_text_block\"><\/p>\n<h2>Vinyl Reiniger<\/h2>\n<p>\n<\/div><div class=\"kc-elm kc-css-970589 kc_text_block\"><\/p>\n<p><span style=\"margin: 0px; font-family: 'Helvetica','sans-serif';\"><span style=\"color: #000000;\">Unser Vinylreiniger wurde speziell zur Reinigung und Pflege von Wasserbettmatratzen entwickelt. Er pflegt und sch\u00fctzt die Wassermatratzen von au\u00dfen und beugt der Rissbildung und Verspr\u00f6dung der Materialien vor.<\/span><\/span><\/p>\n<p>\n<\/div><\/div><\/div><\/div><\/div><\/section><section class=\"kc-elm kc-css-140742 kc_row\"><div class=\"kc-row-container  kc-container\"><div class=\"kc-wrap-columns\"><div class=\"kc-elm kc-css-911378 kc_col-sm-12 kc_column kc_col-sm-12\"><div class=\"kc-col-container\"><div class=\"kc-elm kc-css-899118\" style=\"height: 50px; clear: both; width:100%;\"><\/div><\/div><\/div><\/div><\/div><\/section><section class=\"kc-elm kc-css-284070 kc_row\"><div class=\"kc-row-container  kc-container\"><div class=\"kc-wrap-columns\"><div class=\"kc-elm kc-css-485417 kc_col-sm-5 kc_column kc_col-sm-5\"><div class=\"kc-col-container\"><div class=\"kc-elm kc-css-33857 kc_shortcode kc_single_image\">\n\n        <img decoding=\"async\" src=\"https:\/\/www.wsm-schlafsysteme.at\/wp-content\/uploads\/2019\/08\/runa-entlufterpumpe.jpg.png\" class=\"\" alt=\"\" \/>    <\/div>\n<\/div><\/div><div class=\"kc-elm kc-css-630041 kc_col-sm-7 kc_column kc_col-sm-7\"><div class=\"kc-col-container\"><div class=\"kc-elm kc-css-604564 kc_text_block\"><\/p>\n<h2>Entl\u00fcfterpumpe<\/h2>\n<p>\n<\/div><div class=\"kc-elm kc-css-279857 kc_text_block\"><\/p>\n<p>Zum Abpumpen von st\u00f6renden Luftblasen aus der Wassermatratze.<\/p>\n<p>\n<\/div><\/div><\/div><\/div><\/div><\/section><section class=\"kc-elm kc-css-457155 kc_row\"><div class=\"kc-row-container  kc-container\"><div class=\"kc-wrap-columns\"><div class=\"kc-elm kc-css-132856 kc_col-sm-12 kc_column kc_col-sm-12\"><div class=\"kc-col-container\"><div class=\"kc-elm kc-css-933365\" style=\"height: 50px; clear: both; width:100%;\"><\/div><\/div><\/div><\/div><\/div><\/section><section class=\"kc-elm kc-css-549214 kc_row\"><div class=\"kc-row-container  kc-container\"><div class=\"kc-wrap-columns\"><div class=\"kc-elm kc-css-694062 kc_col-sm-5 kc_column kc_col-sm-5\"><div class=\"kc-col-container\"><div class=\"kc-elm kc-css-237545 kc_shortcode kc_single_image\">\n\n        <img decoding=\"async\" src=\"https:\/\/www.wsm-schlafsysteme.at\/wp-content\/uploads\/2019\/08\/Reparaturset.png\" class=\"\" alt=\"\" \/>    <\/div>\n<\/div><\/div><div class=\"kc-elm kc-css-379263 kc_col-sm-7 kc_column kc_col-sm-7\"><div class=\"kc-col-container\"><div class=\"kc-elm kc-css-644147 kc_text_block\"><\/p>\n<h2>Reparaturset<\/h2>\n<p>\n<\/div><div class=\"kc-elm kc-css-387947 kc_text_block\"><\/p>\n<p><span style=\"display: inline !important; float: none; background-color: transparent; color: #333333; cursor: text; font-family: 'Libre Franklin','Helvetica Neue',helvetica,arial,sans-serif; font-size: 16px; font-style: normal; font-variant: normal; font-weight: 400; letter-spacing: normal; orphans: 2; text-align: left; text-decoration: none; text-indent: 0px; text-transform: none; -webkit-text-stroke-width: 0px; white-space: normal; word-spacing: 0px;\">Zum Reparieren einer Wasserbettmatratze. Besteht aus Tube mit Vinylkleber und Vinylfolienst\u00fcck.<\/span><\/p>\n<p>\n<\/div><\/div><\/div><\/div><\/div><\/section><section class=\"kc-elm kc-css-77224 kc_row\"><div class=\"kc-row-container  kc-container\"><div class=\"kc-wrap-columns\"><div class=\"kc-elm kc-css-666363 kc_col-sm-12 kc_column kc_col-sm-12\"><div class=\"kc-col-container\"><div class=\"kc-elm kc-css-115273\" style=\"height: 50px; clear: both; width:100%;\"><\/div><\/div><\/div><\/div><\/div><\/section><section class=\"kc-elm kc-css-260378 kc_row\"><div class=\"kc-row-container  kc-container\"><div class=\"kc-wrap-columns\"><div class=\"kc-elm kc-css-448679 kc_col-sm-5 kc_column kc_col-sm-5\"><div class=\"kc-col-container\"><div class=\"kc-elm kc-css-184309\" style=\"height: 120px; clear: both; width:100%;\"><\/div><div class=\"kc-elm kc-css-908479 kc_shortcode kc_single_image\">\n\n        <img decoding=\"async\" src=\"https:\/\/www.wsm-schlafsysteme.at\/wp-content\/uploads\/2019\/08\/softside-silver-care-universal-wasserbett-reparaturbezug_328.jpg\" class=\"\" alt=\"\" \/>    <\/div>\n<\/div><\/div><div class=\"kc-elm kc-css-478701 kc_col-sm-7 kc_column kc_col-sm-7\"><div class=\"kc-col-container\"><div class=\"kc-elm kc-css-22460 kc_text_block\"><\/p>\n<h2>Cap Liner mit Rei\u00dfverschluss<\/h2>\n<p>\n<\/div><div class=\"kc-elm kc-css-78784 kc_text_block\"><\/p>\n<h3><em>Beschreibung<\/em><\/h3>\n<ul>\n<li>Bildet eine hygienische Schutzschicht zwischen Bezugsoberteil und Wassermatratze<\/li>\n<li>Sch\u00fctzt die Wassermatratze vor dem Eindringen von Transpiration, Schmutz und Staub<\/li>\n<li>Geeignet zur Platzierung zwischen der Wasserkernoberfl\u00e4che und Seite des Bezugs Softside Basic und Split<\/li>\n<\/ul>\n<h3><em>Material<\/em><\/h3>\n<ul>\n<li>100 % Nylon mit Teflonschutz<\/li>\n<li>Nylonrei\u00dfverschluss, auf vier Seiten rundum abnehmbar<\/li>\n<li>Abwaschbar mit kaltem Wasser &#8211; nicht in der Waschmaschine waschbar<\/li>\n<\/ul>\n<p>\n<\/div><\/div><\/div><\/div><\/div><\/section><section class=\"kc-elm kc-css-388829 kc_row\"><div class=\"kc-row-container  kc-container\"><div class=\"kc-wrap-columns\"><div class=\"kc-elm kc-css-760748 kc_col-sm-12 kc_column kc_col-sm-12\"><div class=\"kc-col-container\"><div class=\"kc-elm kc-css-260996 kc_text_block\"><\/p>\n<h2>Top Liner<\/h2>\n<p>\n<\/div><div class=\"kc-elm kc-css-705173 kc_text_block\"><\/p>\n<p><span style=\"margin: 0px; font-family: 'Helvetica','sans-serif'; font-size: 11pt;\"><span style=\"color: #000000;\">Der Topliner wird direkt \u00fcber die Wassermatratze und die Schaumstoffstangen gezogen. Das auf der Oberseite verarbeitete Frottee sorgt f\u00fcr ausreichenden Luft und Feuchtigkeitstransport. Die Spezial-Beschichtung aus Polyurethan ist wasserdicht und verhindert, dass Staub,Schmutz, Schwei\u00df, Hautschuppen und Salzkristalle auf die Vinylmatratze gelangen. Gleichzeitig ist sie diffusionsoffen und erm\u00f6glicht damit eine gute Luftzirkulation. <\/span><\/span><\/p>\n<p><span style=\"margin: 0px; font-family: 'Helvetica','sans-serif';\"><span style=\"color: #000000;\">Der Topliner ist sehr dehnf\u00e4hig, der Liegekomfort des Wasserbettes bleibt bestens erhalten.<\/span><\/span><\/p>\n<p><span style=\"color: #000000;\">\u00b7<span style=\"font: 7pt 'Times New Roman'; margin: 0px; font-size-adjust: none; font-stretch: normal;\">\u00a0\u00a0\u00a0\u00a0\u00a0\u00a0\u00a0\u00a0 <\/span><span style=\"margin: 0px; font-family: 'Helvetica','sans-serif';\">F\u00fcr Wasserbetten bis 30 cm H\u00f6he<\/span><\/span><\/p>\n<p><span style=\"color: #000000;\">\u00b7<span style=\"font: 7pt 'Times New Roman'; margin: 0px; font-size-adjust: none; font-stretch: normal;\">\u00a0\u00a0\u00a0\u00a0\u00a0\u00a0\u00a0\u00a0 <\/span><span style=\"margin: 0px; font-family: 'Helvetica','sans-serif';\">Einfach und schnell wie ein Spannbetttuch aufziehen<\/span><\/span><\/p>\n<p><span style=\"color: #000000;\">\u00b7<span style=\"font: 7pt 'Times New Roman'; margin: 0px; font-size-adjust: none; font-stretch: normal;\">\u00a0\u00a0\u00a0\u00a0\u00a0\u00a0\u00a0\u00a0 <\/span><span style=\"margin: 0px; font-family: 'Helvetica','sans-serif';\">Sch\u00fctzt das Vinyl vor Verschmutzungen, Pflegeintervalle werden verringert<\/span><\/span><\/p>\n<p><span style=\"margin: 0px; font-family: 'Helvetica','sans-serif';\"><span style=\"color: #000000;\">Liegefl\u00e4che: 80% Baumwolle, 20% Polyester (200 g\/m\u00b2) \/ Seitenborder: 100% Baumwolle \/ Schutzschicht: 100% Polyurethan<\/span><\/span><\/p>\n<p>\n<\/div><div class=\"kc-elm kc-css-614441 kc_shortcode kc_single_image\">\n\n        <img decoding=\"async\" src=\"https:\/\/www.wsm-schlafsysteme.at\/wp-content\/uploads\/2019\/08\/Top-Liner.png\" class=\"\" alt=\"\" \/>    <\/div>\n<\/div><\/div><\/div><\/div><\/section><\/p>\n","protected":false},"excerpt":{"rendered":"","protected":false},"author":2,"featured_media":0,"parent":0,"menu_order":0,"comment_status":"closed","ping_status":"closed","template":"","meta":{"footnotes":""},"class_list":["post-1331","page","type-page","status-publish","hentry"],"_links":{"self":[{"href":"https:\/\/www.wsm-schlafsysteme.at\/index.php?rest_route=\/wp\/v2\/pages\/1331","targetHints":{"allow":["GET"]}}],"collection":[{"href":"https:\/\/www.wsm-schlafsysteme.at\/index.php?rest_route=\/wp\/v2\/pages"}],"about":[{"href":"https:\/\/www.wsm-schlafsysteme.at\/index.php?rest_route=\/wp\/v2\/types\/page"}],"author":[{"embeddable":true,"href":"https:\/\/www.wsm-schlafsysteme.at\/index.php?rest_route=\/wp\/v2\/users\/2"}],"replies":[{"embeddable":true,"href":"https:\/\/www.wsm-schlafsysteme.at\/index.php?rest_route=%2Fwp%2Fv2%2Fcomments&post=1331"}],"version-history":[{"count":111,"href":"https:\/\/www.wsm-schlafsysteme.at\/index.php?rest_route=\/wp\/v2\/pages\/1331\/revisions"}],"predecessor-version":[{"id":5447,"href":"https:\/\/www.wsm-schlafsysteme.at\/index.php?rest_route=\/wp\/v2\/pages\/1331\/revisions\/5447"}],"wp:attachment":[{"href":"https:\/\/www.wsm-schlafsysteme.at\/index.php?rest_route=%2Fwp%2Fv2%2Fmedia&parent=1331"}],"curies":[{"name":"wp","href":"https:\/\/api.w.org\/{rel}","templated":true}]}}