{"id":1315,"date":"2019-08-21T15:55:51","date_gmt":"2019-08-21T15:55:51","guid":{"rendered":"http:\/\/wsm.syne.at\/?page_id=1315"},"modified":"2019-08-21T15:57:07","modified_gmt":"2019-08-21T15:57:07","slug":"freciouscare-innenraum-luftreiniger","status":"publish","type":"page","link":"https:\/\/www.wsm-schlafsysteme.at\/?page_id=1315","title":{"rendered":"FreciousCare Innenraum-Luftreiniger"},"content":{"rendered":"\n<p><strong>Atmen Sie ab sofort 99,99%* klare, reine und frische Luft<\/strong><\/p>\n\n\n\n<p>Der R\u00f6wa FreciousCare Innenraum-Luftreiniger filtert hocheffizient z.B. Feinstaub (PM2,5), Ger\u00fcche (Kochen,Tabak, Tiere), Schimmelpilzsporen, Hausstaubmilben, Bakterien, Formaldehyd, Schadstoffe, Ozon sowie Allergene und Pollen aus der Luft. Leise, energieeffizient und mit einem dreistufigen Filtrationsprozess sorgt er f\u00fcr ein sp\u00fcrbar sauberes Raumklima.<\/p>\n\n\n\n<div class=\"wp-block-image\"><figure class=\"alignright is-resized\"><img loading=\"lazy\" decoding=\"async\" src=\"http:\/\/www.wsm-schlafsysteme.at\/wp-content\/uploads\/2019\/07\/FreciousCare_489x291.jpg\" alt=\"\" class=\"wp-image-274\" width=\"390\" height=\"231\" srcset=\"https:\/\/www.wsm-schlafsysteme.at\/wp-content\/uploads\/2019\/07\/FreciousCare_489x291.jpg 489w, https:\/\/www.wsm-schlafsysteme.at\/wp-content\/uploads\/2019\/07\/FreciousCare_489x291-350x208.jpg 350w, https:\/\/www.wsm-schlafsysteme.at\/wp-content\/uploads\/2019\/07\/FreciousCare_489x291-300x179.jpg 300w\" sizes=\"auto, (max-width: 390px) 100vw, 390px\" \/><figcaption>R\u00f6wa Frecious Care<\/figcaption><\/figure><\/div>\n\n\n\n<ul class=\"wp-block-list\"><li>Hilft bei Allergien und Beschwerden der Atemwege<\/li><li>Das erfrischende Gef\u00fchl einer sauberen Luft<\/li><li>Niedriger Energieverbrauch<\/li><li>Frei von Sekund\u00e4rverunreinigungen wie z.B. Ozon<\/li><\/ul>\n\n\n\n<p><strong>Gute Luft f\u00fcr guten Schlaf<\/strong><\/p>\n\n\n\n<div class=\"wp-block-image\"><figure class=\"alignright\"><img loading=\"lazy\" decoding=\"async\" width=\"390\" height=\"291\" src=\"http:\/\/www.wsm-schlafsysteme.at\/wp-content\/uploads\/2019\/07\/FreciousCare_Bild1_390x291.jpg\" alt=\"\" class=\"wp-image-275\" srcset=\"https:\/\/www.wsm-schlafsysteme.at\/wp-content\/uploads\/2019\/07\/FreciousCare_Bild1_390x291.jpg 390w, https:\/\/www.wsm-schlafsysteme.at\/wp-content\/uploads\/2019\/07\/FreciousCare_Bild1_390x291-350x261.jpg 350w, https:\/\/www.wsm-schlafsysteme.at\/wp-content\/uploads\/2019\/07\/FreciousCare_Bild1_390x291-300x224.jpg 300w\" sizes=\"auto, (max-width: 390px) 100vw, 390px\" \/><\/figure><\/div>\n\n\n\n<p>In der Nacht regeneriert der K\u00f6rper. Er verarbeitet das Erlebte und st\u00e4rkt sich f\u00fcr den anstehenden Tag. Dabei atmet der Mensch in einer 8-Stunden-Nacht rund 4000 Liter Luft. Ist die Luftqualit\u00e4t mit Schadstoffen verunreinigt oder beinhaltet sie zu wenig Sauerstoff, wirkt sich das auf unser Wohlbefinden und unsere Gesundheit aus. <br>\nGute Luftqualit\u00e4t ist heute keine Selbstverst\u00e4ndlichkeit. In Innenr\u00e4umen ist die Belastung durch verunreinigte Luft oft um ein Vielfaches h\u00f6her als im Freien. Wir m\u00f6chten, dass Sie frei aufatmen k\u00f6nnen \u2013 auch in der Nacht!<\/p>\n\n\n\n<p>Dank des Schlaf-Modus sorgt der R\u00f6wa FreciousCare Luftreiniger auch nachts f\u00fcr eine gesunde Raumluft. Leise, energiesparend und mit abgedunkeltem Display.<\/p>\n\n\n\n<p><strong>Dreilagige Filtrationstechnologie f\u00fcr hocheffiziente Luftreinigung<\/strong><\/p>\n\n\n\n<p>Der hocheffiziente R\u00f6wa FreciousCare Innenraum-Luftreiniger hat die fortschrittlichste Filtertechnik am Markt und entfernt 99,99%* aller Feinstaubpartikel (PM2,5) und Bakterien.<\/p>\n\n\n\n<div class=\"wp-block-image\"><figure class=\"alignright\"><img loading=\"lazy\" decoding=\"async\" width=\"390\" height=\"390\" src=\"http:\/\/www.wsm-schlafsysteme.at\/wp-content\/uploads\/2019\/07\/FreciousCare_Bild3_390x390.jpg\" alt=\"\" class=\"wp-image-276\" srcset=\"https:\/\/www.wsm-schlafsysteme.at\/wp-content\/uploads\/2019\/07\/FreciousCare_Bild3_390x390.jpg 390w, https:\/\/www.wsm-schlafsysteme.at\/wp-content\/uploads\/2019\/07\/FreciousCare_Bild3_390x390-250x250.jpg 250w, https:\/\/www.wsm-schlafsysteme.at\/wp-content\/uploads\/2019\/07\/FreciousCare_Bild3_390x390-100x100.jpg 100w, https:\/\/www.wsm-schlafsysteme.at\/wp-content\/uploads\/2019\/07\/FreciousCare_Bild3_390x390-350x350.jpg 350w, https:\/\/www.wsm-schlafsysteme.at\/wp-content\/uploads\/2019\/07\/FreciousCare_Bild3_390x390-150x150.jpg 150w, https:\/\/www.wsm-schlafsysteme.at\/wp-content\/uploads\/2019\/07\/FreciousCare_Bild3_390x390-300x300.jpg 300w\" sizes=\"auto, (max-width: 390px) 100vw, 390px\" \/><\/figure><\/div>\n\n\n\n<ol class=\"wp-block-list\"><li><strong>Vorfiltrationslage<\/strong><br> Die erste Filterstufe beseitigt gr\u00f6bere Partikel wie Haare, Staub und Pollen.<\/li><li><strong>Aktivkohleschicht<\/strong><br> Entfernt gasf\u00f6rmige Schadstoffe wie Formaldehyd und andere fl\u00fcchtige organische Verbindungen (VOCs) sowie Stickoxide, Schwefeldioxid und unangenehme Ger\u00fcche wie Zigarettenrauch, Tier- und Kochgeruch.<\/li><li><strong>Hochleistungs-Filtrationsschicht<\/strong><br> Die dritte Filterstufe entfernt Verunreinigungen in Partikelgr\u00f6\u00dfe wie z.B. Feinstaub (PM2,5), Rauch, Bakterien, Hausstaubmilben, Schimmelpilzsporen und andere Mikroorganismen.<\/li><\/ol>\n\n\n\n<div class=\"wp-block-image\"><figure class=\"alignright\"><img loading=\"lazy\" decoding=\"async\" width=\"390\" height=\"390\" src=\"http:\/\/www.wsm-schlafsysteme.at\/wp-content\/uploads\/2019\/07\/FreciousCare_Bild2_390x390.jpg\" alt=\"\" class=\"wp-image-277\" srcset=\"https:\/\/www.wsm-schlafsysteme.at\/wp-content\/uploads\/2019\/07\/FreciousCare_Bild2_390x390.jpg 390w, https:\/\/www.wsm-schlafsysteme.at\/wp-content\/uploads\/2019\/07\/FreciousCare_Bild2_390x390-250x250.jpg 250w, https:\/\/www.wsm-schlafsysteme.at\/wp-content\/uploads\/2019\/07\/FreciousCare_Bild2_390x390-100x100.jpg 100w, https:\/\/www.wsm-schlafsysteme.at\/wp-content\/uploads\/2019\/07\/FreciousCare_Bild2_390x390-350x350.jpg 350w, https:\/\/www.wsm-schlafsysteme.at\/wp-content\/uploads\/2019\/07\/FreciousCare_Bild2_390x390-150x150.jpg 150w, https:\/\/www.wsm-schlafsysteme.at\/wp-content\/uploads\/2019\/07\/FreciousCare_Bild2_390x390-300x300.jpg 300w\" sizes=\"auto, (max-width: 390px) 100vw, 390px\" \/><\/figure><\/div>\n\n\n\n<p><strong>Das passende Produkt f\u00fcr eine gesunde Schlafumgebung &#8211;<br>Der R\u00f6wa FreciousCare Luftreiniger.<\/strong><\/p>\n\n\n\n<p>F\u00fcr eine gesunde Raumluft in Ihrem Schlafzimmer: Um die Schlafqualit\u00e4t ganzheitlich zu verbessern, arbeiten wir vertrauensvoll mit einem der weltweit f\u00fchrenden Filterhersteller zusammen \u2013 MANN+HUMMEL. Das Ergebnis ist der R\u00f6wa FreciousCare Luftreiniger.<\/p>\n\n\n\n<p><strong>Echter Schlafkomfort. Nat\u00fcrlich von R\u00f6wa.<\/strong><\/p>\n\n\n\n<p><em>* In einer nach GB\/T18801-2015 eingerichteten 30m\u00b3 Pr\u00fcfkammer werden >99,99 % der Feinstaubpartikel (PM2,5) und Bakterien (Stapphylococus albus 8032) innerhalb von 45 bzw. 60 Minuten beseitigt.<\/em><\/p>\n","protected":false},"excerpt":{"rendered":"<p>Atmen Sie ab sofort 99,99%* klare, reine und frische Luft Der R\u00f6wa FreciousCare Innenraum-Luftreiniger filtert hocheffizient z.B. Feinstaub (PM2,5), Ger\u00fcche (Kochen,Tabak, Tiere), Schimmelpilzsporen, Hausstaubmilben, Bakterien, Formaldehyd, Schadstoffe, Ozon sowie Allergene und Pollen aus der Luft. Leise, energieeffizient und mit einem dreistufigen Filtrationsprozess sorgt er f\u00fcr ein sp\u00fcrbar sauberes Raumklima. Hilft bei Allergien und Beschwerden der &hellip; <\/p>\n<p class=\"link-more\"><a href=\"https:\/\/www.wsm-schlafsysteme.at\/?page_id=1315\" class=\"more-link\"><span class=\"screen-reader-text\">\u201eFreciousCare Innenraum-Luftreiniger\u201c <\/span>weiterlesen<\/a><\/p>\n","protected":false},"author":2,"featured_media":0,"parent":0,"menu_order":0,"comment_status":"closed","ping_status":"closed","template":"","meta":{"footnotes":""},"class_list":["post-1315","page","type-page","status-publish","hentry"],"_links":{"self":[{"href":"https:\/\/www.wsm-schlafsysteme.at\/index.php?rest_route=\/wp\/v2\/pages\/1315","targetHints":{"allow":["GET"]}}],"collection":[{"href":"https:\/\/www.wsm-schlafsysteme.at\/index.php?rest_route=\/wp\/v2\/pages"}],"about":[{"href":"https:\/\/www.wsm-schlafsysteme.at\/index.php?rest_route=\/wp\/v2\/types\/page"}],"author":[{"embeddable":true,"href":"https:\/\/www.wsm-schlafsysteme.at\/index.php?rest_route=\/wp\/v2\/users\/2"}],"replies":[{"embeddable":true,"href":"https:\/\/www.wsm-schlafsysteme.at\/index.php?rest_route=%2Fwp%2Fv2%2Fcomments&post=1315"}],"version-history":[{"count":2,"href":"https:\/\/www.wsm-schlafsysteme.at\/index.php?rest_route=\/wp\/v2\/pages\/1315\/revisions"}],"predecessor-version":[{"id":1319,"href":"https:\/\/www.wsm-schlafsysteme.at\/index.php?rest_route=\/wp\/v2\/pages\/1315\/revisions\/1319"}],"wp:attachment":[{"href":"https:\/\/www.wsm-schlafsysteme.at\/index.php?rest_route=%2Fwp%2Fv2%2Fmedia&parent=1315"}],"curies":[{"name":"wp","href":"https:\/\/api.w.org\/{rel}","templated":true}]}}