{"id":1280,"date":"2019-08-21T15:16:36","date_gmt":"2019-08-21T15:16:36","guid":{"rendered":"http:\/\/wsm.syne.at\/?page_id=1280"},"modified":"2019-08-21T15:39:58","modified_gmt":"2019-08-21T15:39:58","slug":"spannbetttuecher","status":"publish","type":"page","link":"https:\/\/www.wsm-schlafsysteme.at\/?page_id=1280","title":{"rendered":"Spannbettt\u00fccher"},"content":{"rendered":"<section class=\"kc-elm kc-css-136360 kc_row\"><div class=\"kc-row-container  kc-container\"><div class=\"kc-wrap-columns\"><div class=\"kc-elm kc-css-238036 kc_col-sm-7 kc_column kc_col-sm-7\"><div class=\"kc-col-container\"><div class=\"kc-elm kc-css-765589 kc_text_block\"><\/p>\n<div class=\"row\">\n<div class=\"col-xs-12 col-sm-12\">\n<h2>Qualit\u00e4tsbeschreibung<\/h2>\n<div>\n<ul>\n<li>95% Baumwolle 5% Elastan<\/li>\n<li>220 gr\/m\u00b2 +-5%<\/li>\n<li>Extrem hohe Dehnf\u00e4higkeit (20)<\/li>\n<li>Nachziehbarer Gummi, abgen\u00e4hte Ecken<\/li>\n<li>Stegh\u00f6he passend f\u00fcr Matratzenh\u00f6he bis 30 cm auch f\u00fcr Wasserbetten geeignet<\/li>\n<li>In allen 51 Mr. Sandman Farben verf\u00fcgbar<\/li>\n<li>Sondergr\u00f6\u00dfen auf Anfrage erh\u00e4ltlich (auch f\u00fcr Boots- und Caravan Matratzen)<\/li>\n<\/ul>\n<p>22 dtex Elastan = 10.000 m wiegen 22 gr<\/p>\n<p>Sitzt immer glatt und faltenfrei auf der Matratze.<\/p>\n<p>Bei diesem Spannbetttuch ist ein nachspannen nicht notwendig \u2013 es rutscht auch seitlich nicht heraus, auch nicht bei hohen Matratzen.<\/p>\n<p>Eine anspruchsvolle Qualit\u00e4t f\u00fcr den t\u00e4glichen Gebrauch.<\/p>\n<\/div>\n<\/div>\n<\/div>\n<div class=\"row\">\n<div class=\"col-xs-12 col-sm-12\">\n<h2>Standard Gr\u00f6\u00dfen<\/h2>\n<div class=\"clearfix standard-sizes\">\n<div class=\"product-size\">\u00a0\u00a0\u00a090-100 x 200-220 cm<\/div>\n<div class=\"product-size\">\u00a0\u00a0\u00a0120-130 x 200-220 cm<\/div>\n<div class=\"product-size\">\u00a0\u00a0\u00a0140-160 x 200-220 cm<\/div>\n<div class=\"product-size\">\u00a0\u00a0\u00a0180-200 x 200-220 cm<\/div>\n<\/div>\n<\/div>\n<\/div>\n<p>\n<\/div><\/div><\/div><div class=\"kc-elm kc-css-514229 kc_col-sm-5 kc_column kc_col-sm-5\"><div class=\"kc-col-container\"><div class=\"kc-elm kc-css-9865 kc_shortcode kc_single_image\">\n\n        <img decoding=\"async\" src=\"https:\/\/www.wsm-schlafsysteme.at\/wp-content\/uploads\/2019\/08\/Elastan-classic-250x250.jpg\" class=\"\" alt=\"\" \/>    <\/div>\n<div class=\"kc-elm kc-css-43699\" style=\"height: 100px; clear: both; width:100%;\"><\/div><div class=\"kc-elm kc-css-150881 kc_shortcode kc_single_image\">\n\n        <a  href=\"http:\/\/www.wsm-schlafsysteme.at\/wp-content\/uploads\/2019\/08\/Unbenannt-1.pdf\" title=\"http:\/\/www.wsm-schlafsysteme.at\/wp-content\/uploads\/2019\/08\/Unbenannt-1.pdf\" target=\"_blank\">\n        <img decoding=\"async\" src=\"https:\/\/www.wsm-schlafsysteme.at\/wp-content\/uploads\/2019\/08\/Farbauswahl-2018-240x300.jpg\" class=\"\" alt=\"\" \/><div class=\"kc-image-overlay\"><i class=\"fa-plus\"><\/i><\/div>    <\/a>\n    \t    <p class=\"scapt\">Farbauswahl<\/p>\n\t    <\/div>\n<\/div><\/div><\/div><\/div><\/section>\n","protected":false},"excerpt":{"rendered":"","protected":false},"author":2,"featured_media":0,"parent":0,"menu_order":0,"comment_status":"closed","ping_status":"closed","template":"","meta":{"footnotes":""},"class_list":["post-1280","page","type-page","status-publish","hentry"],"_links":{"self":[{"href":"https:\/\/www.wsm-schlafsysteme.at\/index.php?rest_route=\/wp\/v2\/pages\/1280","targetHints":{"allow":["GET"]}}],"collection":[{"href":"https:\/\/www.wsm-schlafsysteme.at\/index.php?rest_route=\/wp\/v2\/pages"}],"about":[{"href":"https:\/\/www.wsm-schlafsysteme.at\/index.php?rest_route=\/wp\/v2\/types\/page"}],"author":[{"embeddable":true,"href":"https:\/\/www.wsm-schlafsysteme.at\/index.php?rest_route=\/wp\/v2\/users\/2"}],"replies":[{"embeddable":true,"href":"https:\/\/www.wsm-schlafsysteme.at\/index.php?rest_route=%2Fwp%2Fv2%2Fcomments&post=1280"}],"version-history":[{"count":25,"href":"https:\/\/www.wsm-schlafsysteme.at\/index.php?rest_route=\/wp\/v2\/pages\/1280\/revisions"}],"predecessor-version":[{"id":1309,"href":"https:\/\/www.wsm-schlafsysteme.at\/index.php?rest_route=\/wp\/v2\/pages\/1280\/revisions\/1309"}],"wp:attachment":[{"href":"https:\/\/www.wsm-schlafsysteme.at\/index.php?rest_route=%2Fwp%2Fv2%2Fmedia&parent=1280"}],"curies":[{"name":"wp","href":"https:\/\/api.w.org\/{rel}","templated":true}]}}