{"id":1242,"date":"2019-08-21T14:28:05","date_gmt":"2019-08-21T14:28:05","guid":{"rendered":"http:\/\/wsm.syne.at\/?page_id=1242"},"modified":"2019-08-21T14:39:25","modified_gmt":"2019-08-21T14:39:25","slug":"lyocell-kopfkissen","status":"publish","type":"page","link":"https:\/\/www.wsm-schlafsysteme.at\/?page_id=1242","title":{"rendered":"Lyocell-Kopfkissen"},"content":{"rendered":"\n<h2 class=\"wp-block-heading\">Lyocell Satin<\/h2>\n\n\n\n<p>EXKLUSIVE LYOCELL ANTI ALLERGIE BETTWARENSERIE.\n<\/p>\n\n\n\n<div class=\"wp-block-image\"><figure class=\"alignright is-resized\"><img loading=\"lazy\" decoding=\"async\" src=\"http:\/\/www.wsm-schlafsysteme.at\/wp-content\/uploads\/2019\/08\/kopfkissen-lyocell.jpg\" alt=\"kugelf\u00fcllung kopfkissen lyocell 40x80 70x90 80x90\" class=\"wp-image-1243\" width=\"412\" height=\"307\" srcset=\"https:\/\/www.wsm-schlafsysteme.at\/wp-content\/uploads\/2019\/08\/kopfkissen-lyocell.jpg 755w, https:\/\/www.wsm-schlafsysteme.at\/wp-content\/uploads\/2019\/08\/kopfkissen-lyocell-350x261.jpg 350w, https:\/\/www.wsm-schlafsysteme.at\/wp-content\/uploads\/2019\/08\/kopfkissen-lyocell-300x224.jpg 300w\" sizes=\"auto, (max-width: 412px) 100vw, 412px\" \/><\/figure><\/div>\n\n\n\n<p>Exklusiv versteppte Bettwarenserie mit hochwertigem Oberstoff aus 100% Lyocell\u00ae-Satin in bester, gepr\u00fcfter, \u00f6sterreichischer\n    Qualit\u00e4t. Durch den Einsatz hochwertiger Oberstoffe und Steppvliese ist diese Bettwarenserien besonders f\u00fcr Allergiker geeignet und selbst nach h\u00e4ufigem Waschen noch sch\u00f6n anzusehen.<\/p>\n\n\n\n<p>Lieferbar sind die Kopfkissen in allen g\u00e4ngigen Gr\u00f6\u00dfen sowie in allen Sonderma\u00dfen.<\/p>\n","protected":false},"excerpt":{"rendered":"<p>Lyocell Satin EXKLUSIVE LYOCELL ANTI ALLERGIE BETTWARENSERIE. Exklusiv versteppte Bettwarenserie mit hochwertigem Oberstoff aus 100% Lyocell\u00ae-Satin in bester, gepr\u00fcfter, \u00f6sterreichischer Qualit\u00e4t. Durch den Einsatz hochwertiger Oberstoffe und Steppvliese ist diese Bettwarenserien besonders f\u00fcr Allergiker geeignet und selbst nach h\u00e4ufigem Waschen noch sch\u00f6n anzusehen. Lieferbar sind die Kopfkissen in allen g\u00e4ngigen Gr\u00f6\u00dfen sowie in allen Sonderma\u00dfen.<\/p>\n","protected":false},"author":2,"featured_media":0,"parent":0,"menu_order":0,"comment_status":"closed","ping_status":"closed","template":"","meta":{"footnotes":""},"class_list":["post-1242","page","type-page","status-publish","hentry"],"_links":{"self":[{"href":"https:\/\/www.wsm-schlafsysteme.at\/index.php?rest_route=\/wp\/v2\/pages\/1242","targetHints":{"allow":["GET"]}}],"collection":[{"href":"https:\/\/www.wsm-schlafsysteme.at\/index.php?rest_route=\/wp\/v2\/pages"}],"about":[{"href":"https:\/\/www.wsm-schlafsysteme.at\/index.php?rest_route=\/wp\/v2\/types\/page"}],"author":[{"embeddable":true,"href":"https:\/\/www.wsm-schlafsysteme.at\/index.php?rest_route=\/wp\/v2\/users\/2"}],"replies":[{"embeddable":true,"href":"https:\/\/www.wsm-schlafsysteme.at\/index.php?rest_route=%2Fwp%2Fv2%2Fcomments&post=1242"}],"version-history":[{"count":1,"href":"https:\/\/www.wsm-schlafsysteme.at\/index.php?rest_route=\/wp\/v2\/pages\/1242\/revisions"}],"predecessor-version":[{"id":1244,"href":"https:\/\/www.wsm-schlafsysteme.at\/index.php?rest_route=\/wp\/v2\/pages\/1242\/revisions\/1244"}],"wp:attachment":[{"href":"https:\/\/www.wsm-schlafsysteme.at\/index.php?rest_route=%2Fwp%2Fv2%2Fmedia&parent=1242"}],"curies":[{"name":"wp","href":"https:\/\/api.w.org\/{rel}","templated":true}]}}