{"id":1144,"date":"2019-08-21T13:26:41","date_gmt":"2019-08-21T13:26:41","guid":{"rendered":"http:\/\/wsm.syne.at\/?page_id=1144"},"modified":"2019-08-21T13:42:48","modified_gmt":"2019-08-21T13:42:48","slug":"pillowise-kissen","status":"publish","type":"page","link":"https:\/\/www.wsm-schlafsysteme.at\/?page_id=1144","title":{"rendered":"Pillowise Kissen"},"content":{"rendered":"<p><section class=\"kc-elm kc-css-308340 kc_row\"><div class=\"kc-row-container  kc-container\"><div class=\"kc-wrap-columns\"><div class=\"kc-elm kc-css-963843 kc_col-sm-5 kc_column kc_col-sm-5\"><div class=\"kc-col-container\"><div class=\"kc-elm kc-css-447160 kc_text_block\"><\/p>\n<div id=\"c361\" class=\"content-element clearfix\">\n<div id=\"c361\" class=\"content-element clearfix\">\n<h2><strong>PILLOWISE\u00a9 NACKENKISSEN<\/strong><\/h2>\n<div>Der viscoelastische Schaum garantiert optimale Druckentlastung und passt sich ergonimosch an Kopf und Nacken an.<\/div>\n<div>\u00a0<\/div>\n<div><strong>F\u00fcllmaterial<\/strong><\/div>\n<div>100% Memory-Schaum<\/div>\n<div>\u00a0<\/div>\n<div><strong>Bezug<\/strong><\/div>\n<div>Hochwertiger TENCEL\u00a9-Bezug mit besten Klima Eigenschaften. Bezug abnehmbar und waschbar bis 40\u00b0C.<\/div>\n<div>\u00a0<\/div>\n<div><strong>Gr\u00f6\u00dfe \u00a0 \u00a0 \u00a0 \u00a0\u00a0 55 x 35 cm \u00a0 \u00a0 \u00a0 \u00a0\u00a0 ab 130,-<\/strong><\/div>\n<div>\u00a0<\/div>\n<div><strong>Auch als Reisekissen erh\u00e4tlich<\/strong><\/div>\n<div><strong>Gr\u00f6\u00dfe \u00a0 \u00a0 \u00a0 \u00a0\u00a0 34 x 35 cm \u00a0 \u00a0 \u00a0 \u00a0\u00a0 ab 90,-<\/strong><\/div>\n<\/div>\n<\/div>\n<div id=\"c367\" class=\"content-element clearfix\">\n<div class=\"table-responsive\">\u00a0<\/div>\n<\/div>\n<p>\n<\/div><\/div><\/div><div class=\"kc-elm kc-css-913506 kc_col-of-5 kc_column kc_col-of-5\"><div class=\"kc-col-container\"><div class=\"kc-elm kc-css-171896 kc_shortcode kc_single_image\">\n\n        <img decoding=\"async\" src=\"https:\/\/www.wsm-schlafsysteme.at\/wp-content\/uploads\/2019\/08\/logo_pillowise.png\" class=\"\" alt=\"\" \/>    <\/div>\n<div class=\"kc-elm kc-css-84141\" style=\"height: 90px; clear: both; width:100%;\"><\/div><div class=\"kc-elm kc-css-688526 kc_shortcode kc_single_image\">\n\n        <img decoding=\"async\" src=\"https:\/\/www.wsm-schlafsysteme.at\/wp-content\/uploads\/2019\/08\/abmessung_200x267.jpg\" class=\"\" alt=\"\" \/>    <\/div>\n<\/div><\/div><div class=\"kc-elm kc-css-235885 kc_col-sm-4 kc_column kc_col-sm-4\"><div class=\"kc-col-container\"><div class=\"kc-elm kc-css-37452 kc_shortcode kc_single_image\">\n\n        <img decoding=\"async\" src=\"https:\/\/www.wsm-schlafsysteme.at\/wp-content\/uploads\/2019\/08\/pillowise_stand_1415972871.jpg\" class=\"\" alt=\"\" \/>    <\/div>\n<\/div><\/div><\/div><\/div><\/section><section class=\"kc-elm kc-css-447033 kc_row\"><div class=\"kc-row-container  kc-container\"><div class=\"kc-wrap-columns\"><div class=\"kc-elm kc-css-695053 kc_col-sm-12 kc_column kc_col-sm-12\"><div class=\"kc-col-container\"><div class=\"kc-elm kc-css-608342 kc_text_block\"><\/p>\n<p>Messen hei\u00dft Wissen! Pillowise bietet eine neue perspektive f\u00fcr den pers\u00f6nlichen Schlafkomfort. Mit einer einfachen, aber effektiven Messmethode bestimmen Sie schnell das geeignete Kissen f\u00fcr Ihre inidividuelle K\u00f6rperform.<\/p>\n<p>\n<\/div><\/div><\/div><\/div><\/div><\/section><\/p>\n","protected":false},"excerpt":{"rendered":"","protected":false},"author":2,"featured_media":0,"parent":0,"menu_order":0,"comment_status":"closed","ping_status":"closed","template":"","meta":{"footnotes":""},"class_list":["post-1144","page","type-page","status-publish","hentry"],"_links":{"self":[{"href":"https:\/\/www.wsm-schlafsysteme.at\/index.php?rest_route=\/wp\/v2\/pages\/1144","targetHints":{"allow":["GET"]}}],"collection":[{"href":"https:\/\/www.wsm-schlafsysteme.at\/index.php?rest_route=\/wp\/v2\/pages"}],"about":[{"href":"https:\/\/www.wsm-schlafsysteme.at\/index.php?rest_route=\/wp\/v2\/types\/page"}],"author":[{"embeddable":true,"href":"https:\/\/www.wsm-schlafsysteme.at\/index.php?rest_route=\/wp\/v2\/users\/2"}],"replies":[{"embeddable":true,"href":"https:\/\/www.wsm-schlafsysteme.at\/index.php?rest_route=%2Fwp%2Fv2%2Fcomments&post=1144"}],"version-history":[{"count":40,"href":"https:\/\/www.wsm-schlafsysteme.at\/index.php?rest_route=\/wp\/v2\/pages\/1144\/revisions"}],"predecessor-version":[{"id":1188,"href":"https:\/\/www.wsm-schlafsysteme.at\/index.php?rest_route=\/wp\/v2\/pages\/1144\/revisions\/1188"}],"wp:attachment":[{"href":"https:\/\/www.wsm-schlafsysteme.at\/index.php?rest_route=%2Fwp%2Fv2%2Fmedia&parent=1144"}],"curies":[{"name":"wp","href":"https:\/\/api.w.org\/{rel}","templated":true}]}}