{"id":1139,"date":"2019-08-21T13:16:18","date_gmt":"2019-08-21T13:16:18","guid":{"rendered":"http:\/\/wsm.syne.at\/?page_id=1139"},"modified":"2019-08-21T13:16:18","modified_gmt":"2019-08-21T13:16:18","slug":"bettdecke-2","status":"publish","type":"page","link":"https:\/\/www.wsm-schlafsysteme.at\/?page_id=1139","title":{"rendered":"Bettdecke"},"content":{"rendered":"\n<h2 class=\"wp-block-heading\">Lyocell Satin<\/h2>\n\n\n\n<p>EXKLUSIVE LYOCELL ANTI ALLERGIE BETTWARENSERIE.\n<\/p>\n\n\n\n<div class=\"wp-block-image\"><figure class=\"alignright is-resized\"><img loading=\"lazy\" decoding=\"async\" src=\"http:\/\/www.wsm-schlafsysteme.at\/wp-content\/uploads\/2019\/08\/bettdecke.jpg\" alt=\"bettdecke lycell atmungsaktiv vorhang nachtisch beige kopfkissen winterdecke sommerdecke\" class=\"wp-image-1140\" width=\"380\" height=\"356\" srcset=\"https:\/\/www.wsm-schlafsysteme.at\/wp-content\/uploads\/2019\/08\/bettdecke.jpg 500w, https:\/\/www.wsm-schlafsysteme.at\/wp-content\/uploads\/2019\/08\/bettdecke-350x328.jpg 350w, https:\/\/www.wsm-schlafsysteme.at\/wp-content\/uploads\/2019\/08\/bettdecke-300x281.jpg 300w\" sizes=\"auto, (max-width: 380px) 100vw, 380px\" \/><\/figure><\/div>\n\n\n\n<p>Exklusiv versteppte Bettwarenserie mit hochwertigem Oberstoff aus 100% Lyocell\u00ae-Satin in bester, gepr\u00fcfter, \u00f6sterreichischer\n    Qualit\u00e4t. Durch den Einsatz hochwertiger Oberstoffe und Steppvliese ist diese Bettwarenserien besonders f\u00fcr Allergiker geeignet und selbst nach h\u00e4ufigem Waschen noch sch\u00f6n anzusehen.<\/p>\n\n\n\n<p>Lieferbar sind Sommerdecken, Winterdecken mit K\u00f6rperzonensteppung in allen g\u00e4ngigen Gr\u00f6\u00dfen sowie in allen Sonderma\u00dfen.<\/p>\n","protected":false},"excerpt":{"rendered":"<p>Lyocell Satin EXKLUSIVE LYOCELL ANTI ALLERGIE BETTWARENSERIE. Exklusiv versteppte Bettwarenserie mit hochwertigem Oberstoff aus 100% Lyocell\u00ae-Satin in bester, gepr\u00fcfter, \u00f6sterreichischer Qualit\u00e4t. Durch den Einsatz hochwertiger Oberstoffe und Steppvliese ist diese Bettwarenserien besonders f\u00fcr Allergiker geeignet und selbst nach h\u00e4ufigem Waschen noch sch\u00f6n anzusehen. Lieferbar sind Sommerdecken, Winterdecken mit K\u00f6rperzonensteppung in allen g\u00e4ngigen Gr\u00f6\u00dfen sowie in &hellip; <\/p>\n<p class=\"link-more\"><a href=\"https:\/\/www.wsm-schlafsysteme.at\/?page_id=1139\" class=\"more-link\"><span class=\"screen-reader-text\">\u201eBettdecke\u201c <\/span>weiterlesen<\/a><\/p>\n","protected":false},"author":2,"featured_media":0,"parent":0,"menu_order":0,"comment_status":"closed","ping_status":"closed","template":"","meta":{"footnotes":""},"class_list":["post-1139","page","type-page","status-publish","hentry"],"_links":{"self":[{"href":"https:\/\/www.wsm-schlafsysteme.at\/index.php?rest_route=\/wp\/v2\/pages\/1139","targetHints":{"allow":["GET"]}}],"collection":[{"href":"https:\/\/www.wsm-schlafsysteme.at\/index.php?rest_route=\/wp\/v2\/pages"}],"about":[{"href":"https:\/\/www.wsm-schlafsysteme.at\/index.php?rest_route=\/wp\/v2\/types\/page"}],"author":[{"embeddable":true,"href":"https:\/\/www.wsm-schlafsysteme.at\/index.php?rest_route=\/wp\/v2\/users\/2"}],"replies":[{"embeddable":true,"href":"https:\/\/www.wsm-schlafsysteme.at\/index.php?rest_route=%2Fwp%2Fv2%2Fcomments&post=1139"}],"version-history":[{"count":1,"href":"https:\/\/www.wsm-schlafsysteme.at\/index.php?rest_route=\/wp\/v2\/pages\/1139\/revisions"}],"predecessor-version":[{"id":1141,"href":"https:\/\/www.wsm-schlafsysteme.at\/index.php?rest_route=\/wp\/v2\/pages\/1139\/revisions\/1141"}],"wp:attachment":[{"href":"https:\/\/www.wsm-schlafsysteme.at\/index.php?rest_route=%2Fwp%2Fv2%2Fmedia&parent=1139"}],"curies":[{"name":"wp","href":"https:\/\/api.w.org\/{rel}","templated":true}]}}