{"id":1054,"date":"2019-08-20T17:10:51","date_gmt":"2019-08-20T17:10:51","guid":{"rendered":"http:\/\/wsm.syne.at\/?page_id=1054"},"modified":"2019-08-20T17:10:51","modified_gmt":"2019-08-20T17:10:51","slug":"lattenrost","status":"publish","type":"page","link":"https:\/\/www.wsm-schlafsysteme.at\/?page_id=1054","title":{"rendered":"Lattenrost"},"content":{"rendered":"\n<p>\n\nDer Lattenrost hat sich inzwischen vor allem in Europa durchgesetzt. Konstruktiver Vorteil ist die Verteilung der Elastizit\u00e4tsfunktion auf viele einzelne Leisten. In jedem K\u00f6rperbereich l\u00e4sst sich der Elastizit\u00e4tsgrad einstellen. Der Lattenrostes hat die M\u00f6glichkeit der individuellen Linienunterst\u00fctzung gebracht. Die Leisten erm\u00f6glichen durch ihre rechtwinkelige Anordnung zur Liegelage jeweils spezielle Federverhalten in ihrem Bereich. Der starre Holzlattenrost kann aber nicht alle Besonderheiten der K\u00f6rperform und des -gewichtes auffangen. Heutige High-Tech-Werkstoffe wie Glas- und Karbonfasern haben eine Weiterentwicklung erm\u00f6glicht. Moderne Bettunterfederungen besitzen eine sehr hohe Dichte von Auflagepunkten, die sich dem K\u00f6rper ergonomisch flexibel anpassen und ihn so punktgenau unterst\u00fctzen.\n\n<\/p>\n\n\n\n<div class=\"wp-block-image\"><figure class=\"aligncenter is-resized\"><img loading=\"lazy\" decoding=\"async\" src=\"http:\/\/www.wsm-schlafsysteme.at\/wp-content\/uploads\/2019\/07\/lattenrost-1024x768.jpg\" alt=\"lattenrost tellerrost\" class=\"wp-image-243\" width=\"491\" height=\"368\" srcset=\"https:\/\/www.wsm-schlafsysteme.at\/wp-content\/uploads\/2019\/07\/lattenrost-1024x768.jpg 1024w, https:\/\/www.wsm-schlafsysteme.at\/wp-content\/uploads\/2019\/07\/lattenrost-350x262.jpg 350w, https:\/\/www.wsm-schlafsysteme.at\/wp-content\/uploads\/2019\/07\/lattenrost-300x225.jpg 300w, https:\/\/www.wsm-schlafsysteme.at\/wp-content\/uploads\/2019\/07\/lattenrost-768x576.jpg 768w, https:\/\/www.wsm-schlafsysteme.at\/wp-content\/uploads\/2019\/07\/lattenrost.jpg 1575w\" sizes=\"auto, (max-width: 491px) 100vw, 491px\" \/><figcaption> <em>Der Lattenrost verteilt die Elastizit\u00e4tsfunktion auf viele einzelne Leisten.<\/em> <\/figcaption><\/figure><\/div>\n\n\n\n<p>\n\nUm entspannende Sonderlagerungen zu erm\u00f6glichen, wurde aufgrund von Erfahrungen mit der Behandlung von kranken Menschen die Aufteilung des Lattenrostes in bewegliche Segmente (R\u00fccken-, Unterschenkel-, Oberschenkelbereich) entwickelt. In den Anfangsjahren waren diese Segmente nur manuell mit K\u00f6rperkraft verstellbar. Heute sind immer mehr Lattenroste mit einem oder mehreren elektromotorischen Antrieben ausgestattet.\n\n<\/p>\n","protected":false},"excerpt":{"rendered":"<p>Der Lattenrost hat sich inzwischen vor allem in Europa durchgesetzt. Konstruktiver Vorteil ist die Verteilung der Elastizit\u00e4tsfunktion auf viele einzelne Leisten. In jedem K\u00f6rperbereich l\u00e4sst sich der Elastizit\u00e4tsgrad einstellen. Der Lattenrostes hat die M\u00f6glichkeit der individuellen Linienunterst\u00fctzung gebracht. Die Leisten erm\u00f6glichen durch ihre rechtwinkelige Anordnung zur Liegelage jeweils spezielle Federverhalten in ihrem Bereich. Der starre &hellip; <\/p>\n<p class=\"link-more\"><a href=\"https:\/\/www.wsm-schlafsysteme.at\/?page_id=1054\" class=\"more-link\"><span class=\"screen-reader-text\">\u201eLattenrost\u201c <\/span>weiterlesen<\/a><\/p>\n","protected":false},"author":2,"featured_media":0,"parent":0,"menu_order":0,"comment_status":"closed","ping_status":"closed","template":"","meta":{"footnotes":""},"class_list":["post-1054","page","type-page","status-publish","hentry"],"_links":{"self":[{"href":"https:\/\/www.wsm-schlafsysteme.at\/index.php?rest_route=\/wp\/v2\/pages\/1054","targetHints":{"allow":["GET"]}}],"collection":[{"href":"https:\/\/www.wsm-schlafsysteme.at\/index.php?rest_route=\/wp\/v2\/pages"}],"about":[{"href":"https:\/\/www.wsm-schlafsysteme.at\/index.php?rest_route=\/wp\/v2\/types\/page"}],"author":[{"embeddable":true,"href":"https:\/\/www.wsm-schlafsysteme.at\/index.php?rest_route=\/wp\/v2\/users\/2"}],"replies":[{"embeddable":true,"href":"https:\/\/www.wsm-schlafsysteme.at\/index.php?rest_route=%2Fwp%2Fv2%2Fcomments&post=1054"}],"version-history":[{"count":2,"href":"https:\/\/www.wsm-schlafsysteme.at\/index.php?rest_route=\/wp\/v2\/pages\/1054\/revisions"}],"predecessor-version":[{"id":1056,"href":"https:\/\/www.wsm-schlafsysteme.at\/index.php?rest_route=\/wp\/v2\/pages\/1054\/revisions\/1056"}],"wp:attachment":[{"href":"https:\/\/www.wsm-schlafsysteme.at\/index.php?rest_route=%2Fwp%2Fv2%2Fmedia&parent=1054"}],"curies":[{"name":"wp","href":"https:\/\/api.w.org\/{rel}","templated":true}]}}