{"id":1042,"date":"2019-08-20T17:04:31","date_gmt":"2019-08-20T17:04:31","guid":{"rendered":"http:\/\/wsm.syne.at\/?page_id=1042"},"modified":"2019-08-20T17:06:44","modified_gmt":"2019-08-20T17:06:44","slug":"tonnentaschen-federkernmatratzen","status":"publish","type":"page","link":"https:\/\/www.wsm-schlafsysteme.at\/?page_id=1042","title":{"rendered":"Tonnentaschen-Federkernmatratzen"},"content":{"rendered":"\n<div class=\"wp-block-image\"><figure class=\"alignright is-resized\"><img loading=\"lazy\" decoding=\"async\" src=\"http:\/\/www.wsm-schlafsysteme.at\/wp-content\/uploads\/2019\/07\/tonnentaschenfederkern-matratze-1024x768.jpg\" alt=\"\" class=\"wp-image-246\" width=\"449\" height=\"337\" srcset=\"https:\/\/www.wsm-schlafsysteme.at\/wp-content\/uploads\/2019\/07\/tonnentaschenfederkern-matratze-1024x768.jpg 1024w, https:\/\/www.wsm-schlafsysteme.at\/wp-content\/uploads\/2019\/07\/tonnentaschenfederkern-matratze-350x263.jpg 350w, https:\/\/www.wsm-schlafsysteme.at\/wp-content\/uploads\/2019\/07\/tonnentaschenfederkern-matratze-300x225.jpg 300w, https:\/\/www.wsm-schlafsysteme.at\/wp-content\/uploads\/2019\/07\/tonnentaschenfederkern-matratze-768x576.jpg 768w, https:\/\/www.wsm-schlafsysteme.at\/wp-content\/uploads\/2019\/07\/tonnentaschenfederkern-matratze.jpg 1800w\" sizes=\"auto, (max-width: 449px) 100vw, 449px\" \/><figcaption> <em>Die Stahlfedern einer Federmatratze werden in einzelne Stoffs\u00e4ckchen eingen\u00e4ht.<\/em> <\/figcaption><\/figure><\/div>\n\n\n\n<p>\n\nBei Tonnentaschenfederkernmatratzen handelt es sich um eine Federmatratze, bei der die Stahlfedern in einzelne Stoffs\u00e4ckchen gen\u00e4ht sind. Die Feder hat eine Progressive Festigkeit, da der obere und der untere Federring kleiner im Durchmesser ist, und zur Mitte hin dicker wird. Die Federn werden nur am mittleren Ring miteinander verbunden, so kann jede Feder einzeln federn. Hierbei sollte man besonders auf die Anzahl der Federn und die orthop\u00e4dische Ausarbeitung achten. Beste Modelle sind mit MINI-TTF-Federn ausger\u00fcstet, d.h. die Federn sind weit kleiner und enger gestellt (fast doppelte Federnanzahl) bis \u00fcber 1000 Federn pro Matratze. Dies wirkt sich hervorragend auf die Punktelastizit\u00e4t und Anschmiegsamkeit der Matratze aus. Bei Matratzen mit doppeltem Federaufbau werden im oberen Bereich kleinere Federn verwendet, die auf den darunterliegenden Gro\u00dfen Federn Abst\u00fctzung finden. So bekommt die Matratze eine tolle Federeffekt und sehr gute Punktelastizit\u00e4t.\n\n<\/p>\n\n\n\n<div class=\"wp-block-image\"><figure class=\"aligncenter is-resized\"><img loading=\"lazy\" decoding=\"async\" src=\"http:\/\/www.wsm-schlafsysteme.at\/wp-content\/uploads\/2019\/08\/federkernmatratze-triumph-502597400-2.jpg\" alt=\"\" class=\"wp-image-1047\" width=\"348\" height=\"223\" srcset=\"https:\/\/www.wsm-schlafsysteme.at\/wp-content\/uploads\/2019\/08\/federkernmatratze-triumph-502597400-2.jpg 750w, https:\/\/www.wsm-schlafsysteme.at\/wp-content\/uploads\/2019\/08\/federkernmatratze-triumph-502597400-2-350x224.jpg 350w, https:\/\/www.wsm-schlafsysteme.at\/wp-content\/uploads\/2019\/08\/federkernmatratze-triumph-502597400-2-300x192.jpg 300w\" sizes=\"auto, (max-width: 348px) 100vw, 348px\" \/><\/figure><\/div>\n\n\n\n<p>Gleichzeitig ist nat\u00fcrlich die Qualit\u00e4t der Abdeckung (Materialien, die auf die Federn gelegt werden) entscheidend. In der Regel handelt es sich um Sch\u00e4ume. Hier gilt: je h\u00f6her das Raumgewicht (RG), umso hochwertiger die Matratze. Wichtig ist aber auch die Dicke dieser Auflagen: je h\u00f6her (angeboten werden ab 2 cm Plattenst\u00e4rke) diese Sch\u00e4ume, umso luxuri\u00f6ser und anschmiegsamer wird die Matratze.<\/p>\n\n\n\n<p><strong>Vorteile:<\/strong><\/p>\n\n\n\n<ul class=\"wp-block-list\"><li>sehr Robuste Matratze<\/li><li>auch f\u00fcr schwere Personen geeignet<\/li><li>hervorragende Punktelastizit\u00e4t<\/li><li>sehr gutes Federungsverhalten bei Liegever\u00e4nderung<\/li><\/ul>\n","protected":false},"excerpt":{"rendered":"<p>Bei Tonnentaschenfederkernmatratzen handelt es sich um eine Federmatratze, bei der die Stahlfedern in einzelne Stoffs\u00e4ckchen gen\u00e4ht sind. Die Feder hat eine Progressive Festigkeit, da der obere und der untere Federring kleiner im Durchmesser ist, und zur Mitte hin dicker wird. Die Federn werden nur am mittleren Ring miteinander verbunden, so kann jede Feder einzeln federn. &hellip; <\/p>\n<p class=\"link-more\"><a href=\"https:\/\/www.wsm-schlafsysteme.at\/?page_id=1042\" class=\"more-link\"><span class=\"screen-reader-text\">\u201eTonnentaschen-Federkernmatratzen\u201c <\/span>weiterlesen<\/a><\/p>\n","protected":false},"author":2,"featured_media":0,"parent":0,"menu_order":0,"comment_status":"closed","ping_status":"closed","template":"","meta":{"footnotes":""},"class_list":["post-1042","page","type-page","status-publish","hentry"],"_links":{"self":[{"href":"https:\/\/www.wsm-schlafsysteme.at\/index.php?rest_route=\/wp\/v2\/pages\/1042","targetHints":{"allow":["GET"]}}],"collection":[{"href":"https:\/\/www.wsm-schlafsysteme.at\/index.php?rest_route=\/wp\/v2\/pages"}],"about":[{"href":"https:\/\/www.wsm-schlafsysteme.at\/index.php?rest_route=\/wp\/v2\/types\/page"}],"author":[{"embeddable":true,"href":"https:\/\/www.wsm-schlafsysteme.at\/index.php?rest_route=\/wp\/v2\/users\/2"}],"replies":[{"embeddable":true,"href":"https:\/\/www.wsm-schlafsysteme.at\/index.php?rest_route=%2Fwp%2Fv2%2Fcomments&post=1042"}],"version-history":[{"count":3,"href":"https:\/\/www.wsm-schlafsysteme.at\/index.php?rest_route=\/wp\/v2\/pages\/1042\/revisions"}],"predecessor-version":[{"id":1048,"href":"https:\/\/www.wsm-schlafsysteme.at\/index.php?rest_route=\/wp\/v2\/pages\/1042\/revisions\/1048"}],"wp:attachment":[{"href":"https:\/\/www.wsm-schlafsysteme.at\/index.php?rest_route=%2Fwp%2Fv2%2Fmedia&parent=1042"}],"curies":[{"name":"wp","href":"https:\/\/api.w.org\/{rel}","templated":true}]}}