{"id":1039,"date":"2019-08-20T17:02:40","date_gmt":"2019-08-20T17:02:40","guid":{"rendered":"http:\/\/wsm.syne.at\/?page_id=1039"},"modified":"2019-08-20T17:02:41","modified_gmt":"2019-08-20T17:02:41","slug":"kaltschaummatratzen","status":"publish","type":"page","link":"https:\/\/www.wsm-schlafsysteme.at\/?page_id=1039","title":{"rendered":"Kaltschaummatratzen"},"content":{"rendered":"\n<div class=\"wp-block-image\"><figure class=\"alignright is-resized\"><img loading=\"lazy\" decoding=\"async\" src=\"http:\/\/www.wsm-schlafsysteme.at\/wp-content\/uploads\/2019\/07\/kaltschaummatratze-13478791.jpg\" alt=\"kaltschaummatratze\" class=\"wp-image-249\" width=\"338\" height=\"338\" srcset=\"https:\/\/www.wsm-schlafsysteme.at\/wp-content\/uploads\/2019\/07\/kaltschaummatratze-13478791.jpg 500w, https:\/\/www.wsm-schlafsysteme.at\/wp-content\/uploads\/2019\/07\/kaltschaummatratze-13478791-250x250.jpg 250w, https:\/\/www.wsm-schlafsysteme.at\/wp-content\/uploads\/2019\/07\/kaltschaummatratze-13478791-100x100.jpg 100w, https:\/\/www.wsm-schlafsysteme.at\/wp-content\/uploads\/2019\/07\/kaltschaummatratze-13478791-350x350.jpg 350w, https:\/\/www.wsm-schlafsysteme.at\/wp-content\/uploads\/2019\/07\/kaltschaummatratze-13478791-150x150.jpg 150w, https:\/\/www.wsm-schlafsysteme.at\/wp-content\/uploads\/2019\/07\/kaltschaummatratze-13478791-300x300.jpg 300w\" sizes=\"auto, (max-width: 338px) 100vw, 338px\" \/><\/figure><\/div>\n\n\n\n<p style=\"text-align:left\">\n\nSchaummatratzen galten lange als Billigware mit schlechter Haltbarkeit. Dies hat sich in den letzten Jahren durch Neuentwicklungen grundlegend ge\u00e4ndert. Schaumstoffmatratzen bestehen heute meist aus einem PUR-Kaltschaum\/Visco-Matratzenkern. Dessen Qualit\u00e4ten und Eigenschaften h\u00e4ngen u.a. vom Raumgewicht (RG), der Stauchh\u00e4rte, der Art der Herstellung und der eingearbeiteten Profile ab. F\u00fcr eine optimale Lebensdauer und geringstm\u00f6glichen Verschlei\u00df sollte eine Kaltschaummatratze etwa alle 1 bis 2 Monate gedreht und gewendet werden. 7-Zonen-Kaltschaummatratzen sind symmetrisch aufgebaut, man kann die Matratze nicht verkehrtherum ins Bett legen.\n\n<\/p>\n\n\n\n<p><strong>Vorteile:<\/strong><\/p>\n\n\n\n<ul class=\"wp-block-list\"><li>sehr gute Anpassungsf\u00e4higkeit an K\u00f6rperkonturen und Lattenroste<\/li><li>absolute Ger\u00e4uschfreiheit<\/li><li>hervorragende Punktelastizit\u00e4t<\/li><li>sehr gutes Federungsverhalten bei Positionsver\u00e4nderung<\/li><li>lange Lebensdauer (abh\u00e4ngig vom Raumgewicht)<\/li><\/ul>\n","protected":false},"excerpt":{"rendered":"<p>Schaummatratzen galten lange als Billigware mit schlechter Haltbarkeit. Dies hat sich in den letzten Jahren durch Neuentwicklungen grundlegend ge\u00e4ndert. Schaumstoffmatratzen bestehen heute meist aus einem PUR-Kaltschaum\/Visco-Matratzenkern. Dessen Qualit\u00e4ten und Eigenschaften h\u00e4ngen u.a. vom Raumgewicht (RG), der Stauchh\u00e4rte, der Art der Herstellung und der eingearbeiteten Profile ab. F\u00fcr eine optimale Lebensdauer und geringstm\u00f6glichen Verschlei\u00df sollte eine &hellip; <\/p>\n<p class=\"link-more\"><a href=\"https:\/\/www.wsm-schlafsysteme.at\/?page_id=1039\" class=\"more-link\"><span class=\"screen-reader-text\">\u201eKaltschaummatratzen\u201c <\/span>weiterlesen<\/a><\/p>\n","protected":false},"author":2,"featured_media":0,"parent":0,"menu_order":0,"comment_status":"closed","ping_status":"closed","template":"","meta":{"footnotes":""},"class_list":["post-1039","page","type-page","status-publish","hentry"],"_links":{"self":[{"href":"https:\/\/www.wsm-schlafsysteme.at\/index.php?rest_route=\/wp\/v2\/pages\/1039","targetHints":{"allow":["GET"]}}],"collection":[{"href":"https:\/\/www.wsm-schlafsysteme.at\/index.php?rest_route=\/wp\/v2\/pages"}],"about":[{"href":"https:\/\/www.wsm-schlafsysteme.at\/index.php?rest_route=\/wp\/v2\/types\/page"}],"author":[{"embeddable":true,"href":"https:\/\/www.wsm-schlafsysteme.at\/index.php?rest_route=\/wp\/v2\/users\/2"}],"replies":[{"embeddable":true,"href":"https:\/\/www.wsm-schlafsysteme.at\/index.php?rest_route=%2Fwp%2Fv2%2Fcomments&post=1039"}],"version-history":[{"count":2,"href":"https:\/\/www.wsm-schlafsysteme.at\/index.php?rest_route=\/wp\/v2\/pages\/1039\/revisions"}],"predecessor-version":[{"id":1041,"href":"https:\/\/www.wsm-schlafsysteme.at\/index.php?rest_route=\/wp\/v2\/pages\/1039\/revisions\/1041"}],"wp:attachment":[{"href":"https:\/\/www.wsm-schlafsysteme.at\/index.php?rest_route=%2Fwp%2Fv2%2Fmedia&parent=1039"}],"curies":[{"name":"wp","href":"https:\/\/api.w.org\/{rel}","templated":true}]}}